{"id":17084,"date":"2022-05-05T10:11:34","date_gmt":"2022-05-05T08:11:34","guid":{"rendered":"https:\/\/ak47.nu\/produkt\/heckler-koch-g36-c-aeg-soft-air-gun-6mm\/"},"modified":"2025-12-03T12:50:14","modified_gmt":"2025-12-03T11:50:14","slug":"heckler-koch-g36-c-aeg-soft-air-gun-6mm","status":"publish","type":"product","link":"http:\/\/ak47.nu\/de\/produkt\/airsoft\/el-drivna\/automatkarbiner\/heckler-koch-g36-c-aeg-soft-air-gun-6mm\/","title":{"rendered":"Heckler &amp; Koch G36 C AEG \/ soft-air gun 6mm"},"content":{"rendered":"<p>Heckler &amp; Koch G36 C, eldrivet gev\u00e4r<br \/>En mycket detaljerad kopia av den legendariska H&amp;K G36C som anv\u00e4nds av m\u00e5nga special styrkor v\u00e4lden runt. Eftersom den \u00e4r el driven kan du v\u00e4lja mellan att skjuta enkelskott eller automateld. Magasinet rymmer 48st 6mm kulor. G36 C har en utg\u00e5ngshastighet p\u00e5 70m\/s.R\u00f6dpunktssikte, vertikalt grepp,batteri, laddare samt pipkompensator ing\u00e5r.<\/p>\n<p>Specifikationer<br \/>Slide: Komposit<br \/>Reciever: Komposit<br \/>Konstruktion: Komposit<br \/>Totall\u00e4ngd: 730 mm<br \/>Vikt: 1755 g<br \/>Riktmedel: Fast<br \/>Kaliber: 6 BB mm<br \/>Kulvikt: 0,20 g<br \/>Drivning: El<br \/>Anslagsenergi: 0,5 J<br \/>Utg\u00e5ngshastighet 0,12g: 90 m\/s<br \/>Utg\u00e5ngshastighet 0,20g: 70 m\/s<br \/>Magasinkapacitet: 48 skott<br \/>Extra magasin ing\u00e5r: Nej<br \/>Batteri och laddare ing\u00e5r: Ja<\/p>","protected":false},"excerpt":{"rendered":"<p>K\u00f6p HECKLER &amp; KOCH G36 C AEG \/ soft-air gun 6mm &#8211; En h\u00f6gkvalitativ och p\u00e5litlig soft-air gun fr\u00e5n HECKLER &amp; KOCH. Perfekt f\u00f6r airsoft-entusiaster. Best\u00e4ll nu f\u00f6r en fantastisk spelupplevelse!<\/p>","protected":false},"featured_media":17083,"template":"","meta":[],"product_brand":[],"product_cat":[400],"product_tag":[],"class_list":{"0":"post-17084","1":"product","2":"type-product","3":"status-publish","4":"has-post-thumbnail","6":"product_cat-automatkarbiner","7":"pa_brand-umarex","8":"pa_farg-svart","10":"first","11":"outofstock","12":"taxable","13":"shipping-taxable","14":"purchasable","15":"product-type-simple"},"_links":{"self":[{"href":"http:\/\/ak47.nu\/de\/wp-json\/wp\/v2\/product\/17084","targetHints":{"allow":["GET"]}}],"collection":[{"href":"http:\/\/ak47.nu\/de\/wp-json\/wp\/v2\/product"}],"about":[{"href":"http:\/\/ak47.nu\/de\/wp-json\/wp\/v2\/types\/product"}],"wp:featuredmedia":[{"embeddable":true,"href":"http:\/\/ak47.nu\/de\/wp-json\/wp\/v2\/media\/17083"}],"wp:attachment":[{"href":"http:\/\/ak47.nu\/de\/wp-json\/wp\/v2\/media?parent=17084"}],"wp:term":[{"taxonomy":"product_brand","embeddable":true,"href":"http:\/\/ak47.nu\/de\/wp-json\/wp\/v2\/product_brand?post=17084"},{"taxonomy":"product_cat","embeddable":true,"href":"http:\/\/ak47.nu\/de\/wp-json\/wp\/v2\/product_cat?post=17084"},{"taxonomy":"product_tag","embeddable":true,"href":"http:\/\/ak47.nu\/de\/wp-json\/wp\/v2\/product_tag?post=17084"}],"curies":[{"name":"wp","href":"https:\/\/api.w.org\/{rel}","templated":true}]}}