{"id":17091,"date":"2022-05-05T10:11:46","date_gmt":"2022-05-05T08:11:46","guid":{"rendered":"https:\/\/ak47.nu\/produkt\/airsoft-fn-scar-aeg-svart-500bb-polybag-green-clear\/"},"modified":"2025-12-03T20:09:18","modified_gmt":"2025-12-03T19:09:18","slug":"airsoft-fn-scar-aeg-svart-500bb-polybag-green-clear","status":"publish","type":"product","link":"http:\/\/ak47.nu\/de\/produkt\/airsoft\/el-drivna\/automatkarbiner\/airsoft-fn-scar-aeg-svart-500bb-polybag-green-clear\/","title":{"rendered":"airsoft FN Scar AEG (svart) + 500bb polybag (Green Clear)"},"content":{"rendered":"<p>FN Scar AEG (svart) + 500BB polybag (Green Clear)<\/p>\n<p>instegsmodel av eldrivet airsoft gev\u00e4r.<br \/>Budget men fruktansv\u00e4rt roligt f\u00f6r l\u00e5g peng.<\/p>\n<p>laddar och batteri ing\u00e5r samt 500 kulor.<\/p>\n<p>Drivning: El<br \/>Kaliber: 6mm<br \/>Utg\u00e5ngshastighet: 73m\/s<br \/>Vikt: 1080g<br \/>Totall\u00e4ngd: 625mm<br \/>Magasinkapacitet: 200st kulor<br \/>Kilsp\u00e5r: Weaver\/Picatinny<br \/>Konstruktion: Komposit<br \/>Eldalternativ: Full Auto, Semi<\/p>","protected":false},"excerpt":{"rendered":"<p>FN Scar AEG (svart) + 500BB polybag (Green Clear) instegsmodel av eldrivet airsoft gev\u00e4r.Budget men fruktansv\u00e4rt roligt f\u00f6r l\u00e5g peng. laddar och batteri ing\u00e5r samt 500 kulor. Drivning: ElKaliber: 6mmUtg\u00e5ngshastighet: 73m\/sVikt: 1080gTotall\u00e4ngd: 625mmMagasinkapacitet: 200st kulorKilsp\u00e5r: Weaver\/PicatinnyKonstruktion: KompositEldalternativ: Full Auto, Semi<\/p>","protected":false},"featured_media":17088,"template":"","meta":[],"product_brand":[],"product_cat":[400],"product_tag":[],"class_list":{"0":"post-17091","1":"product","2":"type-product","3":"status-publish","4":"has-post-thumbnail","6":"product_cat-automatkarbiner","7":"pa_brand-fn-herstal","8":"pa_farg-svart","10":"first","11":"outofstock","12":"taxable","13":"shipping-taxable","14":"purchasable","15":"product-type-simple"},"_links":{"self":[{"href":"http:\/\/ak47.nu\/de\/wp-json\/wp\/v2\/product\/17091","targetHints":{"allow":["GET"]}}],"collection":[{"href":"http:\/\/ak47.nu\/de\/wp-json\/wp\/v2\/product"}],"about":[{"href":"http:\/\/ak47.nu\/de\/wp-json\/wp\/v2\/types\/product"}],"wp:featuredmedia":[{"embeddable":true,"href":"http:\/\/ak47.nu\/de\/wp-json\/wp\/v2\/media\/17088"}],"wp:attachment":[{"href":"http:\/\/ak47.nu\/de\/wp-json\/wp\/v2\/media?parent=17091"}],"wp:term":[{"taxonomy":"product_brand","embeddable":true,"href":"http:\/\/ak47.nu\/de\/wp-json\/wp\/v2\/product_brand?post=17091"},{"taxonomy":"product_cat","embeddable":true,"href":"http:\/\/ak47.nu\/de\/wp-json\/wp\/v2\/product_cat?post=17091"},{"taxonomy":"product_tag","embeddable":true,"href":"http:\/\/ak47.nu\/de\/wp-json\/wp\/v2\/product_tag?post=17091"}],"curies":[{"name":"wp","href":"https:\/\/api.w.org\/{rel}","templated":true}]}}