{"id":17180,"date":"2022-05-05T10:13:10","date_gmt":"2022-05-05T08:13:10","guid":{"rendered":"https:\/\/ak47.nu\/produkt\/airsoft-replica-of-ak74u-tra-och-metall-6mm-allt-inkl-fallbar-stock\/"},"modified":"2025-12-03T20:20:39","modified_gmt":"2025-12-03T19:20:39","slug":"ak74u-airsoft-replika-holz-metall-klappbar","status":"publish","type":"product","link":"http:\/\/ak47.nu\/de\/produkt\/airsoft\/el-drivna\/automatkarbiner\/ak74u-airsoft-replika-holz-metall-klappbar\/","title":{"rendered":"AK74U Airsoft Replika - Holz & Metall | KALASHNIKOV"},"content":{"rendered":"<h1>AK74U Airsoft Replika - Holz und Metall - 6mm - alles inkl. - Klappbarer Schaft<\/h1>\n<h2>Authentische, hochwertige AK74U Airsoft Replika<\/h2>\n<p>Diese AK74U Airsoft-Replika repr\u00e4sentiert eine extrem hohe Qualit\u00e4t, inspiriert vom russischen Fallschirmj\u00e4ger-Modell. Die Replika besteht \u00fcberwiegend aus Metall, w\u00e4hrend der vordere Griff aus echtem Holz gefertigt ist, was ein realistisches Gef\u00fchl und Aussehen vermittelt.  Angetrieben durch Elektrizit\u00e4t (8,4 V 1100 mAh Akku im Lieferumfang enthalten), was eine zuverl\u00e4ssige und konstante Leistung auf dem Airsoft-Feld gew\u00e4hrleistet. <a href=\"https:\/\/ak47.nu\/de\/\">Erleben Sie den Nervenkitzel mit dieser hochwertigen Airsoft-Replika!<\/a><\/p>\n<h3>Eigenschaften<\/h3>\n<ul>\n    <li>Gewicht: 2950 Gramm<\/li>\n    <li>L\u00e4nge (eingeklappt): 495mm<\/li>\n    <li>L\u00e4nge (ausgeklappt): 730mm<\/li>\n    <li>Munition: 6mm<\/li>\n    <li>Antrieb: Elektrisch 8,4V 1100mah (enthalten)<\/li>\n    <li>Feuermodi: Semi, Sicher und Vollautomatik<\/li>\n    <li>Leistung: 1,4 Joule, 117m\/s, 750 U\/min<\/li>\n    <li>Magazin: 430 Kugeln<\/li>\n    <li>Einstellbares Visier in zwei Positionen<\/li>\n    <li>Hop-Up f\u00fcr erh\u00f6hte Pr\u00e4zision<\/li>\n    <li>Materialien: Metall, Holz und Polymer<\/li>\n<\/ul>\n<p>Diese Airsoft-Replika kombiniert authentisches Design mit modernen Funktionen und ist somit eine ausgezeichnete Wahl sowohl f\u00fcr Sammler als auch f\u00fcr Airsoft-Enthusiasten. <a href=\"https:\/\/ak47.nu\/de\/airsoft\/\">Entdecken Sie unser Sortiment an Airsoftgewehren<\/a>, um die perfekte Waffe f\u00fcr Ihre Bed\u00fcrfnisse zu finden.  Mit einstellbarem Visier und Hop-Up k\u00f6nnen Sie Ihre Sch\u00fcsse f\u00fcr maximale Pr\u00e4zision und Reichweite anpassen. <a href=\"https:\/\/ak47.nu\/de\/butik\/\">Schauen Sie sich unser anderes Airsoft-Zubeh\u00f6r an!<\/a><\/p>","protected":false},"excerpt":{"rendered":"<p>K\u00f6p en h\u00f6gkvalitativ airsoft-replika av AK74U i tr\u00e4 och metall med 6mm kulor. Inkluderar allt du beh\u00f6ver och har en f\u00e4llbar kolv. Perfekt f\u00f6r airsoft-entusiaster.<\/p>","protected":false},"featured_media":17174,"template":"","meta":[],"product_brand":[],"product_cat":[400],"product_tag":[],"class_list":{"0":"post-17180","1":"product","2":"type-product","3":"status-publish","4":"has-post-thumbnail","6":"product_cat-automatkarbiner","7":"pa_brand-kalashnikov","9":"first","10":"outofstock","11":"taxable","12":"shipping-taxable","13":"purchasable","14":"product-type-simple"},"_links":{"self":[{"href":"http:\/\/ak47.nu\/de\/wp-json\/wp\/v2\/product\/17180","targetHints":{"allow":["GET"]}}],"collection":[{"href":"http:\/\/ak47.nu\/de\/wp-json\/wp\/v2\/product"}],"about":[{"href":"http:\/\/ak47.nu\/de\/wp-json\/wp\/v2\/types\/product"}],"wp:featuredmedia":[{"embeddable":true,"href":"http:\/\/ak47.nu\/de\/wp-json\/wp\/v2\/media\/17174"}],"wp:attachment":[{"href":"http:\/\/ak47.nu\/de\/wp-json\/wp\/v2\/media?parent=17180"}],"wp:term":[{"taxonomy":"product_brand","embeddable":true,"href":"http:\/\/ak47.nu\/de\/wp-json\/wp\/v2\/product_brand?post=17180"},{"taxonomy":"product_cat","embeddable":true,"href":"http:\/\/ak47.nu\/de\/wp-json\/wp\/v2\/product_cat?post=17180"},{"taxonomy":"product_tag","embeddable":true,"href":"http:\/\/ak47.nu\/de\/wp-json\/wp\/v2\/product_tag?post=17180"}],"curies":[{"name":"wp","href":"https:\/\/api.w.org\/{rel}","templated":true}]}}