{"id":17232,"date":"2022-05-05T10:13:38","date_gmt":"2022-05-05T08:13:38","guid":{"rendered":"https:\/\/ak47.nu\/produkt\/airsoft-fn-scar-aeg-tan-abs\/"},"modified":"2025-12-03T20:23:03","modified_gmt":"2025-12-03T19:23:03","slug":"airsoft-fn-scar-aeg-tan-abs","status":"publish","type":"product","link":"http:\/\/ak47.nu\/de\/produkt\/airsoft\/el-drivna\/automatkarbiner\/airsoft-fn-scar-aeg-tan-abs\/","title":{"rendered":"Airsoft FN SCAR AEG (Tan) ABS"},"content":{"rendered":"<p><strong>FN SCAR AEG (Tan) ABS med Batteri &amp; Laddare inkluderat<\/strong><\/p>\n<table style=\"margin-right: calc(30%);width: 70%\">\n<tbody>\n<tr>\n<td style=\"width: 56.1539%\">Drivning<\/td>\n<td style=\"width: 43.4075%\">El<\/td>\n<\/tr>\n<tr>\n<td style=\"width: 56.1539%\">Kaliber<\/td>\n<td style=\"width: 43.4075%\">6 mm<\/td>\n<\/tr>\n<tr>\n<td style=\"width: 56.1539%\">Utg&aring;ngshastighet<\/td>\n<td style=\"width: 43.4075%\">374 FPS \/ 114m\/s with 0.2 BB&#039;s<\/td>\n<\/tr>\n<tr>\n<td style=\"width: 56.1539%\">Vikt<\/td>\n<td style=\"width: 43.4075%\">2080g<\/td>\n<\/tr>\n<tr>\n<td style=\"width: 56.1539%\">Totall&auml;ngd<\/td>\n<td style=\"width: 43.4075%\">79,7 cm<\/td>\n<\/tr>\n<tr>\n<td style=\"width: 56.1539%\">Magasinkapacitet<\/td>\n<td style=\"width: 43.4075%\">450st kulor<\/td>\n<\/tr>\n<tr>\n<td style=\"width: 56.1539%\">Material<\/td>\n<td style=\"width: 43.4075%\">Metal &amp; ABS<\/td>\n<\/tr>\n<tr>\n<td style=\"width: 56.1539%\">Energi<\/td>\n<td style=\"width: 43.4075%\">1,3 J<\/td>\n<\/tr>\n<tr>\n<td style=\"width: 56.1539%\">Eldalternativ<\/td>\n<td style=\"width: 43.4075%\">AEG | Safety : YES<\/td>\n<\/tr>\n<\/tbody>\n<\/table>\n<p><\/p>","protected":false},"excerpt":{"rendered":"<p>K\u00f6p Airsoft FN SCAR AEG (Tan) ABS &#8211; H\u00f6gkvalitativt luftvapen f\u00f6r spel och tr\u00e4ning. Perfekt f\u00f6r airsoft-entusiaster. Snabb och s\u00e4ker leverans. Best\u00e4ll nu!<\/p>","protected":false},"featured_media":17223,"template":"","meta":[],"product_brand":[],"product_cat":[400],"product_tag":[],"class_list":{"0":"post-17232","1":"product","2":"type-product","3":"status-publish","4":"has-post-thumbnail","6":"product_cat-automatkarbiner","7":"pa_brand-fn-herstal","9":"first","10":"outofstock","11":"taxable","12":"shipping-taxable","13":"purchasable","14":"product-type-simple"},"_links":{"self":[{"href":"http:\/\/ak47.nu\/de\/wp-json\/wp\/v2\/product\/17232","targetHints":{"allow":["GET"]}}],"collection":[{"href":"http:\/\/ak47.nu\/de\/wp-json\/wp\/v2\/product"}],"about":[{"href":"http:\/\/ak47.nu\/de\/wp-json\/wp\/v2\/types\/product"}],"wp:featuredmedia":[{"embeddable":true,"href":"http:\/\/ak47.nu\/de\/wp-json\/wp\/v2\/media\/17223"}],"wp:attachment":[{"href":"http:\/\/ak47.nu\/de\/wp-json\/wp\/v2\/media?parent=17232"}],"wp:term":[{"taxonomy":"product_brand","embeddable":true,"href":"http:\/\/ak47.nu\/de\/wp-json\/wp\/v2\/product_brand?post=17232"},{"taxonomy":"product_cat","embeddable":true,"href":"http:\/\/ak47.nu\/de\/wp-json\/wp\/v2\/product_cat?post=17232"},{"taxonomy":"product_tag","embeddable":true,"href":"http:\/\/ak47.nu\/de\/wp-json\/wp\/v2\/product_tag?post=17232"}],"curies":[{"name":"wp","href":"https:\/\/api.w.org\/{rel}","templated":true}]}}