{"id":17372,"date":"2022-05-05T10:18:35","date_gmt":"2022-05-05T08:18:35","guid":{"rendered":"https:\/\/ak47.nu\/produkt\/agm-mg-42-maschinengewehr-42-airsoft-replica-6mm\/"},"modified":"2025-12-03T19:46:48","modified_gmt":"2025-12-03T18:46:48","slug":"agm-mg-42-maschinengewehr-42-airsoft-replica-6mm","status":"publish","type":"product","link":"http:\/\/ak47.nu\/de\/produkt\/airsoft\/el-drivna\/kulsprutor\/agm-mg-42-maschinengewehr-42-airsoft-replica-6mm\/","title":{"rendered":"AGM MG 42 &#8211; MASCHINENGEWEHR 42 &#8211; AIRSOFT REPLICA 6mm"},"content":{"rendered":"<p><strong>AGM MG 42 &#8211; AIRSOFT REPLICA 6mm<\/strong><\/p>\n[HEAVLY DISCOUNTED &#8211; SINGLE SAMPLE DEMO EX, NO RETURNS FOR THIS ITEM][KRAFTIGT RABATTERAT &#8211; ENSTAKA DEMO EX &#8211; KAN EJ RETURNERAS]\n<p>042 is a replica of a German machine gun (Maschinengewehr 42). The whole structure of metal (flash hider, barrel, barrel change flap, weapon receiver, grip, trigger, receiver cover, front sight and rear sight) mainly ZnAl. From steel is a bipod, barrel change latch, cocking slide, cocking handle, feed tray with cartridge stop and rear anti-aircraft sight. Shoulder Stock is made of wood and there is a place for the battery. Fully adjustable Hop-Up, adjustment is located under receiver cover. Drum Magazine for 2,500 bbs and is powered by 4xAA batteries (not included).<\/p>\n<p>Mechanism of replica (dual gearbox with the possibility of rapid exchange of springs) is reinforced by parts, such as:<br \/>* M120 spring (360-380fps)<br \/>* all steel gears are mounted on ball bearings 8mm<br \/>* chrome cylinder<br \/>* directional piston head with bearing<br \/>* metal spring guide<br \/>* hi-torque short motor<\/p>\n<p>Set includes:<br \/>* replica MG42 &#8211; covered by the 12 months warranty<br \/>* 2500rd box magazine &#8211; covered by the 12 months warranty<br \/>* battery 8,4V 1100 mAh Ni-MH<br \/>* charger<\/p>","protected":false},"excerpt":{"rendered":"<p>AGM MG 42 \u00e4r en airsoft-replika av det ber\u00f6mda tyska kulsprutgev\u00e4ret Maschinengewehr 42. Denna 6mm replika \u00e4r perfekt f\u00f6r airsoft-entusiaster som vill \u00e5terskapa historiska strider. Med sin h\u00f6ga kvalitet och detaljerade design \u00e4r AGM MG 42 ett utm\u00e4rkt val f\u00f6r spelare som s\u00f6ker en autentisk och kraftfull airsoft-upplevelse.<\/p>","protected":false},"featured_media":17367,"template":"","meta":[],"product_brand":[],"product_cat":[402],"product_tag":[],"class_list":{"0":"post-17372","1":"product","2":"type-product","3":"status-publish","4":"has-post-thumbnail","6":"product_cat-kulsprutor","7":"pa_brand-no-brand","9":"first","10":"outofstock","11":"sale","12":"taxable","13":"shipping-taxable","14":"purchasable","15":"product-type-simple"},"_links":{"self":[{"href":"http:\/\/ak47.nu\/de\/wp-json\/wp\/v2\/product\/17372","targetHints":{"allow":["GET"]}}],"collection":[{"href":"http:\/\/ak47.nu\/de\/wp-json\/wp\/v2\/product"}],"about":[{"href":"http:\/\/ak47.nu\/de\/wp-json\/wp\/v2\/types\/product"}],"wp:featuredmedia":[{"embeddable":true,"href":"http:\/\/ak47.nu\/de\/wp-json\/wp\/v2\/media\/17367"}],"wp:attachment":[{"href":"http:\/\/ak47.nu\/de\/wp-json\/wp\/v2\/media?parent=17372"}],"wp:term":[{"taxonomy":"product_brand","embeddable":true,"href":"http:\/\/ak47.nu\/de\/wp-json\/wp\/v2\/product_brand?post=17372"},{"taxonomy":"product_cat","embeddable":true,"href":"http:\/\/ak47.nu\/de\/wp-json\/wp\/v2\/product_cat?post=17372"},{"taxonomy":"product_tag","embeddable":true,"href":"http:\/\/ak47.nu\/de\/wp-json\/wp\/v2\/product_tag?post=17372"}],"curies":[{"name":"wp","href":"https:\/\/api.w.org\/{rel}","templated":true}]}}