{"id":17440,"date":"2022-05-05T14:44:35","date_gmt":"2022-05-05T12:44:35","guid":{"rendered":"https:\/\/ak47.nu\/produkt\/gletcher-parabellum-luger-p-08-airgun-4-5mm-co2-replica\/"},"modified":"2025-12-03T20:08:30","modified_gmt":"2025-12-03T19:08:30","slug":"gletcher-parabellum-luger-p-08-airgun-4-5mm-co2-replica","status":"publish","type":"product","link":"http:\/\/ak47.nu\/de\/produkt\/luftvapen\/co2-airguns\/pistoler-co2-airguns\/gletcher-parabellum-luger-p-08-airgun-4-5mm-co2-replica\/","title":{"rendered":"Gletcher PARABELLUM Luger P.08 Airgun 4.5mm co2 Replica"},"content":{"rendered":"<p><b>Legendary Luger P.08 replica Airgun<\/b><\/p>\n<p>&#8221;This is the airgun version of the legendary German gun which was the primary weapon of the German army during two world wars.<br \/>The Gletcher Parabellum is an advanced premium air version of this legendary gun, and accurately reflects the weight and size of the original. It features a breechblock lever system with Blowback, and a functioning bolt hold-open device (BHO), a full-size magazine, and a light trigger pull.&#8221;<\/p>\n<p><b>Firemode:<\/b> safety. single action.<br \/><b>Weight:<\/b> 900 gr<br \/><b>mag cap:<\/b> 19steel 4.5mm bb<br \/><b>lenght:<\/b> 223 mm<br \/><b>power:<\/b> &lt; 3joule<br \/><b>power source:<\/b> co2 12g (not included)<br \/><b>avarage velocity:<\/b> 100m\/s<br \/><b>Body material:<\/b> Metal<br \/><b>grip material:<\/b> plastic<br \/><b>other info:<\/b> co2 in magasine. full blowback, fieldstrip possible.<\/p>\n<p><b>Please mind that airguns are a great source of enjoyment for recreational target shooting and collectors alike. All airguns are to be threated with respect and can cause injury if handled careless. Responsible handled its harmless and safe and a perfect source of a lot of fun.<\/b><\/p>","protected":false},"excerpt":{"rendered":"<p>Gletcher PARABELLUM Luger P.08 AIRGUN 4.5mm co2 Replica \u00e4r en h\u00f6gkvalitativ luftgev\u00e4r replika av den klassiska Luger P.08 pistolen. Med en kaliber p\u00e5 4,5 mm och drivs av co2, ger denna replika en autentisk och kraftfull skjutupplevelse. Perfekt f\u00f6r samlare och entusiaster, erbjuder denna airgun en imponerande precision och detaljrikedom. Upplev k\u00e4nslan av att \u00e4ga en historisk pistol med denna imponerande replika fr\u00e5n Gletcher.<\/p>","protected":false},"featured_media":17435,"template":"","meta":[],"product_brand":[],"product_cat":[432],"product_tag":[],"class_list":{"0":"post-17440","1":"product","2":"type-product","3":"status-publish","4":"has-post-thumbnail","6":"product_cat-pistoler-co2-airguns","7":"pa_brand-gletcher","9":"first","10":"outofstock","11":"sale","12":"taxable","13":"shipping-taxable","14":"purchasable","15":"product-type-simple"},"_links":{"self":[{"href":"http:\/\/ak47.nu\/de\/wp-json\/wp\/v2\/product\/17440","targetHints":{"allow":["GET"]}}],"collection":[{"href":"http:\/\/ak47.nu\/de\/wp-json\/wp\/v2\/product"}],"about":[{"href":"http:\/\/ak47.nu\/de\/wp-json\/wp\/v2\/types\/product"}],"wp:featuredmedia":[{"embeddable":true,"href":"http:\/\/ak47.nu\/de\/wp-json\/wp\/v2\/media\/17435"}],"wp:attachment":[{"href":"http:\/\/ak47.nu\/de\/wp-json\/wp\/v2\/media?parent=17440"}],"wp:term":[{"taxonomy":"product_brand","embeddable":true,"href":"http:\/\/ak47.nu\/de\/wp-json\/wp\/v2\/product_brand?post=17440"},{"taxonomy":"product_cat","embeddable":true,"href":"http:\/\/ak47.nu\/de\/wp-json\/wp\/v2\/product_cat?post=17440"},{"taxonomy":"product_tag","embeddable":true,"href":"http:\/\/ak47.nu\/de\/wp-json\/wp\/v2\/product_tag?post=17440"}],"curies":[{"name":"wp","href":"https:\/\/api.w.org\/{rel}","templated":true}]}}