{"id":17567,"date":"2022-05-05T14:46:22","date_gmt":"2022-05-05T12:46:22","guid":{"rendered":"https:\/\/ak47.nu\/produkt\/airgun-umarex-berette-elite-ii-co2-4-5mm-bb\/"},"modified":"2025-12-03T20:09:00","modified_gmt":"2025-12-03T19:09:00","slug":"airgun-umarex-berette-elite-ii-co2-4-5mm-bb","status":"publish","type":"product","link":"http:\/\/ak47.nu\/de\/produkt\/luftvapen\/co2-airguns\/pistoler-co2-airguns\/airgun-umarex-berette-elite-ii-co2-4-5mm-bb\/","title":{"rendered":"Airgun Umarex Berette Elite II &#8211; CO2 4.5mm bb"},"content":{"rendered":"<p>Beretta Elite II<br \/>cal. 4,5mm (.177) BB<br \/>This is the high-power model in the line of CO2-powered handguns. With its enormously high muzzle velocity it makes shooting 4.5mm BBs lots of fun. And the price is surprisingly attractive. Operation is simple: Pull back the one-piece grip plate and insert a 12 g CO2 capsule. The Beretta Elite II is a perfect entry-level model.<\/p>\n<p>It comes as a set with BBs and protective shooting glasses.<\/p>\n<p>Technical data<br \/>Caliber: 4,5mm (.177) BB<br \/>Power Source: 12 g CO2 capsule<br \/>Magazine capacity: 18 shot(s)<br \/>Safety: manual<br \/>Sights: not adjustable<br \/>Max. energy: &lt; 3,0 Joule(s)<br \/>Length: 215 mm<br \/>Barrel length: 123 mm<br \/>Weight: 686 g<br \/>Velocity: 140 m\/s<br \/>Trigger: Double Action Only<\/p>","protected":false},"excerpt":{"rendered":"<p>AIRGUN Umarex Beretta Elite II \u00e4r en kraftfull och p\u00e5litlig luftpistol som drivs av Co2 och anv\u00e4nder 4,5 mm bb-kulor. Med sin h\u00f6ga precision och imponerande skjutkapacitet \u00e4r denna luftpistol perfekt f\u00f6r b\u00e5de tr\u00e4ning och rekreation. Den \u00e4r ocks\u00e5 utrustad med en ergonomisk design och enkel hantering, vilket g\u00f6r den bekv\u00e4m att anv\u00e4nda under l\u00e4ngre perioder. Oavsett om du \u00e4r en erfaren skytt eller nyb\u00f6rjare kommer denna luftpistol att ge dig en fantastisk upplevelse.<\/p>","protected":false},"featured_media":17563,"template":"","meta":[],"product_brand":[],"product_cat":[432],"product_tag":[],"class_list":{"0":"post-17567","1":"product","2":"type-product","3":"status-publish","4":"has-post-thumbnail","6":"product_cat-pistoler-co2-airguns","7":"pa_brand-umarex","9":"first","10":"outofstock","11":"taxable","12":"shipping-taxable","13":"purchasable","14":"product-type-simple"},"_links":{"self":[{"href":"http:\/\/ak47.nu\/de\/wp-json\/wp\/v2\/product\/17567","targetHints":{"allow":["GET"]}}],"collection":[{"href":"http:\/\/ak47.nu\/de\/wp-json\/wp\/v2\/product"}],"about":[{"href":"http:\/\/ak47.nu\/de\/wp-json\/wp\/v2\/types\/product"}],"wp:featuredmedia":[{"embeddable":true,"href":"http:\/\/ak47.nu\/de\/wp-json\/wp\/v2\/media\/17563"}],"wp:attachment":[{"href":"http:\/\/ak47.nu\/de\/wp-json\/wp\/v2\/media?parent=17567"}],"wp:term":[{"taxonomy":"product_brand","embeddable":true,"href":"http:\/\/ak47.nu\/de\/wp-json\/wp\/v2\/product_brand?post=17567"},{"taxonomy":"product_cat","embeddable":true,"href":"http:\/\/ak47.nu\/de\/wp-json\/wp\/v2\/product_cat?post=17567"},{"taxonomy":"product_tag","embeddable":true,"href":"http:\/\/ak47.nu\/de\/wp-json\/wp\/v2\/product_tag?post=17567"}],"curies":[{"name":"wp","href":"https:\/\/api.w.org\/{rel}","templated":true}]}}