{"id":18073,"date":"2022-05-05T14:54:23","date_gmt":"2022-05-05T12:54:23","guid":{"rendered":"https:\/\/ak47.nu\/produkt\/umarex-legend-mp-40-schmeisser-45mm-co2-airgun\/"},"modified":"2025-12-03T19:46:36","modified_gmt":"2025-12-03T18:46:36","slug":"umarex-legend-mp-40-schmeisser-45mm-co2-airgun","status":"publish","type":"product","link":"http:\/\/ak47.nu\/de\/produkt\/luftvapen\/co2-airguns\/kulsprutor-co2-airguns\/umarex-legend-mp-40-schmeisser-45mm-co2-airgun\/","title":{"rendered":"Umarex Legend MP 40 &#8217;Schmeisser&#8217; &#8211; 4,5mm Co2 airgun"},"content":{"rendered":"<p>Legends MP German 4,5mm (BB)<\/p>\n<p>Halvautomatisk kulsprutepistol med 50 skottsmagasin och konstruktion n\u00e4stan helt i metall!<br \/>Legends MP German \u00e4r en kolsyredriven replika p\u00e5 tyskarnas kulsprutepistol under WWII. Tyngden, rekylen och inte minst ljudet p\u00e5 denna version f\u00e5r vem som helst att dra p\u00e5 smilbanden. Ett m\u00e5ste f\u00f6r samlare och hobbyskyttar som gillar h\u00f6g realism och ett fartfyllt skytte.<\/p>\n<p>Ett tips \u00e4r att k\u00f6pa till den matchande l\u00e4derremmen som \u00e4ven den \u00e4r mycket lik originalet (5.8143.2)<\/p>\n<p>T\u00e4nk p\u00e5 att alltid anv\u00e4nda skyddsglas\u00f6gon n\u00e4r man skjuter med st\u00e5lrundkulor. St\u00e5lrundkulor studsar tillbaka n\u00e4stan lika fort om man tr\u00e4ffar n\u00e5got h\u00e5rt!<\/p>\n<p>Egenskaper<br \/>Halvautomatisk mekanism &#8211; (SA avtryck)<br \/>Magasinet rymmer 2st 12 grams kolsyrepatroner och 50 kulor<br \/>140 m\/s<br \/>Blowback<br \/>&#8221;Full Metal&#8221;<br \/>Vikbar kolv<br \/>Justerbart sikte<br \/>Ca 200 skott p\u00e5 en laddning med kolsyrepatroner<\/p>\n<p>Specifikationer<br \/>Vikt: 3500 g<br \/>Totall\u00e4ngd: 830 mm<br \/>Drivning: Co2 2x12g<br \/>Kaliber: 4,5 (.177) Steel BB mm<br \/>Magasinkapacitet: 50 skott<br \/>Anslagsenergi: 3,5 J<br \/>Avtryck: SA<br \/>Skott per kolsyrepatron: 200 st<br \/>Utg\u00e5ngshastighet BB: 140 m\/s<\/p>","protected":false},"excerpt":{"rendered":"<p>Legends MP German 4,5mm (BB) Halvautomatisk kulsprutepistol med 50 skottsmagasin och konstruktion n\u00e4stan helt i metall!Legends MP German \u00e4r en kolsyredriven replika p\u00e5 tyskarnas kulsprutepistol under WWII. Tyngden, rekylen och inte minst ljudet p\u00e5 denna version f\u00e5r vem som helst att dra p\u00e5 smilbanden. Ett m\u00e5ste f\u00f6r samlare och hobbyskyttar som gillar h\u00f6g realism och [&#8230;]","protected":false},"featured_media":18072,"template":"","meta":[],"product_brand":[],"product_cat":[436],"product_tag":[],"class_list":{"0":"post-18073","1":"product","2":"type-product","3":"status-publish","4":"has-post-thumbnail","6":"product_cat-kulsprutor-co2-airguns","7":"pa_brand-umarex","9":"first","10":"outofstock","11":"sale","12":"taxable","13":"shipping-taxable","14":"purchasable","15":"product-type-simple"},"_links":{"self":[{"href":"http:\/\/ak47.nu\/de\/wp-json\/wp\/v2\/product\/18073","targetHints":{"allow":["GET"]}}],"collection":[{"href":"http:\/\/ak47.nu\/de\/wp-json\/wp\/v2\/product"}],"about":[{"href":"http:\/\/ak47.nu\/de\/wp-json\/wp\/v2\/types\/product"}],"wp:featuredmedia":[{"embeddable":true,"href":"http:\/\/ak47.nu\/de\/wp-json\/wp\/v2\/media\/18072"}],"wp:attachment":[{"href":"http:\/\/ak47.nu\/de\/wp-json\/wp\/v2\/media?parent=18073"}],"wp:term":[{"taxonomy":"product_brand","embeddable":true,"href":"http:\/\/ak47.nu\/de\/wp-json\/wp\/v2\/product_brand?post=18073"},{"taxonomy":"product_cat","embeddable":true,"href":"http:\/\/ak47.nu\/de\/wp-json\/wp\/v2\/product_cat?post=18073"},{"taxonomy":"product_tag","embeddable":true,"href":"http:\/\/ak47.nu\/de\/wp-json\/wp\/v2\/product_tag?post=18073"}],"curies":[{"name":"wp","href":"https:\/\/api.w.org\/{rel}","templated":true}]}}