{"id":18333,"date":"2022-05-06T08:39:37","date_gmt":"2022-05-06T06:39:37","guid":{"rendered":"https:\/\/ak47.nu\/produkt\/swiss-arms-red-dot-red-green-picatinny-raptor\/"},"modified":"2025-12-03T20:24:28","modified_gmt":"2025-12-03T19:24:28","slug":"swiss-arms-raptor-rotpunktvisier-picatinny","status":"publish","type":"product","link":"http:\/\/ak47.nu\/de\/produkt\/zubehor-2\/optik\/rodpunktssikten\/swiss-arms-raptor-rotpunktvisier-picatinny\/","title":{"rendered":"SWISS ARMS Raptor Rotpunktvisier | Picatinny"},"content":{"rendered":"<h1>SWISS ARMS - RED DOT - RED\/GREEN - PICATINNY - RAPTOR<\/h1>\n<h2>Holografisches Rotpunktvisier mit einstellbarer Intensit\u00e4t<\/h2>\n<p>Verbessern Sie Ihre Pr\u00e4zision mit dem SWISS ARMS Raptor, einem effektiven holografischen Visier f\u00fcr schnelle Zielerfassung. Dieses Rotpunktvisier verf\u00fcgt \u00fcber einen beleuchteten Kreis und Punkt, der Ihnen bei allen Lichtverh\u00e4ltnissen ein klares Zielbild bietet. W\u00e4hlen Sie zwischen gr\u00fcner oder roter Beleuchtung und passen Sie die Intensit\u00e4t Ihren Bed\u00fcrfnissen an.<\/p>\n\n<h3>Funktionen<\/h3>\n<ul>\n <li><strong>Einstellbare Beleuchtung:<\/strong> W\u00e4hlen Sie zwischen einem gr\u00fcnen oder roten Punkt mit einstellbarer Intensit\u00e4t f\u00fcr optimale Sichtbarkeit.<\/li>\n <li><strong>Picatinny-kompatibel:<\/strong> Einfache Montage auf jeder Waffe mit Picatinny-Schiene.<\/li>\n <li><strong>Hochwertige Optik:<\/strong> Holografisches Visier sorgt f\u00fcr ein klares und scharfes Bild.<\/li>\n <li><strong>Inklusive:<\/strong> Reinigungstuch, um das Visier in Top-Zustand zu halten.<\/li>\n<\/ul>\n\n<p>Der SWISS ARMS Raptor wird mit 4 LR44-Batterien betrieben (nicht im Lieferumfang enthalten). F\u00fcr andere hochwertige Visiere, schauen Sie sich unsere Auswahl an <a href=\"https:\/\/ak47.nu\/de\/zubehor-2\/optik\/\">Rotpunktvisieren<\/a> an. Verpassen Sie nicht unsere anderen <a href=\"https:\/\/ak47.nu\/de\/butik\/\">SWISS ARMS Produkte<\/a>, um Ihre Ausr\u00fcstung zu vervollst\u00e4ndigen. Besuchen Sie <a href=\"https:\/\/ak47.nu\/de\/\">unsere Website<\/a>, um unser gesamtes Sortiment zu sehen.<\/p>","protected":false},"excerpt":{"rendered":"<p>K\u00f6p Swiss Arms Red Dot med r\u00f6d\/gr\u00f6n belysning f\u00f6r Picatinny rail hos Raptor. Upplev precision och kvalitet i din skytte med detta h\u00f6gkvalitativa sikte. Best\u00e4ll idag f\u00f6r snabb leverans!<\/p>","protected":false},"featured_media":18331,"template":"","meta":[],"product_brand":[],"product_cat":[470],"product_tag":[],"class_list":{"0":"post-18333","1":"product","2":"type-product","3":"status-publish","4":"has-post-thumbnail","6":"product_cat-rodpunktssikten","7":"pa_brand-swiss-arms","8":"pa_farg-svart","10":"first","11":"instock","12":"sale","13":"taxable","14":"shipping-taxable","15":"purchasable","16":"product-type-simple"},"_links":{"self":[{"href":"http:\/\/ak47.nu\/de\/wp-json\/wp\/v2\/product\/18333","targetHints":{"allow":["GET"]}}],"collection":[{"href":"http:\/\/ak47.nu\/de\/wp-json\/wp\/v2\/product"}],"about":[{"href":"http:\/\/ak47.nu\/de\/wp-json\/wp\/v2\/types\/product"}],"wp:featuredmedia":[{"embeddable":true,"href":"http:\/\/ak47.nu\/de\/wp-json\/wp\/v2\/media\/18331"}],"wp:attachment":[{"href":"http:\/\/ak47.nu\/de\/wp-json\/wp\/v2\/media?parent=18333"}],"wp:term":[{"taxonomy":"product_brand","embeddable":true,"href":"http:\/\/ak47.nu\/de\/wp-json\/wp\/v2\/product_brand?post=18333"},{"taxonomy":"product_cat","embeddable":true,"href":"http:\/\/ak47.nu\/de\/wp-json\/wp\/v2\/product_cat?post=18333"},{"taxonomy":"product_tag","embeddable":true,"href":"http:\/\/ak47.nu\/de\/wp-json\/wp\/v2\/product_tag?post=18333"}],"curies":[{"name":"wp","href":"https:\/\/api.w.org\/{rel}","templated":true}]}}