{"id":18377,"date":"2022-05-06T08:40:01","date_gmt":"2022-05-06T06:40:01","guid":{"rendered":"https:\/\/ak47.nu\/produkt\/theta-optics-compact-ii-reflex-sikte-replika\/"},"modified":"2025-08-21T11:14:55","modified_gmt":"2025-08-21T09:14:55","slug":"theta-optics-compact-ii-reflexvisier-replika","status":"publish","type":"product","link":"http:\/\/ak47.nu\/de\/produkt\/zubehor-2\/optik\/rodpunktssikten\/theta-optics-compact-ii-reflexvisier-replika\/","title":{"rendered":"Theta Optics Compact II Reflexvisier Replika"},"content":{"rendered":"<h1>Theta Optics - Compact II Reflexvisier Replika<\/h1>\n<h2>Hochwertige Replik f\u00fcr schnelles und pr\u00e4zises Zielen<\/h2>\n<p>Das Theta Optics\u2122 Compact II Reflexvisier verf\u00fcgt \u00fcber ein robustes Metallgeh\u00e4use und wird mit einer CR2032-Batterie betrieben. Es erm\u00f6glicht die Verwendung eines gr\u00fcnen oder roten Punkts sowohl bei Tag als auch bei Nacht. Der Zielpunkt kann einfach vertikal und horizontal eingestellt werden, und das Visier verf\u00fcgt \u00fcber mehrere Helligkeitsoptionen. Dieses Visier wurde f\u00fcr die Montage auf einer Standard-22-mm-RIS-Schiene entwickelt und hilft Ihnen, schnell und pr\u00e4zise zu zielen.<\/p>\n<p>Montieren Sie das Visier auf zwei Arten: hohes und niedriges Profil. Profitieren Sie von hochwertigen optischen Ger\u00e4ten und innovativen L\u00f6sungen, die typischerweise in erstklassigen Produkten zu finden sind. Jedes Theta Optics\u2122-Produkt wird vor der Markteinf\u00fchrung strengen Tests unterzogen, um h\u00f6chste Qualit\u00e4t zu einem vern\u00fcnftigen Preis zu gew\u00e4hrleisten. Entdecken Sie unsere Auswahl an <a href=\"https:\/\/ak47.nu\/de\/butik\/\">anderen Reflexvisieren<\/a>, um das f\u00fcr Ihre Bed\u00fcrfnisse am besten geeignete zu finden. Weitere Informationen zu unseren Produkten finden Sie in unserer <a href=\"https:\/\/ak47.nu\/de\/zubehor-2\/optik\/\">Zielfernrohr-Kategorie<\/a> oder auf <a href=\"https:\/\/ak47.nu\/de\/\">unserer Homepage<\/a>.<\/p>\n<h3>Spezifikationen:<\/h3>\n<ul>\n <li>Material: Metall<\/li>\n <li>L\u00e4nge: 70 mm<\/li>\n <li>Gewicht: 175 g<\/li>\n <li>Farbe: Schwarz<\/li>\n <li>Punktfarbe: Rot\/Gr\u00fcn<\/li>\n <li>Montage: RIS 22 mm<\/li>\n<\/ul>\n<h3>Im Set enthalten:<\/h3>\n<ul>\n <li>Compact II Reflexvisier<\/li>\n <li>RIS-Schienenerh\u00f6hung<\/li>\n <li>Linsenabdeckung<\/li>\n <li>Inbusschl\u00fcssel<\/li>\n <li>Benutzerhandbuch<\/li>\n <li>Reinigungstuch<\/li>\n <li>CR2032-Batterie<\/li>\n<\/ul>","protected":false},"excerpt":{"rendered":"<p>Theta Optics &#8211; Compact II Reflex Sikte Replika \u00e4r en h\u00f6gkvalitativ replika av det popul\u00e4ra Theta Optics Compact II reflexsiktet. Detta kompakta sikte \u00e4r perfekt f\u00f6r jakt- och skytteentusiaster och erbjuder enast\u00e5ende precision och snabb m\u00e5ltagning. Uppt\u00e4ck det b\u00e4sta inom optisk teknik med denna replika fr\u00e5n Theta Optics.<\/p>","protected":false},"featured_media":18370,"template":"","meta":[],"product_brand":[],"product_cat":[468,470,450],"product_tag":[],"class_list":{"0":"post-18377","1":"product","2":"type-product","3":"status-publish","4":"has-post-thumbnail","6":"product_cat-optik","7":"product_cat-rodpunktssikten","8":"product_cat-tillbehor-2","9":"pa_brand-theta-optics","11":"first","12":"outofstock","13":"sale","14":"taxable","15":"shipping-taxable","16":"purchasable","17":"product-type-simple"},"_links":{"self":[{"href":"http:\/\/ak47.nu\/de\/wp-json\/wp\/v2\/product\/18377","targetHints":{"allow":["GET"]}}],"collection":[{"href":"http:\/\/ak47.nu\/de\/wp-json\/wp\/v2\/product"}],"about":[{"href":"http:\/\/ak47.nu\/de\/wp-json\/wp\/v2\/types\/product"}],"wp:featuredmedia":[{"embeddable":true,"href":"http:\/\/ak47.nu\/de\/wp-json\/wp\/v2\/media\/18370"}],"wp:attachment":[{"href":"http:\/\/ak47.nu\/de\/wp-json\/wp\/v2\/media?parent=18377"}],"wp:term":[{"taxonomy":"product_brand","embeddable":true,"href":"http:\/\/ak47.nu\/de\/wp-json\/wp\/v2\/product_brand?post=18377"},{"taxonomy":"product_cat","embeddable":true,"href":"http:\/\/ak47.nu\/de\/wp-json\/wp\/v2\/product_cat?post=18377"},{"taxonomy":"product_tag","embeddable":true,"href":"http:\/\/ak47.nu\/de\/wp-json\/wp\/v2\/product_tag?post=18377"}],"curies":[{"name":"wp","href":"https:\/\/api.w.org\/{rel}","templated":true}]}}