{"id":18380,"date":"2022-05-06T08:40:04","date_gmt":"2022-05-06T06:40:04","guid":{"rendered":"https:\/\/ak47.nu\/produkt\/jj-airsoft-m2-red-dot-with-killflash-black\/"},"modified":"2025-12-03T20:24:27","modified_gmt":"2025-12-03T19:24:27","slug":"jj-airsoft-m2-red-dot-with-killflash-black","status":"publish","type":"product","link":"http:\/\/ak47.nu\/de\/produkt\/zubehor-2\/optik\/rodpunktssikten\/jj-airsoft-m2-red-dot-with-killflash-black\/","title":{"rendered":"JJ AIRSOFT M2 Red Dot with Killflash (Black)"},"content":{"rendered":"<p>Product Description<\/p>\n<p>Item Name: JJ Airsoft M2 Red Dot with Killflash (Black)<br \/>Model: JA-5041-BK<br \/>Red dot color: Black<br \/>Brand Name: JJ Airsoft<br \/>Material: Metal<br \/>Batteries: 2*AG13 (battery not included)<br \/>Net Weight: 0.315kg (battery not included)<br \/>Gross Weight: 0.37kg (battery not included)<br \/>M2 Red Dot Features<\/p>\n<p>Shockproof<br \/>Magnification: 1x<br \/>Objective Lens Diameter: 31mm x 23.5mm<br \/>Reticle: Red Dot (5 levels of brightness)<br \/>Fit for 20mm rail<br \/>M2 Killflash Features<\/p>\n<p>Suitable for military type 30mm red dot sight and military type 30mm red\/green dot sight<br \/>Metal constructed<br \/>Metal mesh scope protector<br \/>Withstand the hit of high power airsoft rifle<br \/>Pitch of screw thread is 0.6mm<br \/>Just screw this product onto your RDS to reduce the chance where you get blinded by the opfor&#039;s flashlight!<\/p>","protected":false},"excerpt":{"rendered":"<p>K\u00f6p JJ AIRSOFT M2 Red Dot with Killflash (svart) &#8211; B\u00e4sta priser och snabb leverans. Uppgradera ditt airsoft-gev\u00e4r med denna h\u00f6gkvalitativa r\u00f6dpunktssikte fr\u00e5n JJ AIRSOFT. Med medf\u00f6ljande killflash f\u00f6rhindrar du bl\u00e4ndning och f\u00e5r en klar siktbild. K\u00f6p nu och f\u00f6rb\u00e4ttra din tr\u00e4ffs\u00e4kerhet p\u00e5 airsoftbanan!<\/p>","protected":false},"featured_media":18378,"template":"","meta":[],"product_brand":[],"product_cat":[470],"product_tag":[],"class_list":{"0":"post-18380","1":"product","2":"type-product","3":"status-publish","4":"has-post-thumbnail","6":"product_cat-rodpunktssikten","7":"pa_brand-jj-airsoft","8":"pa_farg-svart","10":"first","11":"outofstock","12":"taxable","13":"shipping-taxable","14":"purchasable","15":"product-type-simple"},"_links":{"self":[{"href":"http:\/\/ak47.nu\/de\/wp-json\/wp\/v2\/product\/18380","targetHints":{"allow":["GET"]}}],"collection":[{"href":"http:\/\/ak47.nu\/de\/wp-json\/wp\/v2\/product"}],"about":[{"href":"http:\/\/ak47.nu\/de\/wp-json\/wp\/v2\/types\/product"}],"wp:featuredmedia":[{"embeddable":true,"href":"http:\/\/ak47.nu\/de\/wp-json\/wp\/v2\/media\/18378"}],"wp:attachment":[{"href":"http:\/\/ak47.nu\/de\/wp-json\/wp\/v2\/media?parent=18380"}],"wp:term":[{"taxonomy":"product_brand","embeddable":true,"href":"http:\/\/ak47.nu\/de\/wp-json\/wp\/v2\/product_brand?post=18380"},{"taxonomy":"product_cat","embeddable":true,"href":"http:\/\/ak47.nu\/de\/wp-json\/wp\/v2\/product_cat?post=18380"},{"taxonomy":"product_tag","embeddable":true,"href":"http:\/\/ak47.nu\/de\/wp-json\/wp\/v2\/product_tag?post=18380"}],"curies":[{"name":"wp","href":"https:\/\/api.w.org\/{rel}","templated":true}]}}