{"id":18482,"date":"2022-05-06T08:40:49","date_gmt":"2022-05-06T06:40:49","guid":{"rendered":"https:\/\/ak47.nu\/produkt\/theta-optics-tva-delar-25-mm-siktesringar-for-ris-rals-lag\/"},"modified":"2025-12-03T20:32:21","modified_gmt":"2025-12-03T19:32:21","slug":"theta-optics-25mm-zielfernrohrringe-ris-schiene-niedrig","status":"publish","type":"product","link":"http:\/\/ak47.nu\/de\/produkt\/zubehor-2\/optik\/tillbehor\/theta-optics-25mm-zielfernrohrringe-ris-schiene-niedrig\/","title":{"rendered":"Theta Optics 25mm Zielfernrohrringe f\u00fcr RIS-Schiene (Niedrig)"},"content":{"rendered":"<h1>Theta Optics - Zweiteilige 25mm Zielfernrohrringe f\u00fcr RIS-Schiene (Niedrig)<\/h1>\n<h2>Sichern Sie Ihre Optik mit Theta Optics Zielfernrohrringen<\/h2>\n<p>Diese <strong>Theta Optics 25mm Zielfernrohrringe<\/strong> wurden entwickelt, um eine stabile und sichere Montage Ihrer Optik auf jeder Replik mit einer Standard 22mm RIS-Schiene zu gew\u00e4hrleisten. Die vollst\u00e4ndig aus Metall gefertigten Ringe garantieren Haltbarkeit und Zuverl\u00e4ssigkeit in jeder Situation. Das Set besteht aus zwei Ringen, die einfach mit Inbusschrauben verschraubt werden, was die Montage schnell und problemlos macht. <a href=\"https:\/\/ak47.nu\/de\/butik\/\">Entdecken Sie unser Angebot an anderem Montagezubeh\u00f6r<\/a>, um das f\u00fcr Sie passende zu finden.<\/p>\n\n<h3>Funktionen und Vorteile<\/h3>\n<ul>\n<li><strong>Metallkonstruktion:<\/strong> Vollst\u00e4ndig aus Metall f\u00fcr maximale Haltbarkeit und Stabilit\u00e4t.<\/li>\n<li><strong>25mm Durchmesser:<\/strong> Passend f\u00fcr Zielfernrohre mit einem Rohrdurchmesser von 25mm.<\/li>\n<li><strong>RIS-Schiene Kompatibilit\u00e4t:<\/strong> Universelle Halterung, die auf alle 22mm RIS-Schienen passt.<\/li>\n<li><strong>Schutz Eins\u00e4tze:<\/strong> Stoffeins\u00e4tze auf der Innenseite sch\u00fctzen Ihre Optik vor Kratzern und Besch\u00e4digungen.<\/li>\n<li><strong>Einfache Montage:<\/strong> Einfach mit Inbusschrauben zu verschrauben.<\/li>\n<\/ul>\n\n<h3>Spezifikationen<\/h3>\n<ul>\n<li>Material: Metall<\/li>\n<li>Durchmesser: 25mm<\/li>\n<li>H\u00f6he: 20mm<\/li>\n<li>Gewicht: 85g<\/li>\n<li>Farbe: Schwarz<\/li>\n<\/ul>\n\n<p>Der mitgelieferte Inbusschl\u00fcssel macht die Montage noch einfacher. <a href=\"https:\/\/ak47.nu\/de\/zubehor-2\/optik\/\">Entdecken Sie unser Sortiment an Theta Optics Produkten<\/a>, um Ihre Ausr\u00fcstung zu vervollst\u00e4ndigen. Sorgen Sie f\u00fcr Pr\u00e4zision und Stabilit\u00e4t mit diesen zuverl\u00e4ssigen Zielfernrohrringen. Besuchen Sie <a href=\"https:\/\/ak47.nu\/de\/\">unsere Homepage<\/a>, um alle unsere Produkte und Angebote zu sehen.<\/p>","protected":false},"excerpt":{"rendered":"<p>Theta Optics &#8211; Tv\u00e5 delar 25 mm l\u00e5ga siktesringar f\u00f6r RIS-r\u00e4ls. H\u00f6gkvalitativa siktesringar som passar perfekt p\u00e5 din RIS-r\u00e4ls. K\u00f6p Theta Optics siktesringar online idag!<\/p>","protected":false},"featured_media":18480,"template":"","meta":[],"product_brand":[],"product_cat":[472],"product_tag":[],"class_list":{"0":"post-18482","1":"product","2":"type-product","3":"status-publish","4":"has-post-thumbnail","6":"product_cat-tillbehor","7":"pa_brand-theta-optics","8":"pa_farg-svart","10":"first","11":"instock","12":"taxable","13":"shipping-taxable","14":"purchasable","15":"product-type-simple"},"_links":{"self":[{"href":"http:\/\/ak47.nu\/de\/wp-json\/wp\/v2\/product\/18482","targetHints":{"allow":["GET"]}}],"collection":[{"href":"http:\/\/ak47.nu\/de\/wp-json\/wp\/v2\/product"}],"about":[{"href":"http:\/\/ak47.nu\/de\/wp-json\/wp\/v2\/types\/product"}],"wp:featuredmedia":[{"embeddable":true,"href":"http:\/\/ak47.nu\/de\/wp-json\/wp\/v2\/media\/18480"}],"wp:attachment":[{"href":"http:\/\/ak47.nu\/de\/wp-json\/wp\/v2\/media?parent=18482"}],"wp:term":[{"taxonomy":"product_brand","embeddable":true,"href":"http:\/\/ak47.nu\/de\/wp-json\/wp\/v2\/product_brand?post=18482"},{"taxonomy":"product_cat","embeddable":true,"href":"http:\/\/ak47.nu\/de\/wp-json\/wp\/v2\/product_cat?post=18482"},{"taxonomy":"product_tag","embeddable":true,"href":"http:\/\/ak47.nu\/de\/wp-json\/wp\/v2\/product_tag?post=18482"}],"curies":[{"name":"wp","href":"https:\/\/api.w.org\/{rel}","templated":true}]}}