{"id":18543,"date":"2022-05-06T08:44:33","date_gmt":"2022-05-06T06:44:33","guid":{"rendered":"https:\/\/ak47.nu\/produkt\/theta-optics-open-ii-reflex-sight-replika\/"},"modified":"2025-08-21T11:13:35","modified_gmt":"2025-08-21T09:13:35","slug":"theta-optics-open-ii-reflexvisier-replika","status":"publish","type":"product","link":"http:\/\/ak47.nu\/de\/produkt\/zubehor-2\/optik\/rodpunktssikten\/theta-optics-open-ii-reflexvisier-replika\/","title":{"rendered":"Theta Optics Open II Reflexvisier Replika | TO"},"content":{"rendered":"<h1>Theta Optics Open II Reflexvisier Replika<\/h1>\n\n<h2>Schnelles und pr\u00e4zises Zielen mit dem Theta Optics\u2122 Open II<\/h2>\n<p>Das Theta Optics\u2122 Open II Reflexvisier, betrieben mit drei LR44-Batterien (nicht im Lieferumfang enthalten), erm\u00f6glicht die Verwendung eines gr\u00fcnen oder roten Punktes bei Tag und Nacht. Der Zielpunkt kann stufenlos vertikal und horizontal eingestellt werden, und es stehen mehrere Helligkeitsoptionen zur Auswahl. Der Benutzer kann zwischen vier verschiedenen Zielpunkten w\u00e4hlen, um das Zielen unter verschiedenen Bedingungen zu optimieren. Montiert auf einer Standard-22-mm-RIS-Schiene erm\u00f6glicht dieses Visier ein schnelles und pr\u00e4zises Zielen. Entdecken Sie weitere <a href=\"https:\/\/ak47.nu\/de\/butik\/\">hochwertige Visiere<\/a> in unserem Sortiment.<\/p>\n\n<h2>Innovative L\u00f6sungen und hohe Qualit\u00e4t<\/h2>\n<p>Theta Optics\u2122 zielt nicht nur darauf ab, hochwertige optische Ger\u00e4te bereitzustellen, sondern auch sein Angebot kontinuierlich um innovative L\u00f6sungen zu erweitern, die \u00fcblicherweise in Premiumprodukten zu finden sind. Bevor die Produkte auf den Markt gebracht werden, durchl\u00e4uft jedes Produkt eine Reihe von Tests. Theta Optics\u2122 ist die perfekte Wahl f\u00fcr Anwender, die ein qualitativ hochwertiges Produkt zu einem vern\u00fcnftigen Preis suchen. Besuchen Sie unsere <a href=\"https:\/\/ak47.nu\/de\/zubehor-2\/optik\/\">Kategorie f\u00fcr optisches Zubeh\u00f6r<\/a>, um mehr zu sehen.<\/p>\n\n<h3>Spezifikationen:<\/h3>\n<ul>\n    <li>Material: Metall<\/li>\n    <li>L\u00e4nge: 93mm<\/li>\n    <li>Gewicht: 145g<\/li>\n    <li>Farbe: Schwarz<\/li>\n    <li>Punktfarbe: Rot\/Gr\u00fcn<\/li>\n    <li>Montage: RIS 22mm<\/li>\n<\/ul>\n\n<h3>Im Set enthalten:<\/h3>\n<ul>\n    <li>Reflexvisier<\/li>\n    <li>Inbusschl\u00fcssel<\/li>\n    <li>Benutzerhandbuch<\/li>\n    <li>Reinigungstuch<\/li>\n<\/ul>\n\n<p>Verbessern Sie Ihre Pr\u00e4zision und Geschwindigkeit mit diesem ausgezeichneten Reflexvisier. Entdecken Sie unsere breite Produktpalette auf <a href=\"https:\/\/ak47.nu\/de\/\">unserer Webseite<\/a>.<\/p>","protected":false},"excerpt":{"rendered":"<p>Theta Optics &#8211; Open II Reflex Sight Replika &#8211; En prisv\u00e4rd och h\u00f6gkvalitativ replika av Theta Optics Open II Reflex Sight. Upplev precision och p\u00e5litlighet i dina skjut\u00f6vningar med detta reflexsikte.<\/p>","protected":false},"featured_media":18538,"template":"","meta":[],"product_brand":[],"product_cat":[468,470,450],"product_tag":[],"class_list":{"0":"post-18543","1":"product","2":"type-product","3":"status-publish","4":"has-post-thumbnail","6":"product_cat-optik","7":"product_cat-rodpunktssikten","8":"product_cat-tillbehor-2","9":"pa_brand-theta-optics","11":"first","12":"instock","13":"taxable","14":"shipping-taxable","15":"purchasable","16":"product-type-simple"},"_links":{"self":[{"href":"http:\/\/ak47.nu\/de\/wp-json\/wp\/v2\/product\/18543","targetHints":{"allow":["GET"]}}],"collection":[{"href":"http:\/\/ak47.nu\/de\/wp-json\/wp\/v2\/product"}],"about":[{"href":"http:\/\/ak47.nu\/de\/wp-json\/wp\/v2\/types\/product"}],"wp:featuredmedia":[{"embeddable":true,"href":"http:\/\/ak47.nu\/de\/wp-json\/wp\/v2\/media\/18538"}],"wp:attachment":[{"href":"http:\/\/ak47.nu\/de\/wp-json\/wp\/v2\/media?parent=18543"}],"wp:term":[{"taxonomy":"product_brand","embeddable":true,"href":"http:\/\/ak47.nu\/de\/wp-json\/wp\/v2\/product_brand?post=18543"},{"taxonomy":"product_cat","embeddable":true,"href":"http:\/\/ak47.nu\/de\/wp-json\/wp\/v2\/product_cat?post=18543"},{"taxonomy":"product_tag","embeddable":true,"href":"http:\/\/ak47.nu\/de\/wp-json\/wp\/v2\/product_tag?post=18543"}],"curies":[{"name":"wp","href":"https:\/\/api.w.org\/{rel}","templated":true}]}}