{"id":18636,"date":"2022-05-06T12:18:39","date_gmt":"2022-05-06T10:18:39","guid":{"rendered":"https:\/\/ak47.nu\/produkt\/lct-airsoft-lckmsu-akm-akmsu-6mm-v3-gearbox-aeg-airsoft-replica\/"},"modified":"2025-12-03T20:24:56","modified_gmt":"2025-12-03T19:24:56","slug":"lct-lckmsu-akmsu-aeg-airsoft-replik","status":"publish","type":"product","link":"http:\/\/ak47.nu\/de\/produkt\/airsoft\/el-drivna\/automatkarbiner\/lct-lckmsu-akmsu-aeg-airsoft-replik\/","title":{"rendered":"LCT LCKMSU AKMSU AEG Airsoft Replik | LCT Airsoft"},"content":{"rendered":"<h1>LCT LCKMSU AKMSU AEG Airsoft Replik<\/h1>\n<h2>Kompakte AK-Variante mit hochwertigen Materialien<\/h2>\n<p>Die LCT LCKMSU ist eine gut verarbeitete, kompakte AK-Variante, eine Weiterentwicklung der AKM. Diese Airsoft-Replik zeichnet sich durch ihre robuste Konstruktion und ihr realistisches Design aus, ideal f\u00fcr Airsoft-Enthusiasten, die ein zuverl\u00e4ssiges und leistungsstarkes Modell suchen. Entdecken Sie unsere Auswahl an <a href=\"https:\/\/ak47.nu\/de\/butik\/\">authentischen Airsoft-Gewehren<\/a>, um die perfekte Erg\u00e4nzung zu finden.<\/p>\n\n<h3>Authentische Materialien und Details<\/h3>\n<p>Hergestellt aus Metall mit Echtholzdetails bietet die LCKMSU ein sehr realistisches Gef\u00fchl und Aussehen. Die Qualit\u00e4t ist im Vergleich zu anderen Modellen auf dem Markt un\u00fcbertroffen. Weitere Informationen zu unserem Sortiment finden Sie in unserer <a href=\"https:\/\/ak47.nu\/de\/airsoft\/\">AK-Serie<\/a>.<\/p>\n\n<h3>Hochleistungs-Gearbox und Pr\u00e4zisionslauf<\/h3>\n<p>Bereits von Anfang an wird dieses Gewehr mit einer Version 3 Gearbox und einem Pr\u00e4zisionslauf geliefert, was hohe Genauigkeit und Zuverl\u00e4ssigkeit gew\u00e4hrleistet. Das einstellbare Hop-up tr\u00e4gt zus\u00e4tzlich zur Pr\u00e4zision bei. Besuchen Sie <a href=\"https:\/\/ak47.nu\/de\/\">unsere Website<\/a>, um unser gesamtes Sortiment zu sehen.<\/p>\n\n<h3>Funktionen und Spezifikationen:<\/h3>\n<ul>\n<li>Klappbarer Schaft f\u00fcr einfache Handhabung und Transport<\/li>\n<li>Einzigartiges und realistisches Aussehen<\/li>\n<li>Echtholz-Handschutz<\/li>\n<li>Einstellbares Hop-up f\u00fcr erh\u00f6hte Genauigkeit<\/li>\n<li>35-mm-M\u00fcndungsfeuerd\u00e4mpfer aus Stahl<\/li>\n<\/ul>\n\n<h3>Technische Daten:<\/h3>\n<ul>\n<li>Hop-Up: Ja, einstellbar<\/li>\n<li>Gewicht: 3150 g<\/li>\n<li>L\u00e4nge: 500 - 744 mm<\/li>\n<li>Magazinkapazit\u00e4t: 130 Schuss<\/li>\n<li>M\u00fcndungsgeschwindigkeit: 117 m\/s (0,20 g)<\/li>\n<li>Feuermodus: Safe - Semi - Vollauto<\/li>\n<li>Material: Metall - Echtholz<\/li>\n<li>Gearbox: Version 3 Gearbox<\/li>\n<li>Buchsen\/Lager: 9 mm Lager<\/li>\n<li>Motor: 22000 U\/min<\/li>\n<li>Innenlauf (L\u00e4nge): 270 mm<\/li>\n<li>Verkabelung: 18AWG<\/li>\n<li>Zylinder: Verchromtes Messing<\/li>\n<li>Zylinderkopf: CNC-Aluminium<\/li>\n<li>Kolbenkopf: CNC-Aluminium<\/li>\n<li>Federf\u00fchrung: Stahl, Kugellager<\/li>\n<\/ul>","protected":false},"excerpt":{"rendered":"<p>LCT LCKMSU AKMSU AEG Airsoft Replik Kompakte AK-Variante mit hochwertigen Materialien Die LCT LCKMSU ist eine gut verarbeitete, kompakte AK-Variante, eine Weiterentwicklung der AKM. Diese Airsoft-Replik zeichnet sich durch ihre robuste Konstruktion und ihr realistisches Design aus, ideal f\u00fcr Airsoft-Enthusiasten, die ein zuverl\u00e4ssiges und leistungsstarkes Modell suchen. Entdecken Sie unsere Auswahl an authentischen Airsoft-Gewehren, um [&#8230;]","protected":false},"featured_media":18634,"template":"","meta":[],"product_brand":[],"product_cat":[400],"product_tag":[],"class_list":{"0":"post-18636","1":"product","2":"type-product","3":"status-publish","4":"has-post-thumbnail","6":"product_cat-automatkarbiner","7":"pa_brand-lct","9":"first","10":"outofstock","11":"sale","12":"taxable","13":"shipping-taxable","14":"purchasable","15":"product-type-simple"},"_links":{"self":[{"href":"http:\/\/ak47.nu\/de\/wp-json\/wp\/v2\/product\/18636","targetHints":{"allow":["GET"]}}],"collection":[{"href":"http:\/\/ak47.nu\/de\/wp-json\/wp\/v2\/product"}],"about":[{"href":"http:\/\/ak47.nu\/de\/wp-json\/wp\/v2\/types\/product"}],"wp:featuredmedia":[{"embeddable":true,"href":"http:\/\/ak47.nu\/de\/wp-json\/wp\/v2\/media\/18634"}],"wp:attachment":[{"href":"http:\/\/ak47.nu\/de\/wp-json\/wp\/v2\/media?parent=18636"}],"wp:term":[{"taxonomy":"product_brand","embeddable":true,"href":"http:\/\/ak47.nu\/de\/wp-json\/wp\/v2\/product_brand?post=18636"},{"taxonomy":"product_cat","embeddable":true,"href":"http:\/\/ak47.nu\/de\/wp-json\/wp\/v2\/product_cat?post=18636"},{"taxonomy":"product_tag","embeddable":true,"href":"http:\/\/ak47.nu\/de\/wp-json\/wp\/v2\/product_tag?post=18636"}],"curies":[{"name":"wp","href":"https:\/\/api.w.org\/{rel}","templated":true}]}}