{"id":18645,"date":"2022-05-06T12:18:47","date_gmt":"2022-05-06T10:18:47","guid":{"rendered":"https:\/\/ak47.nu\/produkt\/airsoft-replica-of-ak47-kalashnikov-klassisk-6mm-aeg\/"},"modified":"2025-12-03T20:20:29","modified_gmt":"2025-12-03T19:20:29","slug":"airsoft-replica-of-ak47-kalashnikov-klassisk-6mm-aeg","status":"publish","type":"product","link":"http:\/\/ak47.nu\/de\/produkt\/airsoft\/el-drivna\/automatkarbiner\/airsoft-replica-of-ak47-kalashnikov-klassisk-6mm-aeg\/","title":{"rendered":"Airsoft Replica of AK47 Kalashnikov klassisk &#8211; 6mm &#8211; AEG"},"content":{"rendered":"<p>F\u00f6dd 1919 i Ryssland har Mikhail Timofeecivh Kalashnikov alltid varit ingenj\u00f6rsentusiast. N\u00e4r han var pojke arbetade han som mekaniker p\u00e5 en traktorstation och sedan som gev\u00e4rprovare i en vapenfabrik, tills han drogs in i R\u00f6da arm\u00e9n 1938 som en tankbes\u00e4ttning.<\/p>\n<p>Skadad 1941 satte Mikhail Kalashnikov i rekonvalescens och han h\u00f6rde ofta soldater klaga p\u00e5 tillf\u00f6rlitlighetsfr\u00e5gor p\u00e5 deras infanterivapen. Han skapade sedan en ny typ av kulspruta, vilket resulterade i att han skickades in i ett vapendesignbyr\u00e5. \u00e5r 1947 resulterade hans arbete i Avtomat Kalashnikova, f\u00f6rkortat AK. &#8221;Kalashnikov&#8221; f\u00f6ddes och antogs officiellt av Sovjetunionen 1949.<\/p>\n<p>M\u00e5nga modeller f\u00f6ljde, alla ber\u00f6mda f\u00f6r samma kvaliteter: dessa vapen \u00e4r dock p\u00e5litliga, l\u00e4tta att underh\u00e5lla och anv\u00e4nda, och viktigast av allt \u00e4r de billiga. Av dessa sk\u00e4l blev AK en favorit bland gerillakrigare och l\u00e4nder som beh\u00f6ver ett enkelt men effektivt anfallgev\u00e4r.<\/p>\n<p>Familjen Kalashnikov \u00e4r den st\u00f6rsta gev\u00e4rsgruppen i v\u00e4rlden, med mer \u00e4n 100 miljoner enheter producerade \u00f6ver hela v\u00e4rlden, alla varianter tillsammans.<\/p>\n<p>Perfekt nyb\u00f6rjargev\u00e4r f\u00f6r dig som vill ge dig in p\u00e5 airsoft-spelande<br \/>Levereras komplett med laddare, batteri och tv\u00e5 magasin<\/p>\n<p>L\u00e4ngd: 875mm<br \/>Vikt: 2760 gram<br \/>Ammo: 6mm<br \/>Drift: batteri<br \/>L\u00e4gen: semi, auto och safe<br \/>Inkl batteri och laddare<br \/>Justerbara sikten<br \/>Material: metall + komposit<br \/>Kraft: 1,32joule \/ 115m\/s<br \/>Magasin: 2 st : 600 st kulor kapacitet<\/p>","protected":false},"excerpt":{"rendered":"<p>K\u00f6p en h\u00f6gkvalitativ airsoft-replika av AK47 Kalashnikov-klassisk &#8211; 6mm &#8211; AEG f\u00f6r dina spelbehov. Vi erbjuder ett brett utbud av airsoft-vapen och tillbeh\u00f6r till konkurrenskraftiga priser. Best\u00e4ll nu och njut av autentisk k\u00e4nsla och prestanda i dina airsoft-strider.<\/p>","protected":false},"featured_media":18637,"template":"","meta":[],"product_brand":[],"product_cat":[400],"product_tag":[],"class_list":{"0":"post-18645","1":"product","2":"type-product","3":"status-publish","4":"has-post-thumbnail","6":"product_cat-automatkarbiner","7":"pa_brand-kalashnikov","9":"first","10":"outofstock","11":"taxable","12":"shipping-taxable","13":"purchasable","14":"product-type-simple"},"_links":{"self":[{"href":"http:\/\/ak47.nu\/de\/wp-json\/wp\/v2\/product\/18645","targetHints":{"allow":["GET"]}}],"collection":[{"href":"http:\/\/ak47.nu\/de\/wp-json\/wp\/v2\/product"}],"about":[{"href":"http:\/\/ak47.nu\/de\/wp-json\/wp\/v2\/types\/product"}],"wp:featuredmedia":[{"embeddable":true,"href":"http:\/\/ak47.nu\/de\/wp-json\/wp\/v2\/media\/18637"}],"wp:attachment":[{"href":"http:\/\/ak47.nu\/de\/wp-json\/wp\/v2\/media?parent=18645"}],"wp:term":[{"taxonomy":"product_brand","embeddable":true,"href":"http:\/\/ak47.nu\/de\/wp-json\/wp\/v2\/product_brand?post=18645"},{"taxonomy":"product_cat","embeddable":true,"href":"http:\/\/ak47.nu\/de\/wp-json\/wp\/v2\/product_cat?post=18645"},{"taxonomy":"product_tag","embeddable":true,"href":"http:\/\/ak47.nu\/de\/wp-json\/wp\/v2\/product_tag?post=18645"}],"curies":[{"name":"wp","href":"https:\/\/api.w.org\/{rel}","templated":true}]}}