{"id":18683,"date":"2022-05-06T13:28:35","date_gmt":"2022-05-06T11:28:35","guid":{"rendered":"https:\/\/ak47.nu\/produkt\/airsoft-replica-ak47-kalashnikov-spetsnaz-beta-6mm-fjaderdriven\/"},"modified":"2025-12-03T20:18:35","modified_gmt":"2025-12-03T19:18:35","slug":"airsoft-replica-ak47-kalashnikov-spetsnaz-beta-6mm-fjaderdriven","status":"publish","type":"product","link":"http:\/\/ak47.nu\/de\/produkt\/airsoft\/fjader\/automatkarbiner-fjader\/airsoft-replica-ak47-kalashnikov-spetsnaz-beta-6mm-fjaderdriven\/","title":{"rendered":"Airsoft Replica &#8211; AK47 &#8211; Kalashnikov Spetsnaz beta 6mm fj\u00e4derdriven"},"content":{"rendered":"<p>F\u00f6dd 1919 i Ryssland har Mikhail Timofeecivh Kalashnikov alltid varit ingenj\u00f6rsentusiast. N\u00e4r han var pojke arbetade han som mekaniker p\u00e5 en traktorstation och sedan som gev\u00e4rprovare i en vapenfabrik, tills han drogs in i R\u00f6da arm\u00e9n 1938 som en tankbes\u00e4ttning.<\/p>\n<p>Skadad 1941 satte Mikhail Kalashnikov i rekonvalescens och han h\u00f6rde ofta soldater klaga p\u00e5 tillf\u00f6rlitlighetsfr\u00e5gor p\u00e5 deras infanterivapen. Han skapade sedan en ny typ av kulspruta, vilket resulterade i att han skickades in i ett vapendesignbyr\u00e5. \u00e5r 1947 resulterade hans arbete i Avtomat Kalashnikova, f\u00f6rkortat AK. &#8221;Kalashnikov&#8221; f\u00f6ddes och antogs officiellt av Sovjetunionen 1949.<\/p>\n<p>M\u00e5nga modeller f\u00f6ljde, alla ber\u00f6mda f\u00f6r samma kvaliteter: dessa vapen \u00e4r dock p\u00e5litliga, l\u00e4tta att underh\u00e5lla och anv\u00e4nda, och viktigast av allt \u00e4r de billiga. Av dessa sk\u00e4l blev AK en favorit bland gerillakrigare och l\u00e4nder som beh\u00f6ver ett enkelt men effektivt anfallgev\u00e4r.<\/p>\n<p>Familjen Kalashnikov \u00e4r den st\u00f6rsta gev\u00e4rsgruppen i v\u00e4rlden, med mer \u00e4n 100 miljoner enheter producerade \u00f6ver hela v\u00e4rlden, alla varianter tillsammans.<\/p>\n<p>Detta \u00e4r en cool b\u00f6ssa f\u00f6r en liten peng, gjord av slagt\u00e5lig ABS med urtagbart magasin med klassisk ins\u00e4ttning som orginalet (rock in).<br \/>Perfekt f\u00f6r nyb\u00f6rjare som vill testa p\u00e5 airsoft men inte g\u00e5 p\u00e5 de absolut billigaste vapnen utan f\u00e5 lite mer kvalitet, s\u00e5som i denna licenserade Kalashnikoven<\/p>\n<p><b>Specifikationer<\/b><br \/>Kaliber: 6mm Airsoft<br \/>Drivning: Fj\u00e4der<br \/>Kraft: 0,7 Joule<br \/>Hop-up: Ja<br \/>Material: ABS<br \/>Utg\u00e5ngshastighet: 355 fps<br \/>Vikt: ca 750 gram<br \/>L\u00e4ngd: ca 49 cm<\/p>","protected":false},"excerpt":{"rendered":"<p>K\u00f6p en fj\u00e4derdriven AK47 Kalashnikov Spetsnaz airsoft-replika p\u00e5 6mm &#8211; perfekt f\u00f6r airsoft-entusiaster. Med h\u00f6gkvalitativ design och precision \u00e4r denna airsoft-replika ett utm\u00e4rkt val f\u00f6r spel och tr\u00e4ning. Best\u00e4ll din AK47 airsoft-replika idag och njut av autentisk k\u00e4nsla och prestanda.<\/p>","protected":false},"featured_media":18678,"template":"","meta":[],"product_brand":[],"product_cat":[420],"product_tag":[],"class_list":{"0":"post-18683","1":"product","2":"type-product","3":"status-publish","4":"has-post-thumbnail","6":"product_cat-automatkarbiner-fjader","7":"pa_brand-kalashnikov","8":"pa_farg-svart","10":"first","11":"outofstock","12":"taxable","13":"shipping-taxable","14":"purchasable","15":"product-type-simple"},"_links":{"self":[{"href":"http:\/\/ak47.nu\/de\/wp-json\/wp\/v2\/product\/18683","targetHints":{"allow":["GET"]}}],"collection":[{"href":"http:\/\/ak47.nu\/de\/wp-json\/wp\/v2\/product"}],"about":[{"href":"http:\/\/ak47.nu\/de\/wp-json\/wp\/v2\/types\/product"}],"wp:featuredmedia":[{"embeddable":true,"href":"http:\/\/ak47.nu\/de\/wp-json\/wp\/v2\/media\/18678"}],"wp:attachment":[{"href":"http:\/\/ak47.nu\/de\/wp-json\/wp\/v2\/media?parent=18683"}],"wp:term":[{"taxonomy":"product_brand","embeddable":true,"href":"http:\/\/ak47.nu\/de\/wp-json\/wp\/v2\/product_brand?post=18683"},{"taxonomy":"product_cat","embeddable":true,"href":"http:\/\/ak47.nu\/de\/wp-json\/wp\/v2\/product_cat?post=18683"},{"taxonomy":"product_tag","embeddable":true,"href":"http:\/\/ak47.nu\/de\/wp-json\/wp\/v2\/product_tag?post=18683"}],"curies":[{"name":"wp","href":"https:\/\/api.w.org\/{rel}","templated":true}]}}