{"id":19471,"date":"2022-05-06T14:23:09","date_gmt":"2022-05-06T12:23:09","guid":{"rendered":"https:\/\/ak47.nu\/produkt\/handgranat-mk2-replica\/"},"modified":"2025-12-03T12:49:07","modified_gmt":"2025-12-03T11:49:07","slug":"mk2-handgranate-replikat","status":"publish","type":"product","link":"http:\/\/ak47.nu\/de\/produkt\/replikor\/ovriga-vapen-replikor\/mk2-handgranate-replikat\/","title":{"rendered":"MK2 Handgranate Replikat | DENIX"},"content":{"rendered":"<h1>MK2 Handgranate Replikat<\/h1>\n<h2>Authentische Nachbildung der MK2 Handgranate<\/h2>\n<p>Beeindruckende und naturgetreue Nachbildung der amerikanischen MK2 Handgranate, hergestellt von DENIX. Dieses Modell ist eine detaillierte Darstellung der Handgranate, die von den Vereinigten Staaten im Zweiten Weltkrieg weit verbreitet war. Ihr markantes Aussehen brachte ihr aufgrund ihres ananasartigen Designs den Spitznamen \"Pineapple\" ein.<\/p>\n\n<h3>Produktinformationen:<\/h3>\n<ul>\n <li>H&ouml;he: 11,5 cm<\/li>\n <li>Gewicht: 416 g<\/li>\n<\/ul>\n\n<p>Diese Nachbildung ist ideal f&uuml;r Sammler und Geschichtsinteressierte, die ein St&uuml;ck Milit&auml;rgeschichte besitzen m&ouml;chten, ohne mit gef&auml;hrlichen Gegenst&auml;nden umzugehen. Unsere Repliken sind v&ouml;llig lizenzfrei und k&ouml;nnen nicht so ver&auml;ndert werden, dass sie scharf werden, was einen sicheren und legalen Besitz gew&auml;hrleistet. Verwenden Sie diese stilvolle und coole Nachbildung als einzigartige Dekoration in Ihrem Zuhause oder B&uuml;ro oder als Teil einer historischen Sammlung. <a href=\"https:\/\/ak47.nu\/de\/butik\/\">Sehen Sie sich unsere Auswahl an anderen Replikatwaffen an<\/a>, um weitere historische Gegenst&auml;nde zu finden.<\/p>\n\n<p>Dieses Handgranatenreplikat eignet sich perfekt, um Ihrer Sammlung eine authentische Note zu verleihen oder als interessanter Gespr&auml;chsaufh&auml;nger. Ihre historische Bedeutung und ihr einzigartiges Design machen sie zu einem gesch&auml;tzten Geschenk f&uuml;r alle, die sich f&uuml;r Milit&auml;rgeschichte interessieren. Entdecken Sie <a href=\"https:\/\/ak47.nu\/de\/replikor\/ovriga-vapen-replikor\/\">unsere Kategorie f&uuml;r Replikatwaffen<\/a> und finden Sie weitere &auml;hnliche Produkte!<\/p>\n\n<p>Die Nachbildung wird mit viel Liebe zum Detail hergestellt, um dem Original so nahe wie m&ouml;glich zu kommen. Mit ihrer robusten Konstruktion und dem realistischen Aussehen ist sie eine beeindruckende Erg&auml;nzung f&uuml;r jede Sammlung. F&uuml;r weitere einzigartige Sammlerst&uuml;cke besuchen Sie <a href=\"https:\/\/ak47.nu\/de\/\">unsere Website<\/a>.<\/p>","protected":false},"excerpt":{"rendered":"<p>K\u00f6p en realistisk handgranat MK2 replica av h\u00f6g kvalitet online &#8211; perfekt f\u00f6r samlare och milit\u00e4rhistoriska entusiaster. Utforska v\u00e5rt breda sortiment och hitta den perfekta replikan f\u00f6r din samling eller reenactment. Best\u00e4ll nu och f\u00e5 snabb leverans.<\/p>","protected":false},"featured_media":19464,"template":"","meta":[],"product_brand":[],"product_cat":[448],"product_tag":[],"class_list":{"0":"post-19471","1":"product","2":"type-product","3":"status-publish","4":"has-post-thumbnail","6":"product_cat-ovriga-vapen-replikor","7":"pa_brand-denix","9":"first","10":"outofstock","11":"taxable","12":"shipping-taxable","13":"purchasable","14":"product-type-simple"},"_links":{"self":[{"href":"http:\/\/ak47.nu\/de\/wp-json\/wp\/v2\/product\/19471","targetHints":{"allow":["GET"]}}],"collection":[{"href":"http:\/\/ak47.nu\/de\/wp-json\/wp\/v2\/product"}],"about":[{"href":"http:\/\/ak47.nu\/de\/wp-json\/wp\/v2\/types\/product"}],"wp:featuredmedia":[{"embeddable":true,"href":"http:\/\/ak47.nu\/de\/wp-json\/wp\/v2\/media\/19464"}],"wp:attachment":[{"href":"http:\/\/ak47.nu\/de\/wp-json\/wp\/v2\/media?parent=19471"}],"wp:term":[{"taxonomy":"product_brand","embeddable":true,"href":"http:\/\/ak47.nu\/de\/wp-json\/wp\/v2\/product_brand?post=19471"},{"taxonomy":"product_cat","embeddable":true,"href":"http:\/\/ak47.nu\/de\/wp-json\/wp\/v2\/product_cat?post=19471"},{"taxonomy":"product_tag","embeddable":true,"href":"http:\/\/ak47.nu\/de\/wp-json\/wp\/v2\/product_tag?post=19471"}],"curies":[{"name":"wp","href":"https:\/\/api.w.org\/{rel}","templated":true}]}}