{"id":19527,"date":"2022-05-06T14:23:38","date_gmt":"2022-05-06T12:23:38","guid":{"rendered":"https:\/\/ak47.nu\/produkt\/replica-luger-p08-patron-765\/"},"modified":"2025-12-03T12:49:25","modified_gmt":"2025-12-03T11:49:25","slug":"replika-luger-p08-patrone-7-65","status":"publish","type":"product","link":"http:\/\/ak47.nu\/de\/produkt\/replikor\/tillbehor-replikor\/replika-luger-p08-patrone-7-65\/","title":{"rendered":"Replika Luger P08 Patrone 7,65 | DENIX"},"content":{"rendered":"<h1>Replika Luger P08 Patrone 7,65<\/h1>\n<h2>Authentische Nachbildung einer legend\u00e4ren Patrone<\/h2>\n<p>Replika der ber\u00fchmten Patrone f\u00fcr die P08 Luger, einem ikonischen St\u00fcck Waffengeschichte. Diese Replika erfasst die Details der Originalpatrone 7,65x21mm Parabellum (auch bekannt als .30 Luger und 7,65mm Luger), die 1898 von der Deutschen Waffen und Munitionsfabriken (DWM) f\u00fcr ihre Pistol Parabellum eingef\u00fchrt wurde. Die Patrone wurde von Georg Luger und Hugo Borchardt aus der fr\u00fcheren 7,65x25mm Borchardt entwickelt.<\/p>\n<h3>Dekorative Repliken<\/h3>\n<p>Diese Replika-Patronen sind lizenzfrei und k\u00f6nnen nicht scharf gemacht werden, was sie perfekt f\u00fcr die Dekoration macht. Sie sind stilvoll und cool, um sie in Ihrer Sammlung oder als einzigartiges Detail in Ihrem Zuhause oder B\u00fcro auszustellen.<\/p>\n<ul>\n  <li>Lizenzfreie Repliken - K\u00f6nnen nicht scharf gemacht werden<\/li>\n  <li>Perfekt zur Dekoration<\/li>\n  <li>Einzeln erh\u00e4ltlich<\/li>\n<\/ul>\n<p>Tauchen Sie mit dieser detaillierten Replika in die Milit\u00e4rgeschichte ein. Vervollst\u00e4ndigen Sie Ihre Sammlung mit dieser <a href=\"https:\/\/ak47.nu\/de\/butik\/\">Replika Luger P08<\/a>. Entdecken Sie unser Sortiment an <a href=\"https:\/\/ak47.nu\/de\/replikor\/\">Replica-Waffenzubeh\u00f6r<\/a> und finden Sie weitere historische Gegenst\u00e4nde. Besuchen Sie <a href=\"https:\/\/ak47.nu\/de\/\">unsere Website<\/a>, um unser gesamtes Sortiment zu entdecken.<\/p>","protected":false},"excerpt":{"rendered":"<p>Replika Luger P08 Patrone 7,65 Authentische Nachbildung einer legend\u00e4ren Patrone Replika der ber\u00fchmten Patrone f\u00fcr die P08 Luger, einem ikonischen St\u00fcck Waffengeschichte. Diese Replika erfasst die Details der Originalpatrone 7,65x21mm Parabellum (auch bekannt als .30 Luger und 7,65mm Luger), die 1898 von der Deutschen Waffen und Munitionsfabriken (DWM) f\u00fcr ihre Pistol Parabellum eingef\u00fchrt wurde. Die [&#8230;]","protected":false},"featured_media":19521,"template":"","meta":[],"product_brand":[],"product_cat":[449],"product_tag":[],"class_list":{"0":"post-19527","1":"product","2":"type-product","3":"status-publish","4":"has-post-thumbnail","6":"product_cat-tillbehor-replikor","7":"pa_brand-denix","9":"first","10":"outofstock","11":"sale","12":"taxable","13":"shipping-taxable","14":"purchasable","15":"product-type-simple"},"_links":{"self":[{"href":"http:\/\/ak47.nu\/de\/wp-json\/wp\/v2\/product\/19527","targetHints":{"allow":["GET"]}}],"collection":[{"href":"http:\/\/ak47.nu\/de\/wp-json\/wp\/v2\/product"}],"about":[{"href":"http:\/\/ak47.nu\/de\/wp-json\/wp\/v2\/types\/product"}],"wp:featuredmedia":[{"embeddable":true,"href":"http:\/\/ak47.nu\/de\/wp-json\/wp\/v2\/media\/19521"}],"wp:attachment":[{"href":"http:\/\/ak47.nu\/de\/wp-json\/wp\/v2\/media?parent=19527"}],"wp:term":[{"taxonomy":"product_brand","embeddable":true,"href":"http:\/\/ak47.nu\/de\/wp-json\/wp\/v2\/product_brand?post=19527"},{"taxonomy":"product_cat","embeddable":true,"href":"http:\/\/ak47.nu\/de\/wp-json\/wp\/v2\/product_cat?post=19527"},{"taxonomy":"product_tag","embeddable":true,"href":"http:\/\/ak47.nu\/de\/wp-json\/wp\/v2\/product_tag?post=19527"}],"curies":[{"name":"wp","href":"https:\/\/api.w.org\/{rel}","templated":true}]}}