{"id":19805,"date":"2022-05-07T10:37:47","date_gmt":"2022-05-07T08:37:47","guid":{"rendered":"https:\/\/ak47.nu\/produkt\/thunder-b-sonic-grenade-starter-pack-shocker-6mm-airsoft-c02\/"},"modified":"2026-02-20T09:31:33","modified_gmt":"2026-02-20T08:31:33","slug":"thunder-b-sonic-granate-starter-pack-6mm-airsoft","status":"publish","type":"product","link":"http:\/\/ak47.nu\/de\/produkt\/airsoft\/co2\/ovriga-vapen-co2\/thunder-b-sonic-granate-starter-pack-6mm-airsoft\/","title":{"rendered":"Thunder B Sonic Grenade Starter Pack - 6mm Airsoft C02"},"content":{"rendered":"<h1>Thunder B Sonic Grenade Starter Pack - Shocker 6mm Airsoft C02<\/h1>\n<h2>Realistische und wiederverwendbare Airsoft-Granate<\/h2>\n<p>Die Thunder B kann an taktischen Westen oder Jacken befestigt werden, sodass sie w\u00e4hrend Airsoft-Spielen leicht zug\u00e4nglich ist. Ihre Farbe und Form \u00e4hneln einer echten Granate, die vom Milit\u00e4r verwendet wird, was den Realismus erh\u00f6ht. Handhabung, Bedienung und Funktion sind ebenfalls dem Original \u00e4hnlich. Je realistischer die Granate ist, desto mehr Spa\u00df haben Sie auf dem Airsoft-Feld. Erleben Sie den Nervenkitzel einer realistischen Airsoft-Granate. Weitere <a href=\"https:\/\/ak47.nu\/de\/butik\/\">Airsoft-Zubeh\u00f6rteile<\/a> finden Sie in unserem Sortiment.<\/p>\n<h3>Sicherheit und Wiederverwendbarkeit<\/h3>\n<p>Da die Thunder B kein Schie\u00dfpulver enth\u00e4lt, m\u00fcssen Sie sich keine Sorgen \u00fcber Brandgefahren machen, wenn sie explodiert. Dies gew\u00e4hrleistet die Sicherheit des Benutzers. Sie m\u00fcssen sich jedoch immer noch vor dem ohrenbet\u00e4ubenden \"BANG\" in Acht nehmen, der Sie \u00fcberraschen kann. Die Thunder B erzeugt einen Ger\u00e4uschpegel von \u00fcber 130 dB, was dem Ger\u00e4uschpegel eines pneumatischen Bohrers oder eines \u00fcber Ihren Kopf fliegenden Flugzeugs entspricht. Seien Sie bei der Verwendung wachsam. Wenn Sie \u00e4hnliche Produkte sehen m\u00f6chten, besuchen Sie unsere <a href=\"https:\/\/ak47.nu\/de\/airsoft\/\">Airsoft-Granaten Kategorie<\/a>.<\/p>\n<ul>\n  <li><b>Wiederverwendbar:<\/b> Ersetzen Sie einfach die CO2-Gasflasche und die Au\u00dfenh\u00fclle nach Gebrauch, dann k\u00f6nnen Sie sie erneut abfeuern.<\/li>\n  <li><b>Einfache Installation:<\/b> Installations- und Einrichtungsverfahren sind einfach und unkompliziert. Informationen zur Einrichtung finden Sie im Benutzerhandbuch.<\/li>\n  <li><b>CO2-betrieben:<\/b> Die Thunder B wird mit CO2-Einweggas betrieben.<\/li>\n<\/ul>\n<h3>Bombendemonstrationen und milit\u00e4rische Nutzung<\/h3>\n<p>Da sie kein Schie\u00dfpulver oder Materialien enth\u00e4lt, die verbrannt und explodieren k\u00f6nnen, kann sie aufgrund ihrer realistischen Form, Handhabung und Funktion bei Bombendemonstrationen w\u00e4hrend milit\u00e4rischer \u00dcbungen eingesetzt werden. Sicherheit geht vor, aber Realismus steht an zweiter Stelle. Besuchen Sie <a href=\"https:\/\/ak47.nu\/de\/\">unsere Homepage<\/a> f\u00fcr weitere Produkte und Sicherheitsinformationen.<\/p>\n<p><b>HINWEIS!<\/b> Als Benutzer dieses Produkts sind Sie allein daf\u00fcr verantwortlich, es so zu bedienen, dass Sie sich oder andere nicht gef\u00e4hrden. Beachten Sie jederzeit sichere Handhabungsmethoden. Es ist w\u00fcnschenswert, den Abstand in alle Richtungen von diesem Produkt einzuhalten.<\/p>","protected":false},"excerpt":{"rendered":"<p>Thunder B Sonic Grenade Starter Pack &#8211; Shocker 6mm Airsoft C02 Realistische und wiederverwendbare Airsoft-Granate Die Thunder B kann an taktischen Westen oder Jacken befestigt werden, sodass sie w\u00e4hrend Airsoft-Spielen leicht zug\u00e4nglich ist. Ihre Farbe und Form \u00e4hneln einer echten Granate, die vom Milit\u00e4r verwendet wird, was den Realismus erh\u00f6ht. Handhabung, Bedienung und Funktion sind [&#8230;]","protected":false},"featured_media":19803,"template":"","meta":[],"product_brand":[],"product_cat":[409],"product_tag":[],"class_list":{"0":"post-19805","1":"product","2":"type-product","3":"status-publish","4":"has-post-thumbnail","6":"product_cat-ovriga-vapen-co2","7":"pa_brand-hakkotsu","9":"first","10":"instock","11":"sale","12":"taxable","13":"shipping-taxable","14":"purchasable","15":"product-type-simple"},"_links":{"self":[{"href":"http:\/\/ak47.nu\/de\/wp-json\/wp\/v2\/product\/19805","targetHints":{"allow":["GET"]}}],"collection":[{"href":"http:\/\/ak47.nu\/de\/wp-json\/wp\/v2\/product"}],"about":[{"href":"http:\/\/ak47.nu\/de\/wp-json\/wp\/v2\/types\/product"}],"wp:featuredmedia":[{"embeddable":true,"href":"http:\/\/ak47.nu\/de\/wp-json\/wp\/v2\/media\/19803"}],"wp:attachment":[{"href":"http:\/\/ak47.nu\/de\/wp-json\/wp\/v2\/media?parent=19805"}],"wp:term":[{"taxonomy":"product_brand","embeddable":true,"href":"http:\/\/ak47.nu\/de\/wp-json\/wp\/v2\/product_brand?post=19805"},{"taxonomy":"product_cat","embeddable":true,"href":"http:\/\/ak47.nu\/de\/wp-json\/wp\/v2\/product_cat?post=19805"},{"taxonomy":"product_tag","embeddable":true,"href":"http:\/\/ak47.nu\/de\/wp-json\/wp\/v2\/product_tag?post=19805"}],"curies":[{"name":"wp","href":"https:\/\/api.w.org\/{rel}","templated":true}]}}