{"id":20253,"date":"2022-05-07T10:52:44","date_gmt":"2022-05-07T08:52:44","guid":{"rendered":"https:\/\/ak47.nu\/produkt\/airsoft-we-bulldog-compact-silver-blowback-6mm-greengas\/"},"modified":"2025-08-21T10:54:25","modified_gmt":"2025-08-21T08:54:25","slug":"we-bulldog-kompakt-silber-blowback-airsoft","status":"publish","type":"product","link":"http:\/\/ak47.nu\/de\/produkt\/airsoft\/grongas\/pistoler-grongas\/we-bulldog-kompakt-silber-blowback-airsoft\/","title":{"rendered":"WE Bulldog Kompakt Silber Blowback Airsoft | WE"},"content":{"rendered":"<h1>WE Bulldog Kompakt Silber Blowback 6mm Airsoft Pistole<\/h1>\n<h2>Kompakte und vielseitige Airsoft Pistole f\u00fcr MilSim und CQB<\/h2>\n<p>Die WE Bulldog Compact ist eine kleine, aber leistungsstarke Airsoft Pistole, die sich ideal f\u00fcr MilSim- und CQB-Szenarien eignet. Sie verf\u00fcgt \u00fcber eine robuste Konstruktion mit einem hochfesten Hartpolymer-Unterteil\/Rahmen und einem Vollmetall-Aluminiumschlitten f\u00fcr optimierte Leistung und Haltbarkeit. Diese Airsoft Pistole kombiniert ein realistisches Gef\u00fchl mit praktischen Funktionen.<\/p>\n<h3>Funktionen und Vorteile<\/h3>\n<ul>\n <li><strong>Hochleistungs-Schlitten:<\/strong> Der Vollmetall-Aluminiumschlitten erh\u00f6ht die Haltbarkeit und optimiert die Leistung.<\/li>\n <li><strong>On-Frame-Sicherung:<\/strong> Integrierte On-Frame-Sicherung mit Entspannhebel f\u00fcr sichere Handhabung.<\/li>\n <li><strong>Gewinde-Laufverl\u00e4ngerung:<\/strong> M\u00f6glichkeit zur Anbringung von Schalld\u00e4mpfer-Nachbildungen\/M\u00fcndungsvorrichtungen \u00fcber die Gewinde-Laufverl\u00e4ngerung.<\/li>\n <li><strong>Integrierte Zubeh\u00f6rschiene:<\/strong> On-Frame-Zubeh\u00f6rschiene zur Montage von taktischen Lampen, Lasern oder anderen externen Anbauteilen.<\/li>\n <li><strong>Realistisches Magazin:<\/strong> Herausnehmbares Drop-Free-Magazin, das einen realistischen Betrieb nachahmt.<\/li>\n <li><strong>Quick Aim Visiereinrichtung:<\/strong> Quick Aim Green-Dot-Visierung vorne und hinten f\u00fcr schnellere Zielerfassung.<\/li>\n <li><strong>Hard-Kick-Blowback:<\/strong> Hard-Kick-Blowback-Aktion sorgt f\u00fcr ein sehr realistisches Gef\u00fchl.<\/li>\n<\/ul>\n<p>Dieses Modell verf\u00fcgt au\u00dferdem \u00fcber ein einstellbares Hop-Up, das Ihnen noch mehr Pr\u00e4zision und Kontrolle \u00fcber Ihre Sch\u00fcsse erm\u00f6glicht. Mit einer M\u00fcndungsgeschwindigkeit von 265-280 FPS ist die WE Bulldog Compact sofort einsatzbereit.<\/p>\n<p>Die Bulldog Compact ist perfekt als Zweitwaffe im MilSim oder als Prim\u00e4rwaffe im CQB und ist eine vielseitige kleine Pistole, die f\u00fcr den harten Einsatz konzipiert ist. <a href=\"https:\/\/ak47.nu\/de\/butik\/\">Entdecken Sie unsere Auswahl an Airsoft-Pistolen<\/a>, um die perfekte Erg\u00e4nzung f\u00fcr Ihre Ausr\u00fcstung zu finden. Verpassen Sie auch nicht unser Angebot an <a href=\"https:\/\/ak47.nu\/de\/airsoft\/\">Airsoft-Zubeh\u00f6r<\/a>, um Ihr Airsoft-Erlebnis zu optimieren. Besuchen Sie <a href=\"https:\/\/ak47.nu\/de\/\">unsere Website<\/a>, um unser vollst\u00e4ndiges Angebot zu sehen.<\/p>\n<h3>Spezifikationen:<\/h3>\n<ul>\n <li><strong>Abmessungen:<\/strong> 155mm x 140mm<\/li>\n <li><strong>M\u00fcndungsgeschwindigkeit:<\/strong> 265~280 FPS (gemessen mit 0,20g BBs und Green Gas)<\/li>\n <li><strong>Magazin:<\/strong> 20rd Compact<\/li>\n <li><strong>Gas Type:<\/strong> Green Gas, Red Gas, Propane<\/li>\n <li><strong>Firing Mode:<\/strong> Semi Automatic, Safety<\/li>\n <li><strong>System:<\/strong> Gas Blowback<\/li>\n <li><strong>Hopup:<\/strong> Ja, Einstellbar<\/li>\n<\/ul>\n<p><strong>Paket beinhaltet:<\/strong> Pistole, Compact Magazin<\/p>\n<p>Hersteller: WE-Tech<\/p>","protected":false},"excerpt":{"rendered":"<p>WE Bulldog Kompakt Silber Blowback 6mm Airsoft Pistole Kompakte und vielseitige Airsoft Pistole f\u00fcr MilSim und CQB Die WE Bulldog Compact ist eine kleine, aber leistungsstarke Airsoft Pistole, die sich ideal f\u00fcr MilSim- und CQB-Szenarien eignet. Sie verf\u00fcgt \u00fcber eine robuste Konstruktion mit einem hochfesten Hartpolymer-Unterteil\/Rahmen und einem Vollmetall-Aluminiumschlitten f\u00fcr optimierte Leistung und Haltbarkeit. Diese [&#8230;]","protected":false},"featured_media":20252,"template":"","meta":[],"product_brand":[],"product_cat":[368,410,411],"product_tag":[],"class_list":{"0":"post-20253","1":"product","2":"type-product","3":"status-publish","4":"has-post-thumbnail","6":"product_cat-airsoft","7":"product_cat-grongas","8":"product_cat-pistoler-grongas","9":"pa_brand-we","11":"first","12":"outofstock","13":"sale","14":"taxable","15":"shipping-taxable","16":"purchasable","17":"product-type-simple"},"_links":{"self":[{"href":"http:\/\/ak47.nu\/de\/wp-json\/wp\/v2\/product\/20253","targetHints":{"allow":["GET"]}}],"collection":[{"href":"http:\/\/ak47.nu\/de\/wp-json\/wp\/v2\/product"}],"about":[{"href":"http:\/\/ak47.nu\/de\/wp-json\/wp\/v2\/types\/product"}],"wp:featuredmedia":[{"embeddable":true,"href":"http:\/\/ak47.nu\/de\/wp-json\/wp\/v2\/media\/20252"}],"wp:attachment":[{"href":"http:\/\/ak47.nu\/de\/wp-json\/wp\/v2\/media?parent=20253"}],"wp:term":[{"taxonomy":"product_brand","embeddable":true,"href":"http:\/\/ak47.nu\/de\/wp-json\/wp\/v2\/product_brand?post=20253"},{"taxonomy":"product_cat","embeddable":true,"href":"http:\/\/ak47.nu\/de\/wp-json\/wp\/v2\/product_cat?post=20253"},{"taxonomy":"product_tag","embeddable":true,"href":"http:\/\/ak47.nu\/de\/wp-json\/wp\/v2\/product_tag?post=20253"}],"curies":[{"name":"wp","href":"https:\/\/api.w.org\/{rel}","templated":true}]}}