{"id":20302,"date":"2022-05-07T10:53:38","date_gmt":"2022-05-07T08:53:38","guid":{"rendered":"https:\/\/ak47.nu\/produkt\/aps-acp-action-combat-pistol-601-a-tacs-soft-air-gun-airsoftgun\/"},"modified":"2025-12-03T12:49:46","modified_gmt":"2025-12-03T11:49:46","slug":"aps-acp-601-a-tacs-airsoft-pistole-demo-modell","status":"publish","type":"product","link":"http:\/\/ak47.nu\/de\/produkt\/airsoft\/grongas\/pistoler-grongas\/aps-acp-601-a-tacs-airsoft-pistole-demo-modell\/","title":{"rendered":"APS ACP 601-A-Tacs Airsoft Pistole | Demo-Modell"},"content":{"rendered":"<h1>APS ACP (Action Combat Pistol) 601-A-Tacs Airsoft Pistole<\/h1>\n<h2>Kompakte und robuste Airsoft-Pistole f\u00fcr actionreiche Spiele<\/h2>\n<p>Die APS ACP601 in A-Tacs-Tarnung ist eine CO2-betriebene Pistole, die Realismus mit Leistung verbindet. Sie wird mit einer 12-g-CO2-Kartusche betrieben, die sich bequem im Magazin befindet und eine zuverl\u00e4ssige und konstante Energiequelle bietet. Mit ihrem Omni Magwell erm\u00f6glicht sie schnelle und reibungslose Magazinwechsel, was in intensiven Kampfsituationen entscheidend ist. Diese Pistole ist ein Demo-Modell, das Ihnen die M\u00f6glichkeit gibt, eine hochwertige Airsoft-Pistole zu einem reduzierten Preis zu erwerben. Obwohl die Verpackung ge\u00f6ffnet und die Waffe probegeschossen wurde, wurde sie nie in Spielen verwendet, sondern nur einer gr\u00fcndlichen Qualit\u00e4tskontrolle und Bewertung unterzogen, um eine optimale Funktion zu gew\u00e4hrleisten.<\/p>\n\n<h3>Hauptmerkmale:<\/h3>\n<ul>\n    <li><strong>A-Tacs-Tarnung:<\/strong> Bietet ein einzigartiges und taktisches Aussehen.<\/li>\n    <li><strong>12-g-CO2-Kartusche:<\/strong> Betrieb mit einer Standard-12-g-CO2-Kartusche f\u00fcr einfache Verwendung.<\/li>\n    <li><strong>Omni Magwell:<\/strong> Schnellere und reibungslosere Magazinwechsel.<\/li>\n    <li><strong>Robuste Konstruktion:<\/strong> Respektables Gewicht von 818 g mit dem Magazin, was ein solides und realistisches Gef\u00fchl vermittelt.<\/li>\n    <li><strong>Fiberkorn und Fiberkimme:<\/strong> Erm\u00f6glicht schnelles und pr\u00e4zises Zielen.<\/li>\n<\/ul>\n\n<h3>Technische Daten:<\/h3>\n<ul>\n    <li>Kaliber: 6mm BB<\/li>\n    <li>Inner barrel size: 6.03mm<\/li>\n    <li>Energy Source: 1 x 12g Co2 Canister<\/li>\n    <li>Velocity: 280~350 FPS (Upon Request)<\/li>\n    <li>Maximum Range: 60 Meter<\/li>\n    <li>Effective Range: 35 Meter<\/li>\n    <li>Fire Selector: Safe \/ Semi Auto<\/li>\n    <li>Magazine Capacity : 25 + 1 Rounds<\/li>\n    <li>Length 18.4cm(L)<\/li>\n    <li>Weight: 0.78 kg<\/li>\n<\/ul>\n<p>Mit ihrer Kombination aus realistischem Design, robuster Konstruktion und benutzerfreundlichen Funktionen ist die APS ACP601 eine ausgezeichnete Wahl f\u00fcr Airsoft-Enthusiasten. Entdecken Sie noch heute unsere gro\u00dfe Auswahl an <a href=\"https:\/\/ak47.nu\/de\/butik\/\">\u00e4hnlichen Airsoft-Pistolen<\/a>. Sind Sie neugierig auf weitere Modelle? <a href=\"https:\/\/ak47.nu\/de\/airsoft\/\">Sehen Sie sich hier unser Angebot an Airsoft-Waffen an<\/a>. Besuchen Sie <a href=\"https:\/\/ak47.nu\/de\/\">unsere Website<\/a>, um alle unsere Produkte zu sehen!<\/p>","protected":false},"excerpt":{"rendered":"<p>APS ACP (Action Combat Pistol) 601-A-Tacs Airsoft Pistole Kompakte und robuste Airsoft-Pistole f\u00fcr actionreiche Spiele Die APS ACP601 in A-Tacs-Tarnung ist eine CO2-betriebene Pistole, die Realismus mit Leistung verbindet. Sie wird mit einer 12-g-CO2-Kartusche betrieben, die sich bequem im Magazin befindet und eine zuverl\u00e4ssige und konstante Energiequelle bietet. Mit ihrem Omni Magwell erm\u00f6glicht sie schnelle [&#8230;]","protected":false},"featured_media":20297,"template":"","meta":[],"product_brand":[],"product_cat":[411],"product_tag":[],"class_list":{"0":"post-20302","1":"product","2":"type-product","3":"status-publish","4":"has-post-thumbnail","6":"product_cat-pistoler-grongas","7":"pa_brand-no-brand","9":"first","10":"outofstock","11":"sale","12":"taxable","13":"shipping-taxable","14":"purchasable","15":"product-type-simple"},"_links":{"self":[{"href":"http:\/\/ak47.nu\/de\/wp-json\/wp\/v2\/product\/20302","targetHints":{"allow":["GET"]}}],"collection":[{"href":"http:\/\/ak47.nu\/de\/wp-json\/wp\/v2\/product"}],"about":[{"href":"http:\/\/ak47.nu\/de\/wp-json\/wp\/v2\/types\/product"}],"wp:featuredmedia":[{"embeddable":true,"href":"http:\/\/ak47.nu\/de\/wp-json\/wp\/v2\/media\/20297"}],"wp:attachment":[{"href":"http:\/\/ak47.nu\/de\/wp-json\/wp\/v2\/media?parent=20302"}],"wp:term":[{"taxonomy":"product_brand","embeddable":true,"href":"http:\/\/ak47.nu\/de\/wp-json\/wp\/v2\/product_brand?post=20302"},{"taxonomy":"product_cat","embeddable":true,"href":"http:\/\/ak47.nu\/de\/wp-json\/wp\/v2\/product_cat?post=20302"},{"taxonomy":"product_tag","embeddable":true,"href":"http:\/\/ak47.nu\/de\/wp-json\/wp\/v2\/product_tag?post=20302"}],"curies":[{"name":"wp","href":"https:\/\/api.w.org\/{rel}","templated":true}]}}