{"id":20309,"date":"2022-05-07T10:53:42","date_gmt":"2022-05-07T08:53:42","guid":{"rendered":"https:\/\/ak47.nu\/produkt\/airsoft-we-hi-capa-dragon-a-7-0-gas\/"},"modified":"2025-12-03T20:23:35","modified_gmt":"2025-12-03T19:23:35","slug":"we-hi-capa-dragon-a-7-0-gas-airsoft","status":"publish","type":"product","link":"http:\/\/ak47.nu\/de\/produkt\/airsoft\/grongas\/pistoler-grongas\/we-hi-capa-dragon-a-7-0-gas-airsoft\/","title":{"rendered":"WE Hi-Capa Dragon A 7.0 Gas Airsoft Pistole"},"content":{"rendered":"<h1>Airsoft WE Hi-Capa Dragon A 7.0 Gas<\/h1>\n<h2>\u00dcber WE Airsoft<\/h2>\n<p>Von allen taiwanesischen Airsoft-Unternehmen ist WE wahrscheinlich eines der bekanntesten und eines der meistverkauften der Welt. WE begann als GBB-Hersteller und nutzte seine Erfahrung, um GBBRs und neuerdings auch AEGs zu entwickeln, wie die Marke Katana und ihren komplett \u00fcberarbeiteten Mechanismus. Heute ist WE ein wichtiger Akteur in der Airsoft-Welt, dessen gr\u00f6\u00dfter Vorteil die gro\u00dfe Auswahl an Produkten ist, die alle Spieler anspricht, vom Neuling bis zum erfahrenen Spieler.<\/p>\n<h2>Wichtige Funktionen Zusammengefasst<\/h2>\n<ul>\n <li>Marke: WE<\/li>\n <li>Farbe: Schwarz<\/li>\n <li>Antrieb: Gas<\/li>\n <li>BBs Kapazit\u00e4t: 31<\/li>\n<\/ul>\n<p>Suchen Sie andere <a href=\"https:\/\/ak47.nu\/de\/butik\/\">Airsoft-Produkte<\/a>? Schauen Sie sich unsere gro\u00dfe Auswahl an. Besuchen Sie unsere <a href=\"https:\/\/ak47.nu\/de\/airsoft\/\">Airsoft-Pistolen Kategorie<\/a> oder <a href=\"https:\/\/ak47.nu\/de\/\">unsere Homepage<\/a> f\u00fcr weitere Details.<\/p>","protected":false},"excerpt":{"rendered":"<p>Airsoft WE Hi-Capa Dragon A 7.0 Gas \u00dcber WE Airsoft Von allen taiwanesischen Airsoft-Unternehmen ist WE wahrscheinlich eines der bekanntesten und eines der meistverkauften der Welt. WE begann als GBB-Hersteller und nutzte seine Erfahrung, um GBBRs und neuerdings auch AEGs zu entwickeln, wie die Marke Katana und ihren komplett \u00fcberarbeiteten Mechanismus. Heute ist WE ein [&#8230;]","protected":false},"featured_media":20308,"template":"","meta":[],"product_brand":[],"product_cat":[411],"product_tag":[],"class_list":{"0":"post-20309","1":"product","2":"type-product","3":"status-publish","4":"has-post-thumbnail","6":"product_cat-pistoler-grongas","7":"pa_brand-we","9":"first","10":"outofstock","11":"taxable","12":"shipping-taxable","13":"purchasable","14":"product-type-simple"},"_links":{"self":[{"href":"http:\/\/ak47.nu\/de\/wp-json\/wp\/v2\/product\/20309","targetHints":{"allow":["GET"]}}],"collection":[{"href":"http:\/\/ak47.nu\/de\/wp-json\/wp\/v2\/product"}],"about":[{"href":"http:\/\/ak47.nu\/de\/wp-json\/wp\/v2\/types\/product"}],"wp:featuredmedia":[{"embeddable":true,"href":"http:\/\/ak47.nu\/de\/wp-json\/wp\/v2\/media\/20308"}],"wp:attachment":[{"href":"http:\/\/ak47.nu\/de\/wp-json\/wp\/v2\/media?parent=20309"}],"wp:term":[{"taxonomy":"product_brand","embeddable":true,"href":"http:\/\/ak47.nu\/de\/wp-json\/wp\/v2\/product_brand?post=20309"},{"taxonomy":"product_cat","embeddable":true,"href":"http:\/\/ak47.nu\/de\/wp-json\/wp\/v2\/product_cat?post=20309"},{"taxonomy":"product_tag","embeddable":true,"href":"http:\/\/ak47.nu\/de\/wp-json\/wp\/v2\/product_tag?post=20309"}],"curies":[{"name":"wp","href":"https:\/\/api.w.org\/{rel}","templated":true}]}}