{"id":20359,"date":"2022-05-07T10:55:10","date_gmt":"2022-05-07T08:55:10","guid":{"rendered":"https:\/\/ak47.nu\/produkt\/well-g292b-airsoft-6mm-co2-powered\/"},"modified":"2025-08-21T10:53:32","modified_gmt":"2025-08-21T08:53:32","slug":"well-g292b-airsoft-6mm-co2-pistole","status":"publish","type":"product","link":"http:\/\/ak47.nu\/de\/produkt\/airsoft\/fjader\/pistoler-fjader\/well-g292b-airsoft-6mm-co2-pistole\/","title":{"rendered":"WELL G292B Airsoft 6mm Co2 Pistole"},"content":{"rendered":"<h1>WELL G292B Airsoft 6mm Co2 Pistolen-Nachbau<\/h1>\n<h2>Robuster und effizienter CO2-betriebener Pistolen-Nachbau von WELL<\/h2>\n<p>Die G292B ist ein Pistolen-Nachbau von WELL, der haupts\u00e4chlich aus Polymer gefertigt ist. Eine einfache und robuste Konstruktion garantiert die Zuverl\u00e4ssigkeit und Effizienz des Nachbaus. Eine CO2-Kapsel reicht f\u00fcr mehrere Sch\u00fcsse. Zu den Polymerteilen geh\u00f6ren Griffschalen und kleine interne Elemente. https:\/\/ak47.nu\/<\/p>\n<p>Im Gegensatz zu den meisten Nachbauten, bei denen der Ventilst\u00f6\u00dfel durch den Abzug gezogen wird, ist das Schie\u00dfen mit diesem Nachbau sehr sanft und angenehm. Diese Eigenschaft verbessert das Benutzererlebnis und macht das Schie\u00dfen angenehmer. Entdecken Sie weitere <a href=\"https:\/\/ak47.nu\/de\/butik\/\">Airsoft-Pistolen<\/a> in unserem Sortiment.<\/p>\n<h3>Das Set beinhaltet:<\/h3>\n<ul>\n <li>Nachbau<\/li>\n <li>Magazin<\/li>\n <li>Inbusschl\u00fcssel<\/li>\n<\/ul>\n<h3>Spezifikationen:<\/h3>\n<ul>\n <li>Blow Back: Nein<\/li>\n <li>Gastyp: Pistolen - Co2<\/li>\n <li>Hop-up: Nein<\/li>\n <li>L\u00e4nge: 220 mm<\/li>\n <li>Material: Metall + Kunststoff<\/li>\n <li>Magazinkapazit\u00e4t: 14 Stk<\/li>\n <li>Magazintyp: Low-Cap-Magazin<\/li>\n <li>Hersteller: WELL<\/li>\n <li>Name: Replika Pistole G292B<\/li>\n <li>Marke: Well<\/li>\n <li>Antrieb: Gas - Co2 12g<\/li>\n <li>Feuertyp: Einzeln<\/li>\n <li>Geschwindigkeit: ~ 400 FPS<\/li>\n <li>Gewicht: 330 g<\/li>\n<\/ul>\n<p>Diese <a href=\"https:\/\/ak47.nu\/de\/airsoft\/\">CO2-Airsoft-Pistole<\/a> kombiniert Haltbarkeit mit Benutzerfreundlichkeit und ist somit ideal f\u00fcr Anf\u00e4nger und erfahrene Airsoft-Spieler. Der leichtg\u00e4ngige Abzugsmechanismus tr\u00e4gt zu einem pr\u00e4ziseren Schie\u00dferlebnis bei. Besuchen Sie unsere <a href=\"https:\/\/ak47.nu\/de\/butik\/\">Produktseite<\/a> f\u00fcr weitere Informationen.","protected":false},"excerpt":{"rendered":"<p>WELL G292B Airsoft 6mm Co2 Pistolen-Nachbau Robuster und effizienter CO2-betriebener Pistolen-Nachbau von WELL Die G292B ist ein Pistolen-Nachbau von WELL, der haupts\u00e4chlich aus Polymer gefertigt ist. Eine einfache und robuste Konstruktion garantiert die Zuverl\u00e4ssigkeit und Effizienz des Nachbaus. Eine CO2-Kapsel reicht f\u00fcr mehrere Sch\u00fcsse. Zu den Polymerteilen geh\u00f6ren Griffschalen und kleine interne Elemente. https:\/\/ak47.nu\/ Im [&#8230;]","protected":false},"featured_media":20355,"template":"","meta":[],"product_brand":[],"product_cat":[368,417,418],"product_tag":[],"class_list":{"0":"post-20359","1":"product","2":"type-product","3":"status-publish","4":"has-post-thumbnail","6":"product_cat-airsoft","7":"product_cat-fjader","8":"product_cat-pistoler-fjader","9":"pa_brand-well","10":"pa_farg-svart","12":"first","13":"instock","14":"sale","15":"taxable","16":"shipping-taxable","17":"purchasable","18":"product-type-simple"},"_links":{"self":[{"href":"http:\/\/ak47.nu\/de\/wp-json\/wp\/v2\/product\/20359","targetHints":{"allow":["GET"]}}],"collection":[{"href":"http:\/\/ak47.nu\/de\/wp-json\/wp\/v2\/product"}],"about":[{"href":"http:\/\/ak47.nu\/de\/wp-json\/wp\/v2\/types\/product"}],"wp:featuredmedia":[{"embeddable":true,"href":"http:\/\/ak47.nu\/de\/wp-json\/wp\/v2\/media\/20355"}],"wp:attachment":[{"href":"http:\/\/ak47.nu\/de\/wp-json\/wp\/v2\/media?parent=20359"}],"wp:term":[{"taxonomy":"product_brand","embeddable":true,"href":"http:\/\/ak47.nu\/de\/wp-json\/wp\/v2\/product_brand?post=20359"},{"taxonomy":"product_cat","embeddable":true,"href":"http:\/\/ak47.nu\/de\/wp-json\/wp\/v2\/product_cat?post=20359"},{"taxonomy":"product_tag","embeddable":true,"href":"http:\/\/ak47.nu\/de\/wp-json\/wp\/v2\/product_tag?post=20359"}],"curies":[{"name":"wp","href":"https:\/\/api.w.org\/{rel}","templated":true}]}}