{"id":20384,"date":"2022-05-07T10:57:59","date_gmt":"2022-05-07T08:57:59","guid":{"rendered":"https:\/\/ak47.nu\/produkt\/airsoft-m92-biohazard-w-compensator-black-gbb-full-auto\/"},"modified":"2025-12-03T20:24:48","modified_gmt":"2025-12-03T19:24:48","slug":"airsoft-m92-biohazard-m-kompensator-schwarz-gbb-full-auto","status":"publish","type":"product","link":"http:\/\/ak47.nu\/de\/produkt\/airsoft\/grongas\/pistoler-grongas\/airsoft-m92-biohazard-m-kompensator-schwarz-gbb-full-auto\/","title":{"rendered":"Airsoft M92 Biohazard m. Kompensator Schwarz GBB Full Auto"},"content":{"rendered":"<h1>Airsoft M92 Biohazard mit Kompensator Schwarz GBB Full Auto<\/h1>\n<h2>WE M92 Airsoft Pistole mit Blowback und Vollautomatik<\/h2>\n<p>WE ist einer der bekanntesten und meistverkauften Airsoft-Hersteller aus Taiwan. Urspr\u00fcnglich als GBB-Hersteller gestartet, nutzte WE seine Erfahrung, um GBBRs und neuerdings auch AEGs zu entwickeln, wie die Marke Katana mit ihrem komplett \u00fcberarbeiteten Mechanismus. Heute ist WE ein wichtiger Akteur in der Airsoft-Welt, und sein gr\u00f6\u00dfter Vorteil ist die gro\u00dfe Auswahl an Produkten, die alle Spieler ansprechen, vom Neuling bis zum erfahrenen Spieler.<\/p>\n<h3>Hauptmerkmale:<\/h3>\n<ul>\n <li>Gewicht: 887gr<\/li>\n <li>Airsoft-Typ: Gas-Blowback<\/li>\n <li>Magazinkapazit\u00e4t: 25 Kugeln<\/li>\n <li>Energie: 1 Joule<\/li>\n <li>Material: Vollmetall<\/li>\n <li>L\u00e4nge: 220mm<\/li>\n <li>Farbe: Silber<\/li>\n <li>Hop-up: Ja, einstellbar<\/li>\n <li>Besonderheiten: Blowback-Nachbau (beweglicher Verschluss) mit unterer taktischer Schiene, beidh\u00e4ndiges Modell (Sicherung)<\/li>\n <li>Referenz: 500567<\/li>\n <li>Feuermodus: Sicher, halbautomatisch<\/li>\n <li>Antrieb: Gas (Flasche)<\/li>\n <li>Empfohlene Kugeln: 0,20 g, 0,23 g, 0,25 g<\/li>\n <li>Kaliber: 6mm<\/li>\n<\/ul>\n<h3>Vorteile der Airsoft M92 Biohazard<\/h3>\n<p>Diese Vollmetall-Airsoftpistole von WE bietet eine realistische Blowback-Funktion und ein einstellbares Hop-up f\u00fcr erh\u00f6hte Pr\u00e4zision. Sie ist mit einer unteren taktischen Schiene zur Montage von Zubeh\u00f6r ausgestattet und verf\u00fcgt \u00fcber ein beidh\u00e4ndiges Design. Sie wird mit Gas betrieben und wird f\u00fcr die Verwendung mit 0,20 g, 0,23 g oder 0,25 g BBs empfohlen. Mit einer Magazinkapazit\u00e4t von 25 BBs sind Sie bereit f\u00fcr Action.  Wenn Sie nach weiteren authentischen Airsoftpistolen suchen, schauen Sie sich unsere <a href=\"https:\/\/ak47.nu\/de\/airsoft\/\">gro\u00dfe Auswahl an Repliken an<\/a>. Verpassen Sie nicht unsere <a href=\"https:\/\/ak47.nu\/de\/butik\/\">anderen WE-Produkte<\/a>, um Ihre Ausr\u00fcstung zu vervollst\u00e4ndigen. Besuchen Sie <a href=\"https:\/\/ak47.nu\/de\/\">unsere Website<\/a>, um unser gesamtes Sortiment zu sehen.<\/p>\n<p>Hersteller: WE<\/p>\n<p>Garantie: 1 Jahr<\/p>\n<p>Marke: WE<\/p>","protected":false},"excerpt":{"rendered":"<p>Airsoft M92 Biohazard mit Kompensator Schwarz GBB Full Auto WE M92 Airsoft Pistole mit Blowback und Vollautomatik WE ist einer der bekanntesten und meistverkauften Airsoft-Hersteller aus Taiwan. Urspr\u00fcnglich als GBB-Hersteller gestartet, nutzte WE seine Erfahrung, um GBBRs und neuerdings auch AEGs zu entwickeln, wie die Marke Katana mit ihrem komplett \u00fcberarbeiteten Mechanismus. Heute ist WE [&#8230;]","protected":false},"featured_media":20380,"template":"","meta":[],"product_brand":[],"product_cat":[411],"product_tag":[],"class_list":{"0":"post-20384","1":"product","2":"type-product","3":"status-publish","4":"has-post-thumbnail","6":"product_cat-pistoler-grongas","7":"pa_brand-we","9":"first","10":"outofstock","11":"taxable","12":"shipping-taxable","13":"purchasable","14":"product-type-simple"},"_links":{"self":[{"href":"http:\/\/ak47.nu\/de\/wp-json\/wp\/v2\/product\/20384","targetHints":{"allow":["GET"]}}],"collection":[{"href":"http:\/\/ak47.nu\/de\/wp-json\/wp\/v2\/product"}],"about":[{"href":"http:\/\/ak47.nu\/de\/wp-json\/wp\/v2\/types\/product"}],"wp:featuredmedia":[{"embeddable":true,"href":"http:\/\/ak47.nu\/de\/wp-json\/wp\/v2\/media\/20380"}],"wp:attachment":[{"href":"http:\/\/ak47.nu\/de\/wp-json\/wp\/v2\/media?parent=20384"}],"wp:term":[{"taxonomy":"product_brand","embeddable":true,"href":"http:\/\/ak47.nu\/de\/wp-json\/wp\/v2\/product_brand?post=20384"},{"taxonomy":"product_cat","embeddable":true,"href":"http:\/\/ak47.nu\/de\/wp-json\/wp\/v2\/product_cat?post=20384"},{"taxonomy":"product_tag","embeddable":true,"href":"http:\/\/ak47.nu\/de\/wp-json\/wp\/v2\/product_tag?post=20384"}],"curies":[{"name":"wp","href":"https:\/\/api.w.org\/{rel}","templated":true}]}}