{"id":20485,"date":"2022-05-07T11:01:34","date_gmt":"2022-05-07T09:01:34","guid":{"rendered":"https:\/\/ak47.nu\/produkt\/we-wei-e-tech-green-gas-6mm-airsoft-pistol\/"},"modified":"2025-08-21T10:52:46","modified_gmt":"2025-08-21T08:52:46","slug":"we-wei-e-tech-green-gas-6mm-airsoft-pistole","status":"publish","type":"product","link":"http:\/\/ak47.nu\/de\/produkt\/airsoft\/grongas\/pistoler-grongas\/we-wei-e-tech-green-gas-6mm-airsoft-pistole\/","title":{"rendered":"WE Wei-E Tech - Green Gas 6mm Airsoft Pistole"},"content":{"rendered":"<h1>WE Wei-E Tech - Green Gas 6mm Airsoft Pistole<\/h1>\n<h2>Hochwertige Airsoft-Pistolen-Nachbildung<\/h2>\n<p>Dies ist das neueste Modell von Wei-E Tech. Diese Pistole ist aus Filmen und Spielen bekannt und wird auch von vielen Streitkr\u00e4ften verwendet. Der Schlitten ist aus hochwertigem Aluminium gefertigt und das Unterteil aus einem strapazierf\u00e4higen Polymer.<\/p>\n<h3>Ergonomischer Pistolengriff<\/h3>\n<p>Besondere Aufmerksamkeit verdient der Pistolengriff, der f\u00fcr eine bessere Handhabung mit austauschbaren Pads ausgestattet ist. Der Griff in Kombination mit dem sehr gut gew\u00e4hlten Gewicht vermittelt dem Bediener das Gef\u00fchl, eine echte Waffe in der Hand zu halten. Sie verf\u00fcgt au\u00dferdem \u00fcber eine funktionierende \"Loaded-Chamber\"-Anzeige und einen Entspannhebel.<\/p>\n<ul>\n <li>Einstellbares Hop-up<\/li>\n <li>Gewicht: 700 g<\/li>\n <li>Magazintyp: Green Gas<\/li>\n <li>M\u00fcndungsgeschwindigkeit: 300 fps<\/li>\n <li>Blowback: Ja<\/li>\n <li>Magazinkapazit\u00e4t: 22 BBs<\/li>\n <li>Material: Aluminium, Polymer<\/li>\n <li>Farbe: Tan<\/li>\n <li>L\u00e4nge: 180 mm<\/li>\n <li>M\u00fcndungsenergie: 0,84 J<\/li>\n <li>L\u00e4nge des Innenlaufs: 80 mm<\/li>\n <li>Feuermodus: Einzel<\/li>\n <li>Munition: .23g, .20g<\/li>\n<\/ul>\n<p>Erleben Sie das realistische Gef\u00fchl und die Leistung dieser Airsoft-Pistole. Ideal f\u00fcr Sammler und Spieler. Entdecken Sie unser Angebot an <a href=\"https:\/\/ak47.nu\/de\/butik\/\">anderen Airsoft-Pistolen<\/a> und finden Sie das perfekte Modell f\u00fcr Sie. Besuchen Sie unsere <a href=\"https:\/\/ak47.nu\/de\/airsoft\/\">Airsoft-Pistolen Kategorie<\/a>, um weitere Optionen zu sehen. F\u00fcr weitere Informationen zu unseren Produkten, besuchen Sie <a href=\"https:\/\/ak47.nu\/de\/\">unsere Webseite<\/a>.<\/p>","protected":false},"excerpt":{"rendered":"<p>WE Wei-E Tech &#8211; Green Gas 6mm Airsoft Pistole Hochwertige Airsoft-Pistolen-Nachbildung Dies ist das neueste Modell von Wei-E Tech. Diese Pistole ist aus Filmen und Spielen bekannt und wird auch von vielen Streitkr\u00e4ften verwendet. Der Schlitten ist aus hochwertigem Aluminium gefertigt und das Unterteil aus einem strapazierf\u00e4higen Polymer. Ergonomischer Pistolengriff Besondere Aufmerksamkeit verdient der Pistolengriff, [&#8230;]","protected":false},"featured_media":20480,"template":"","meta":[],"product_brand":[],"product_cat":[368,410,411],"product_tag":[],"class_list":{"0":"post-20485","1":"product","2":"type-product","3":"status-publish","4":"has-post-thumbnail","6":"product_cat-airsoft","7":"product_cat-grongas","8":"product_cat-pistoler-grongas","9":"pa_brand-we","10":"pa_farg-brun","12":"first","13":"instock","14":"sale","15":"taxable","16":"shipping-taxable","17":"purchasable","18":"product-type-simple"},"_links":{"self":[{"href":"http:\/\/ak47.nu\/de\/wp-json\/wp\/v2\/product\/20485","targetHints":{"allow":["GET"]}}],"collection":[{"href":"http:\/\/ak47.nu\/de\/wp-json\/wp\/v2\/product"}],"about":[{"href":"http:\/\/ak47.nu\/de\/wp-json\/wp\/v2\/types\/product"}],"wp:featuredmedia":[{"embeddable":true,"href":"http:\/\/ak47.nu\/de\/wp-json\/wp\/v2\/media\/20480"}],"wp:attachment":[{"href":"http:\/\/ak47.nu\/de\/wp-json\/wp\/v2\/media?parent=20485"}],"wp:term":[{"taxonomy":"product_brand","embeddable":true,"href":"http:\/\/ak47.nu\/de\/wp-json\/wp\/v2\/product_brand?post=20485"},{"taxonomy":"product_cat","embeddable":true,"href":"http:\/\/ak47.nu\/de\/wp-json\/wp\/v2\/product_cat?post=20485"},{"taxonomy":"product_tag","embeddable":true,"href":"http:\/\/ak47.nu\/de\/wp-json\/wp\/v2\/product_tag?post=20485"}],"curies":[{"name":"wp","href":"https:\/\/api.w.org\/{rel}","templated":true}]}}