{"id":20551,"date":"2022-05-07T11:07:37","date_gmt":"2022-05-07T09:07:37","guid":{"rendered":"https:\/\/ak47.nu\/produkt\/airsoft-tt33-silver-gas-hopup\/"},"modified":"2025-12-03T20:23:30","modified_gmt":"2025-12-03T19:23:30","slug":"airsoft-tt33-silver-gas-hopup","status":"publish","type":"product","link":"http:\/\/ak47.nu\/de\/produkt\/airsoft\/grongas\/pistoler-grongas\/airsoft-tt33-silver-gas-hopup\/","title":{"rendered":"Airsoft TT33 Silver Gas HOPUP | WE"},"content":{"rendered":"<h1>Airsoft TT33 Silver Gas HOPUP<\/h1>\n<h2>WE Airsoft: Ein weltweit f\u00fchrender Airsoft-Hersteller<\/h2>\n<p>Airsoft TT33 Silver Gas HOPUP von WE Airsoft. WE ist eines der bekanntesten und meistverkauften Airsoft-Unternehmen der Welt. Urspr\u00fcnglich ein GBB-Hersteller, nutzte WE seine Erfahrung, um GBBRs und neuerdings auch AEGs zu entwickeln, wie die Marke Katana mit ihrem komplett \u00fcberarbeiteten Mechanismus. Heute ist WE ein bedeutender Akteur in der Airsoft-Welt, dessen gr\u00f6\u00dfter Vorteil die gro\u00dfe Auswahl an Produkten ist, die alle Spieler anspricht, vom Anf\u00e4nger bis zum erfahrenen Enthusiasten.<\/p>\n\n<h3>Produktdetails<\/h3>\n<ul>\n <li><strong>Marke:<\/strong> WE<\/li>\n <li><strong>Farbe:<\/strong> Silber<\/li>\n <li><strong>Kaliber:<\/strong> 6 mm<\/li>\n <li><strong>BB Gewicht:<\/strong> 20<\/li>\n <li><strong>Antrieb:<\/strong> Gas<\/li>\n <li><strong>Leistung:<\/strong> 0.9 Joule<\/li>\n <li><strong>Geschwindigkeit:<\/strong> 310 FPS (mit 0.20g BBs)<\/li>\n <li><strong>Magazinkapazit\u00e4t:<\/strong> 16 BBs<\/li>\n<\/ul>\n\n<h3>Warum WE Airsoft w\u00e4hlen?<\/h3>\n<p>WE Airsoft bietet eine gro\u00dfe Auswahl an Airsoft-Waffen und Zubeh\u00f6r f\u00fcr alle Spieler, unabh\u00e4ngig von ihrem K\u00f6nnen. Ihre Produkte sind bekannt f\u00fcr ihre Qualit\u00e4t und Zuverl\u00e4ssigkeit. Entdecken Sie unsere Auswahl an <a href=\"https:\/\/ak47.nu\/de\/butik\/\">WE Airsoft Pistolen<\/a> und finden Sie das perfekte Modell f\u00fcr Ihre Bed\u00fcrfnisse. Besuchen Sie unsere <a href=\"https:\/\/ak47.nu\/de\/airsoft\/\">Airsoft Pistolen Kategorie<\/a>, um unser gesamtes Sortiment zu sehen und die neuesten Modelle und Angebote auf <a href=\"https:\/\/ak47.nu\/de\/\">unserer Website<\/a> zu entdecken.<\/p>","protected":false},"excerpt":{"rendered":"<p>Airsoft TT33 Silver Gas HOPUP WE Airsoft: Ein weltweit f\u00fchrender Airsoft-Hersteller Airsoft TT33 Silver Gas HOPUP von WE Airsoft. WE ist eines der bekanntesten und meistverkauften Airsoft-Unternehmen der Welt. Urspr\u00fcnglich ein GBB-Hersteller, nutzte WE seine Erfahrung, um GBBRs und neuerdings auch AEGs zu entwickeln, wie die Marke Katana mit ihrem komplett \u00fcberarbeiteten Mechanismus. Heute ist [&#8230;]","protected":false},"featured_media":20550,"template":"","meta":[],"product_brand":[],"product_cat":[411],"product_tag":[],"class_list":{"0":"post-20551","1":"product","2":"type-product","3":"status-publish","4":"has-post-thumbnail","6":"product_cat-pistoler-grongas","7":"pa_brand-we","9":"first","10":"outofstock","11":"sale","12":"taxable","13":"shipping-taxable","14":"purchasable","15":"product-type-simple"},"_links":{"self":[{"href":"http:\/\/ak47.nu\/de\/wp-json\/wp\/v2\/product\/20551","targetHints":{"allow":["GET"]}}],"collection":[{"href":"http:\/\/ak47.nu\/de\/wp-json\/wp\/v2\/product"}],"about":[{"href":"http:\/\/ak47.nu\/de\/wp-json\/wp\/v2\/types\/product"}],"wp:featuredmedia":[{"embeddable":true,"href":"http:\/\/ak47.nu\/de\/wp-json\/wp\/v2\/media\/20550"}],"wp:attachment":[{"href":"http:\/\/ak47.nu\/de\/wp-json\/wp\/v2\/media?parent=20551"}],"wp:term":[{"taxonomy":"product_brand","embeddable":true,"href":"http:\/\/ak47.nu\/de\/wp-json\/wp\/v2\/product_brand?post=20551"},{"taxonomy":"product_cat","embeddable":true,"href":"http:\/\/ak47.nu\/de\/wp-json\/wp\/v2\/product_cat?post=20551"},{"taxonomy":"product_tag","embeddable":true,"href":"http:\/\/ak47.nu\/de\/wp-json\/wp\/v2\/product_tag?post=20551"}],"curies":[{"name":"wp","href":"https:\/\/api.w.org\/{rel}","templated":true}]}}