{"id":20568,"date":"2022-05-07T11:07:59","date_gmt":"2022-05-07T09:07:59","guid":{"rendered":"https:\/\/ak47.nu\/produkt\/airsoft-we-mk-makarov-pistol-replica-6mm-fake-supressor\/"},"modified":"2025-12-03T20:11:28","modified_gmt":"2025-12-03T19:11:28","slug":"we-mk-makarov-airsoft-pistole-replika-schalldaempfer","status":"publish","type":"product","link":"http:\/\/ak47.nu\/de\/produkt\/airsoft\/grongas\/pistoler-grongas\/we-mk-makarov-airsoft-pistole-replika-schalldaempfer\/","title":{"rendered":"WE MK Makarov Airsoft Pistole Replika m. Schalld\u00e4mpfer"},"content":{"rendered":"<h1>WE MK Makarov Airsoft Pistole Replika mit Schalld\u00e4mpfer<\/h1>\n<h2>Authentische sowjetische klassische Airsoft-Replika<\/h2>\n<p>WE pr\u00e4sentiert die MK, eine Airsoft-Replika der klassischen 9x18mm Makarov-Pistole. Diese Replika wurde mit viel Liebe zum Detail gefertigt und verf\u00fcgt \u00fcber eine \"Vollmetall\"-Konstruktion mit Seitengriffen aus Polymer. Die Verarbeitung und Passform vermitteln ein Gef\u00fchl von Qualit\u00e4t. Die Materialien verleihen ihm ein Gewicht, das dem Original \u00e4hnelt.<\/p>\n<h2>Ergonomisches Design und Funktionen<\/h2>\n<p>Dank des ergonomischen Griffs liegt die Replika perfekt in der Hand. Sowohl die Sicherung als auch der Schlittenfang befinden sich auf der linken Seite. Der Magazinausl\u00f6seknopf befindet sich an der Unterseite des Griffs. Die Replika verf\u00fcgt \u00fcber einen \"Double-Action\"-Abzug.<\/p>\n<h2>Schalld\u00e4mpfer und Laufverl\u00e4ngerung<\/h2>\n<p>Das Set enth\u00e4lt einen Schalld\u00e4mpfer aus Metall, der auch als Geh\u00e4use f\u00fcr eine Laufverl\u00e4ngerung verwendet werden kann. Sowohl der Schalld\u00e4mpfer als auch die Laufverl\u00e4ngerung werden auf ein Gewinde montiert, was die Dichtigkeit sowie die Reichweite und die M\u00fcndungsgeschwindigkeit von ~220 FPS auf bis zu ~320 FPS erh\u00f6ht! Auch mit montiertem Schalld\u00e4mpfer beh\u00e4lt die MK ihr einzigartiges Aussehen und ihre Man\u00f6vrierbarkeit.<\/p>\n<h2>Blow-Back-System<\/h2>\n<p>Ein starkes Blow-Back-System ahmt das Gef\u00fchl des Abfeuerns des Originals nach. Das System versetzt den Schlitten in Bewegung und zieht ihn nach jedem Schuss zur\u00fcck. Wenn die letzte BB das Magazin verl\u00e4sst, stoppt der Schlitten in der hinteren Position. Dies ergibt einen \"Kick\" und erh\u00f6ht das Erlebnis. Das Hop-up wird durch Entfernen des Schlittens eingestellt.<\/p>\n<h2>Magazin<\/h2>\n<p>Die Replika wird mit einem Metallmagazin geliefert, das einen Green-Gas-Beh\u00e4lter und 17 BBs fasst.<\/p>\n<ul>\n <li>Replik<\/li>\n <li>Magazin<\/li>\n <li>Handbuch<\/li>\n <li>Laufverl\u00e4ngerung<\/li>\n <li>Schalld\u00e4mpfer (gef\u00e4lscht)<\/li>\n<\/ul>\n<h3>Spezifikationen:<\/h3>\n<ul>\n <li>Blow Back: Ja<\/li>\n <li>Gasrepliken: Pistolen - Green Gas<\/li>\n <li>Hop-up: Ja, einstellbar<\/li>\n <li>L\u00e4nge [mm]: 160\/270<\/li>\n <li>Material: Metall + Kunststoff<\/li>\n <li>Magazinkapazit\u00e4t [St\u00fcck]: 16<\/li>\n <li>Magazintyp: Low-Cap-Magazin<\/li>\n <li>Hersteller: WE<\/li>\n <li>Antrieb: Gas - Green Gas<\/li>\n <li>Feuermodus: Einzeln<\/li>\n <li>Geschwindigkeit [FPS]: ~220\/~320<\/li>\n <li>Garantie: 6 Monate<\/li>\n <li>Gewicht [g]: 630<\/li>\n<\/ul>\n<p>Entdecken Sie weitere <a href=\"https:\/\/ak47.nu\/de\/butik\/\">Airsoft-Pistolen<\/a> in unserer Auswahl. Besuchen Sie unsere <a href=\"https:\/\/ak47.nu\/de\/airsoft\/\">Airsoft-Kategorie<\/a>, um unser gesamtes Sortiment zu sehen. F\u00fcr weitere Informationen \u00fcber uns besuchen Sie unsere <a href=\"https:\/\/ak47.nu\/de\/\">Homepage<\/a>.<\/p>","protected":false},"excerpt":{"rendered":"<p>WE MK Makarov Airsoft Pistole Replika mit Schalld\u00e4mpfer Authentische sowjetische klassische Airsoft-Replika WE pr\u00e4sentiert die MK, eine Airsoft-Replika der klassischen 9x18mm Makarov-Pistole. Diese Replika wurde mit viel Liebe zum Detail gefertigt und verf\u00fcgt \u00fcber eine &#8221;Vollmetall&#8221;-Konstruktion mit Seitengriffen aus Polymer. Die Verarbeitung und Passform vermitteln ein Gef\u00fchl von Qualit\u00e4t. Die Materialien verleihen ihm ein Gewicht, [&#8230;]","protected":false},"featured_media":20563,"template":"","meta":[],"product_brand":[],"product_cat":[411],"product_tag":[],"class_list":{"0":"post-20568","1":"product","2":"type-product","3":"status-publish","4":"has-post-thumbnail","6":"product_cat-pistoler-grongas","7":"pa_brand-we","8":"pa_farg-svart","10":"first","11":"outofstock","12":"sale","13":"taxable","14":"shipping-taxable","15":"purchasable","16":"product-type-simple"},"_links":{"self":[{"href":"http:\/\/ak47.nu\/de\/wp-json\/wp\/v2\/product\/20568","targetHints":{"allow":["GET"]}}],"collection":[{"href":"http:\/\/ak47.nu\/de\/wp-json\/wp\/v2\/product"}],"about":[{"href":"http:\/\/ak47.nu\/de\/wp-json\/wp\/v2\/types\/product"}],"wp:featuredmedia":[{"embeddable":true,"href":"http:\/\/ak47.nu\/de\/wp-json\/wp\/v2\/media\/20563"}],"wp:attachment":[{"href":"http:\/\/ak47.nu\/de\/wp-json\/wp\/v2\/media?parent=20568"}],"wp:term":[{"taxonomy":"product_brand","embeddable":true,"href":"http:\/\/ak47.nu\/de\/wp-json\/wp\/v2\/product_brand?post=20568"},{"taxonomy":"product_cat","embeddable":true,"href":"http:\/\/ak47.nu\/de\/wp-json\/wp\/v2\/product_cat?post=20568"},{"taxonomy":"product_tag","embeddable":true,"href":"http:\/\/ak47.nu\/de\/wp-json\/wp\/v2\/product_tag?post=20568"}],"curies":[{"name":"wp","href":"https:\/\/api.w.org\/{rel}","templated":true}]}}