{"id":20759,"date":"2022-05-07T11:23:23","date_gmt":"2022-05-07T09:23:23","guid":{"rendered":"https:\/\/ak47.nu\/produkt\/src-gg-102c-spring-operated-pistol-replica-airsoft\/"},"modified":"2025-12-03T20:25:45","modified_gmt":"2025-12-03T19:25:45","slug":"src-gg-102c-replika-airsoft-pistole","status":"publish","type":"product","link":"http:\/\/ak47.nu\/de\/produkt\/airsoft\/fjader\/revolvrar-fjader\/src-gg-102c-replika-airsoft-pistole\/","title":{"rendered":"SRC GG-102C Replika Airsoft Pistole"},"content":{"rendered":"<h1>SRC - GG-102C - Replika Airsoft<\/h1>\n<h2>Authentische Nachbildung der GG-102C Pistole<\/h2>\n<p>Die GG-102C Replika Airsoft Pistole in Silber (Stahl) ist eine originalgetreue Nachbildung des Originals. Der Hauptunterschied ist das 12-BB-Magazin, das sich unter dem Lauf befindet. Diese Pistole kombiniert realistisches Design mit Airsoft-Funktionalit\u00e4t und ist somit ideal f\u00fcr Sammler und Airsoft-Enthusiasten. Erleben Sie das Gef\u00fchl eines klassischen Revolvers in einer modernen Airsoft-Version. Besuchen Sie unsere <a href=\"https:\/\/ak47.nu\/de\/\">Homepage<\/a>, um unsere gro\u00dfe Auswahl an Airsoft-Pistolen zu sehen.<\/p>\n<h3>Hauptmerkmale<\/h3>\n<ul>\n <li><strong>Name:<\/strong> GG-102C<\/li>\n <li><strong>Hersteller:<\/strong> STTI<\/li>\n <li><strong>Antrieb:<\/strong> Gas<\/li>\n <li><strong>M\u00fcndungsgeschwindigkeit:<\/strong> 275 fps (gemessen)<\/li>\n <li><strong>Material:<\/strong> ABS + Metall<\/li>\n <li><strong>Magazinkapazit\u00e4t:<\/strong> 12 BBs<\/li>\n <li><strong>L\u00e4nge:<\/strong> 290mm<\/li>\n <li><strong>Gewicht:<\/strong> 455g<\/li>\n<\/ul>\n<h3>Zus\u00e4tzliche Informationen<\/h3>\n<ul>\n <li><strong>Feuermodus:<\/strong> Einzel<\/li>\n <li><strong>Hop-up:<\/strong> Nein<\/li>\n <li><strong>Blow-Back:<\/strong> Nein<\/li>\n<\/ul>\n<h3>Das Kit enth\u00e4lt:<\/h3>\n<ul>\n <li>GG-102C<\/li>\n <li>Magazin<\/li>\n <li>Ein Satz Kugeln<\/li>\n<\/ul>\n<p>Diese gasbetriebene Replika besteht aus einer Kombination von ABS und Metall, was ein gutes Gleichgewicht zwischen Haltbarkeit und Gewicht bietet. Das Magazin fasst 12 BBs und die Pistole schie\u00dft im Einzelmodus. Beachten Sie, dass sie keine Hop-up- oder Blow-Back-Funktion hat. Perfekt f\u00fcr das Ziel\u00fcben oder als Sammlerst\u00fcck. Schauen Sie sich unser Angebot an <a href=\"https:\/\/ak47.nu\/de\/airsoft\/\">Airsoft-Zubeh\u00f6r<\/a> an, um Ihr Erlebnis zu verbessern. Entdecken Sie noch heute weitere <a href=\"https:\/\/ak47.nu\/de\/butik\/\">Airsoft-Repliken<\/a> in unserem Sortiment!<\/p>","protected":false},"excerpt":{"rendered":"<p>SRC &#8211; GG-102C &#8211; Replika Airsoft Authentische Nachbildung der GG-102C Pistole Die GG-102C Replika Airsoft Pistole in Silber (Stahl) ist eine originalgetreue Nachbildung des Originals. Der Hauptunterschied ist das 12-BB-Magazin, das sich unter dem Lauf befindet. Diese Pistole kombiniert realistisches Design mit Airsoft-Funktionalit\u00e4t und ist somit ideal f\u00fcr Sammler und Airsoft-Enthusiasten. Erleben Sie das Gef\u00fchl [&#8230;]","protected":false},"featured_media":20756,"template":"","meta":[],"product_brand":[],"product_cat":[419],"product_tag":[],"class_list":{"0":"post-20759","1":"product","2":"type-product","3":"status-publish","4":"has-post-thumbnail","6":"product_cat-revolvrar-fjader","7":"pa_brand-src","8":"pa_farg-svart","10":"first","11":"outofstock","12":"taxable","13":"shipping-taxable","14":"purchasable","15":"product-type-simple"},"_links":{"self":[{"href":"http:\/\/ak47.nu\/de\/wp-json\/wp\/v2\/product\/20759","targetHints":{"allow":["GET"]}}],"collection":[{"href":"http:\/\/ak47.nu\/de\/wp-json\/wp\/v2\/product"}],"about":[{"href":"http:\/\/ak47.nu\/de\/wp-json\/wp\/v2\/types\/product"}],"wp:featuredmedia":[{"embeddable":true,"href":"http:\/\/ak47.nu\/de\/wp-json\/wp\/v2\/media\/20756"}],"wp:attachment":[{"href":"http:\/\/ak47.nu\/de\/wp-json\/wp\/v2\/media?parent=20759"}],"wp:term":[{"taxonomy":"product_brand","embeddable":true,"href":"http:\/\/ak47.nu\/de\/wp-json\/wp\/v2\/product_brand?post=20759"},{"taxonomy":"product_cat","embeddable":true,"href":"http:\/\/ak47.nu\/de\/wp-json\/wp\/v2\/product_cat?post=20759"},{"taxonomy":"product_tag","embeddable":true,"href":"http:\/\/ak47.nu\/de\/wp-json\/wp\/v2\/product_tag?post=20759"}],"curies":[{"name":"wp","href":"https:\/\/api.w.org\/{rel}","templated":true}]}}