{"id":20895,"date":"2022-05-07T11:28:34","date_gmt":"2022-05-07T09:28:34","guid":{"rendered":"https:\/\/ak47.nu\/produkt\/double-eagle-m30p-airsoft-smg\/"},"modified":"2025-12-03T20:24:49","modified_gmt":"2025-12-03T19:24:49","slug":"double-eagle-m30p-airsoft-smg-mp40-nachbau","status":"publish","type":"product","link":"http:\/\/ak47.nu\/de\/produkt\/airsoft\/fjader\/kulsprutor-fjader\/double-eagle-m30p-airsoft-smg-mp40-nachbau\/","title":{"rendered":"Double Eagle M30P Airsoft SMG | MP40 Nachbau"},"content":{"rendered":"<h1>Double Eagle M30P Airsoft SMG <0,5J<\/h1>\n<h2>Preiswerte und einfach zu bedienende Airsoft-SMG f\u00fcr Heimspiele<\/h2>\n<p>Suchen Sie eine erschwingliche und einfach zu bedienende Airsoft-Pistole? Die Double Eagle M30P k\u00f6nnte eine ausgezeichnete Wahl sein! Diese Federdruck-Airsoft-SMG bietet ein hervorragendes Preis-Leistungs-Verh\u00e4ltnis und ist perfekt f\u00fcr einfache Spiele zu Hause. Laden, zielen und schie\u00dfen! Denken Sie immer daran, beim Airsoft-Spielen eine Schutzbrille zu tragen.<\/p>\n<h3>Eigenschaften<\/h3>\n<ul>\n  <li>Die Polymerkonstruktion macht sie leicht und langlebig<\/li>\n  <li>Federmechanismus f\u00fcr einfache Bedienung - keine Batterien oder Gas erforderlich<\/li>\n  <li>Klappbarer Schaft f\u00fcr kompakte Lagerung und Transport<\/li>\n  <li>20-mm-Schiene zur Montage von Optiken und Zubeh\u00f6r wie Zielfernrohre<\/li>\n  <li>Magazinkapazit\u00e4t von 32 Schuss<\/li>\n<\/ul>\n<h3>MP40 Nachbau<\/h3>\n<p>Dieses Modell ist ein 1:1-Nachbau der ber\u00fchmten MP40-Maschinenpistole aus dem Zweiten Weltkrieg. Perfekt f\u00fcr Sammler und diejenigen, die eine lustige Airsoft-Pistole f\u00fcr Freizeitspiele suchen. Wenn Sie nach fortschrittlicheren Vollmetall-Airsoft-Pistolen suchen, die mit Strom oder Gas betrieben werden, schauen Sie sich unsere AEG- und GBB-Bereiche an. Die Double Eagle M30P ist eine gute Wahl f\u00fcr alle, die einen MP40-Nachbau f\u00fcr einfachere Airsoft-Spiele suchen. Entdecken Sie unsere Auswahl an <a href=\"https:\/\/ak47.nu\/de\/butik\/\">anderen Airsoft-Pistolen<\/a>, um die perfekte Option f\u00fcr Sie zu finden. Au\u00dferdem finden Sie eine gro\u00dfe Auswahl an Zubeh\u00f6r in unserer <a href=\"https:\/\/ak47.nu\/de\/airsoft\/\">Airsoft-Zubeh\u00f6r-Kategorie<\/a>. Verpassen Sie nicht unsere anderen Airsoft-Produkte hier auf <a href=\"https:\/\/ak47.nu\/de\/\">unserer Homepage<\/a>.<\/p>\n<h3>Spezifikationen:<\/h3>\n<ul>\n    <li>Hersteller: Double Eagle<\/li>\n    <li>FPS: 200-250<\/li>\n    <li>Farbe: Schwarz<\/li>\n    <li>L\u00e4nge: 24,5\" - 33\" (mit 2-Positionen-Klappschaft)<\/li>\n    <li>H\u00f6he: 13\"<\/li>\n    <li>Magazinkapazit\u00e4t: 32 Schuss<\/li>\n    <li>M\u00fcndungsgeschwindigkeit: 200~250 FPS<\/li>\n    <li>Energie: &lt;0,5J<\/li>\n    <li>System: Federbetrieben<\/li>\n    <li>BB: 6mm<\/li>\n    <li>Gewicht: ~2lbs<\/li>\n<\/ul>","protected":false},"excerpt":{"rendered":"<p>K\u00f6p Double Eagle M30P Airsoft SMG &lt;0,5J &#8211; H\u00f6gkvalitativt vapen f\u00f6r airsoft med l\u00e5g effekt. Perfekt f\u00f6r spelare som vill ha en p\u00e5litlig och kraftfull SMG. Best\u00e4ll nu och f\u00e5 snabb leverans!<\/p>","protected":false},"featured_media":20893,"template":"","meta":[],"product_brand":[],"product_cat":[422],"product_tag":[],"class_list":{"0":"post-20895","1":"product","2":"type-product","3":"status-publish","4":"has-post-thumbnail","6":"product_cat-kulsprutor-fjader","7":"pa_brand-double-eagle","8":"pa_farg-svart","10":"first","11":"outofstock","12":"sale","13":"taxable","14":"shipping-taxable","15":"purchasable","16":"product-type-simple"},"_links":{"self":[{"href":"http:\/\/ak47.nu\/de\/wp-json\/wp\/v2\/product\/20895","targetHints":{"allow":["GET"]}}],"collection":[{"href":"http:\/\/ak47.nu\/de\/wp-json\/wp\/v2\/product"}],"about":[{"href":"http:\/\/ak47.nu\/de\/wp-json\/wp\/v2\/types\/product"}],"wp:featuredmedia":[{"embeddable":true,"href":"http:\/\/ak47.nu\/de\/wp-json\/wp\/v2\/media\/20893"}],"wp:attachment":[{"href":"http:\/\/ak47.nu\/de\/wp-json\/wp\/v2\/media?parent=20895"}],"wp:term":[{"taxonomy":"product_brand","embeddable":true,"href":"http:\/\/ak47.nu\/de\/wp-json\/wp\/v2\/product_brand?post=20895"},{"taxonomy":"product_cat","embeddable":true,"href":"http:\/\/ak47.nu\/de\/wp-json\/wp\/v2\/product_cat?post=20895"},{"taxonomy":"product_tag","embeddable":true,"href":"http:\/\/ak47.nu\/de\/wp-json\/wp\/v2\/product_tag?post=20895"}],"curies":[{"name":"wp","href":"https:\/\/api.w.org\/{rel}","templated":true}]}}