{"id":21052,"date":"2022-05-07T11:49:08","date_gmt":"2022-05-07T09:49:08","guid":{"rendered":"https:\/\/ak47.nu\/produkt\/jg-jg0452-submachinegun-ebb-replica-with-fake-supressor-6mm\/"},"modified":"2025-12-03T20:06:31","modified_gmt":"2025-12-03T19:06:31","slug":"jg-jg0452-maschinenpistole-ebb-replikat-mit-daempfer","status":"publish","type":"product","link":"http:\/\/ak47.nu\/de\/produkt\/airsoft\/el-drivna\/kulsprutor\/jg-jg0452-maschinenpistole-ebb-replikat-mit-daempfer\/","title":{"rendered":"JG JG0452 Maschinenpistole EBB Replikat mit D\u00e4mpfer"},"content":{"rendered":"<h1>JG - JG0452 Maschinenpistole EBB Replikat mit Deko-Schalld\u00e4mpfer 6mm<\/h1>\n<h2>Authentisches Replikat mit hochwertigen Materialien<\/h2>\n<p>JG0452 Maschinenpistolen Replikat. Hergestellt aus Metall und Kunststoffen. Dieses Replikat kombiniert hochwertige Materialien f\u00fcr ein realistisches Gef\u00fchl und Haltbarkeit. Metallkomponenten umfassen den klappbaren Schaft, Lauf, taktischen Sling-Befestigungspunkt und das Magazin, was eine robuste Konstruktion bietet. Der K\u00f6rper besteht aus hochwertigem Kunststoff, um das Gewicht zu reduzieren.<\/p>\n<h2>Einstellbares Hop-Up und Hohe Kapazit\u00e4t<\/h2>\n<p>Das Replikat verf\u00fcgt \u00fcber halbautomatische und vollautomatische Feuermodi, genau wie die Originalfeuerwaffe. Ausgestattet mit einem funktionellen Hop-Up-System, das durch \u00d6ffnen der Staubschutzklappe eingestellt wird. Das Hop-Up-System verbessert die Leistung des Replikats, indem es die Flugbahn der BB-Kugel stabilisiert und die Reichweite erh\u00f6ht. Das Metallmagazin fasst 450 BB-Kugeln, wodurch die Notwendigkeit des Nachladens w\u00e4hrend des Gebrauchs reduziert wird.<\/p>\n<h2>Inklusive Schalld\u00e4mpfer f\u00fcr Realistisches Aussehen<\/h2>\n<p>Das Replikat wird mit einem Schalld\u00e4mpfer geliefert, einer charakteristischen und erkennbaren Konstruktion, die f\u00fcr MAC-10-artige Repliken entwickelt wurde. Der Schalld\u00e4mpfer sorgt f\u00fcr ein aggressiveres und realistischeres Aussehen.<\/p>\n<h3>Spezifikationen:<\/h3>\n<ul>\n <li>Hersteller: JG<\/li>\n <li>Material: Metall und Kunststoff<\/li>\n <li>L\u00e4nge: 240 \/ 400 mm<\/li>\n <li>Gewicht: 1380 g<\/li>\n <li>M\u00fcndungsgeschwindigkeit: ~300 FPS<\/li>\n <li>Feuermodus: Semi, Auto<\/li>\n <li>Magazintyp: Hi-Cap Magazin<\/li>\n <li>Magazinkapazit\u00e4t: 450 Stk<\/li>\n <li>Hop-up: Ja, einstellbar<\/li>\n <li>Blow Back: Nein<\/li>\n <li>Batteriespannung: 7,2 V<\/li>\n <li>Batteriekapazit\u00e4t: 650 mAh<\/li>\n <li>Batterie enthalten: Ni-MH<\/li>\n<\/ul>\n<h3>Das Set beinhaltet:<\/h3>\n<ul>\n <li>Replikat<\/li>\n <li>Magazin<\/li>\n <li>Schalld\u00e4mpfer<\/li>\n<\/ul>\n<p>Entdecken Sie mehr \u00fcber unsere <a href=\"https:\/\/ak47.nu\/de\/butik\/\">anderen hochwertigen Repliken<\/a>. Um unsere breite Auswahl zu sehen, besuchen Sie unsere <a href=\"https:\/\/ak47.nu\/de\/airsoft\/\">Maschinenpistolen Kategorie<\/a>. Besuchen Sie <a href=\"https:\/\/ak47.nu\/de\/\">unsere Website<\/a> f\u00fcr die neuesten Angebote.<\/p>","protected":false},"excerpt":{"rendered":"<p>JG &#8211; JG0452 Maschinenpistole EBB Replikat mit Deko-Schalld\u00e4mpfer 6mm Authentisches Replikat mit hochwertigen Materialien JG0452 Maschinenpistolen Replikat. Hergestellt aus Metall und Kunststoffen. Dieses Replikat kombiniert hochwertige Materialien f\u00fcr ein realistisches Gef\u00fchl und Haltbarkeit. Metallkomponenten umfassen den klappbaren Schaft, Lauf, taktischen Sling-Befestigungspunkt und das Magazin, was eine robuste Konstruktion bietet. Der K\u00f6rper besteht aus hochwertigem Kunststoff, [&#8230;]","protected":false},"featured_media":21047,"template":"","meta":[],"product_brand":[],"product_cat":[402],"product_tag":[],"class_list":{"0":"post-21052","1":"product","2":"type-product","3":"status-publish","4":"has-post-thumbnail","6":"product_cat-kulsprutor","7":"pa_brand-jg","8":"pa_farg-svart","10":"first","11":"outofstock","12":"sale","13":"taxable","14":"shipping-taxable","15":"purchasable","16":"product-type-simple"},"_links":{"self":[{"href":"http:\/\/ak47.nu\/de\/wp-json\/wp\/v2\/product\/21052","targetHints":{"allow":["GET"]}}],"collection":[{"href":"http:\/\/ak47.nu\/de\/wp-json\/wp\/v2\/product"}],"about":[{"href":"http:\/\/ak47.nu\/de\/wp-json\/wp\/v2\/types\/product"}],"wp:featuredmedia":[{"embeddable":true,"href":"http:\/\/ak47.nu\/de\/wp-json\/wp\/v2\/media\/21047"}],"wp:attachment":[{"href":"http:\/\/ak47.nu\/de\/wp-json\/wp\/v2\/media?parent=21052"}],"wp:term":[{"taxonomy":"product_brand","embeddable":true,"href":"http:\/\/ak47.nu\/de\/wp-json\/wp\/v2\/product_brand?post=21052"},{"taxonomy":"product_cat","embeddable":true,"href":"http:\/\/ak47.nu\/de\/wp-json\/wp\/v2\/product_cat?post=21052"},{"taxonomy":"product_tag","embeddable":true,"href":"http:\/\/ak47.nu\/de\/wp-json\/wp\/v2\/product_tag?post=21052"}],"curies":[{"name":"wp","href":"https:\/\/api.w.org\/{rel}","templated":true}]}}