{"id":21165,"date":"2022-05-07T12:36:52","date_gmt":"2022-05-07T10:36:52","guid":{"rendered":"https:\/\/ak47.nu\/produkt\/ggh-0301-ls6904-magazine-for-ls-replica-6mm-greengas\/"},"modified":"2025-12-03T20:09:10","modified_gmt":"2025-12-03T19:09:10","slug":"ggh-0301-ls6904-magazin-fuer-ls-replika-6mm-greengas","status":"publish","type":"product","link":"http:\/\/ak47.nu\/de\/produkt\/zubehor-2\/magasin\/ggh-0301-ls6904-magazin-fuer-ls-replika-6mm-greengas\/","title":{"rendered":"GGH-0301 \/ LS6904 Magazin f\u00fcr LS Replika"},"content":{"rendered":"<h1>GGH-0301 \/ LS6904 Magazin f\u00fcr LS Replika 6mm Greengas<\/h1>\n<h2>Passend f\u00fcr STTI Replika<\/h2>\n<p>Magazin, passend f\u00fcr die GGH-0301 \/ LS6904 Replika von STTI. Dieses Magazin ist f\u00fcr die Verwendung mit Greengas ausgelegt.<\/p>\n<ul>\n <li>Kompatibel mit der GGH-0301 \/ LS6904 Replika von STTI<\/li>\n <li>Verwendet Greengas<\/li>\n <li>Artikelnummer: GGH-0301M<\/li>\n<\/ul>\n<p>Dieses Magazin ist eine wesentliche Komponente f\u00fcr Ihre Replika und gew\u00e4hrleistet eine zuverl\u00e4ssige Zuf\u00fchrung und Leistung w\u00e4hrend des Gebrauchs. Vergessen Sie nicht, unsere <a href=\"https:\/\/ak47.nu\/de\/butik\/\">anderen Ersatzteile<\/a> zu \u00fcberpr\u00fcfen, um Ihre Ausr\u00fcstung zu warten. F\u00fcr weitere Informationen zu unseren Produkten besuchen Sie unsere Kategorie <a href=\"https:\/\/ak47.nu\/de\/zubehor-2\/magasin\/\">Airsoft Magazine<\/a> oder gehen Sie zu unserer <a href=\"https:\/\/ak47.nu\/de\/\">Homepage<\/a>.<\/p>","protected":false},"excerpt":{"rendered":"<p>GGH-0301 \/ LS6904 Magazin f\u00fcr LS Replika 6mm Greengas Passend f\u00fcr STTI Replika Magazin, passend f\u00fcr die GGH-0301 \/ LS6904 Replika von STTI. Dieses Magazin ist f\u00fcr die Verwendung mit Greengas ausgelegt. Kompatibel mit der GGH-0301 \/ LS6904 Replika von STTI Verwendet Greengas Artikelnummer: GGH-0301M Dieses Magazin ist eine wesentliche Komponente f\u00fcr Ihre Replika und [&#8230;]","protected":false},"featured_media":21162,"template":"","meta":[],"product_brand":[],"product_cat":[464],"product_tag":[],"class_list":{"0":"post-21165","1":"product","2":"type-product","3":"status-publish","4":"has-post-thumbnail","6":"product_cat-magasin","7":"pa_brand-stti","9":"first","10":"outofstock","11":"sale","12":"taxable","13":"shipping-taxable","14":"purchasable","15":"product-type-simple"},"_links":{"self":[{"href":"http:\/\/ak47.nu\/de\/wp-json\/wp\/v2\/product\/21165","targetHints":{"allow":["GET"]}}],"collection":[{"href":"http:\/\/ak47.nu\/de\/wp-json\/wp\/v2\/product"}],"about":[{"href":"http:\/\/ak47.nu\/de\/wp-json\/wp\/v2\/types\/product"}],"wp:featuredmedia":[{"embeddable":true,"href":"http:\/\/ak47.nu\/de\/wp-json\/wp\/v2\/media\/21162"}],"wp:attachment":[{"href":"http:\/\/ak47.nu\/de\/wp-json\/wp\/v2\/media?parent=21165"}],"wp:term":[{"taxonomy":"product_brand","embeddable":true,"href":"http:\/\/ak47.nu\/de\/wp-json\/wp\/v2\/product_brand?post=21165"},{"taxonomy":"product_cat","embeddable":true,"href":"http:\/\/ak47.nu\/de\/wp-json\/wp\/v2\/product_cat?post=21165"},{"taxonomy":"product_tag","embeddable":true,"href":"http:\/\/ak47.nu\/de\/wp-json\/wp\/v2\/product_tag?post=21165"}],"curies":[{"name":"wp","href":"https:\/\/api.w.org\/{rel}","templated":true}]}}