{"id":21169,"date":"2022-05-07T12:36:56","date_gmt":"2022-05-07T10:36:56","guid":{"rendered":"https:\/\/ak47.nu\/produkt\/original-gletcher-magasin-1-pce-tt-tt-nbb\/"},"modified":"2025-08-21T10:47:33","modified_gmt":"2025-08-21T08:47:33","slug":"gletcher-tt-tt-nbb-magazin","status":"publish","type":"product","link":"http:\/\/ak47.nu\/de\/produkt\/zubehor-2\/magasin\/gletcher-tt-tt-nbb-magazin\/","title":{"rendered":"Gletcher TT \/ TT NBB Magazin - 1 Stk"},"content":{"rendered":"<h1>Original Gletcher Magazin - TT \/ TT NBB<\/h1>\n<h2>Magazin f\u00fcr Gletcher TT und TT NBB<\/h2>\n<p>Dieses Originalmagazin wurde speziell f\u00fcr die Gletcher TT und TT NBB Luftpistolen entwickelt. Ideal als zus\u00e4tzliches Magazin oder als Ersatz f\u00fcr Ihr aktuelles. Wird in einer Packung mit 1 St\u00fcck verkauft.<\/p>\n<ul>\n <li><strong>Kompatibilit\u00e4t:<\/strong> Entwickelt f\u00fcr Gletcher TT und TT NBB Luftpistolen.<\/li>\n <li><strong>Anzahl:<\/strong> Wird in einer Packung mit 1 Magazin verkauft.<\/li>\n <li><strong>Originalteil:<\/strong> Garantierte Qualit\u00e4t und Passform.<\/li>\n<\/ul>\n<p>Stellen Sie sicher, dass Sie immer gen\u00fcgend Munition zur Verf\u00fcgung haben mit diesem zuverl\u00e4ssigen Magazin. Kompatible <a href=\"https:\/\/ak47.nu\/de\/butik\/\">Gletcher-Luftpistolen<\/a> finden Sie hier, und Sie k\u00f6nnen auch unser Angebot an <a href=\"https:\/\/ak47.nu\/de\/zubehor-2\/magasin\/\">Luftpistolenzubeh\u00f6r<\/a> ansehen. Besuchen Sie <a href=\"https:\/\/ak47.nu\/de\/\">unsere Webseite<\/a> f\u00fcr weitere Informationen und andere Produkte.<\/p>","protected":false},"excerpt":{"rendered":"<p>Original Gletcher Magazin &#8211; TT \/ TT NBB Magazin f\u00fcr Gletcher TT und TT NBB Dieses Originalmagazin wurde speziell f\u00fcr die Gletcher TT und TT NBB Luftpistolen entwickelt. Ideal als zus\u00e4tzliches Magazin oder als Ersatz f\u00fcr Ihr aktuelles. Wird in einer Packung mit 1 St\u00fcck verkauft. Kompatibilit\u00e4t: Entwickelt f\u00fcr Gletcher TT und TT NBB Luftpistolen. [&#8230;]","protected":false},"featured_media":21168,"template":"","meta":[],"product_brand":[],"product_cat":[464,450],"product_tag":[],"class_list":{"0":"post-21169","1":"product","2":"type-product","3":"status-publish","4":"has-post-thumbnail","6":"product_cat-magasin","7":"product_cat-tillbehor-2","8":"pa_brand-gletcher","10":"first","11":"outofstock","12":"sale","13":"taxable","14":"shipping-taxable","15":"purchasable","16":"product-type-simple"},"_links":{"self":[{"href":"http:\/\/ak47.nu\/de\/wp-json\/wp\/v2\/product\/21169","targetHints":{"allow":["GET"]}}],"collection":[{"href":"http:\/\/ak47.nu\/de\/wp-json\/wp\/v2\/product"}],"about":[{"href":"http:\/\/ak47.nu\/de\/wp-json\/wp\/v2\/types\/product"}],"wp:featuredmedia":[{"embeddable":true,"href":"http:\/\/ak47.nu\/de\/wp-json\/wp\/v2\/media\/21168"}],"wp:attachment":[{"href":"http:\/\/ak47.nu\/de\/wp-json\/wp\/v2\/media?parent=21169"}],"wp:term":[{"taxonomy":"product_brand","embeddable":true,"href":"http:\/\/ak47.nu\/de\/wp-json\/wp\/v2\/product_brand?post=21169"},{"taxonomy":"product_cat","embeddable":true,"href":"http:\/\/ak47.nu\/de\/wp-json\/wp\/v2\/product_cat?post=21169"},{"taxonomy":"product_tag","embeddable":true,"href":"http:\/\/ak47.nu\/de\/wp-json\/wp\/v2\/product_tag?post=21169"}],"curies":[{"name":"wp","href":"https:\/\/api.w.org\/{rel}","templated":true}]}}