{"id":21175,"date":"2022-05-07T12:36:59","date_gmt":"2022-05-07T10:36:59","guid":{"rendered":"https:\/\/ak47.nu\/produkt\/ggh-0302-magazine-for-stti-st23-replica-6mm-greengas\/"},"modified":"2025-08-21T10:47:31","modified_gmt":"2025-08-21T08:47:31","slug":"ggh-0302-magazin-stti-st23-replika","status":"publish","type":"product","link":"http:\/\/ak47.nu\/de\/produkt\/zubehor-2\/magasin\/ggh-0302-magazin-stti-st23-replika\/","title":{"rendered":"GGH-0302 Magazin f\u00fcr STTI ST23 Replika"},"content":{"rendered":"<h1>GGH-0302 Magazin f\u00fcr STTI ST23 Replika 6mm Greengas<\/h1>\n<h2>Passend f\u00fcr STTI GGH-0302<\/h2>\n<p>Dieses Magazin ist so konzipiert, dass es perfekt zu Ihrer STTI GGH-0302 Replika passt. Das Magazin ist f\u00fcr Greengas vorgesehen und gew\u00e4hrleistet optimale Leistung und Zuverl\u00e4ssigkeit. Mit der Teilenummer GGH-0302M k\u00f6nnen Sie sicher sein, dass Sie das richtige Ersatzteil f\u00fcr Ihre Airsoft-Ausr\u00fcstung erhalten.<\/p>\n<p>Das Greengas-Magazin ist so gefertigt, dass es eine reibungslose und zuverl\u00e4ssige Zufuhr von Munition w\u00e4hrend des Gebrauchs gew\u00e4hrleistet. Dies tr\u00e4gt zu einem besseren Spielerlebnis bei, bei dem Sie sich auf das Spiel konzentrieren k\u00f6nnen, anstatt sich um technische Probleme zu k\u00fcmmern. Vervollst\u00e4ndigen Sie Ihre Airsoft-Ausr\u00fcstung mit diesem hochwertigen Magazin von STTI.<\/p>\n<ul>\n<li>Passend f\u00fcr GGH-0302 Replika von STTI<\/li>\n<li>Verwendet Greengas<\/li>\n<li>Teilenummer: GGH-0302M<\/li>\n<\/ul>\n<p>R\u00fcsten Sie Ihre Airsoft-Ausr\u00fcstung mit diesem zuverl\u00e4ssigen Magazin auf. Hier finden Sie <a href=\"https:\/\/ak47.nu\/de\/butik\/\">\u00e4hnliche Magazine<\/a> und andere relevante Produkte in unserem Webshop. Um unser gesamtes Sortiment an <a href=\"https:\/\/ak47.nu\/de\/zubehor-2\/magasin\/\">Airsoft-Zubeh\u00f6r<\/a> zu sehen, besuchen Sie unsere Kategorieseite. Verpassen Sie auch nicht unsere gro\u00dfe Auswahl an Produkten auf unserer <a href=\"https:\/\/ak47.nu\/de\/\">Homepage<\/a>!<\/p>","protected":false},"excerpt":{"rendered":"<p>GGH-0302 Magazin f\u00fcr STTI ST23 Replika 6mm Greengas Passend f\u00fcr STTI GGH-0302 Dieses Magazin ist so konzipiert, dass es perfekt zu Ihrer STTI GGH-0302 Replika passt. Das Magazin ist f\u00fcr Greengas vorgesehen und gew\u00e4hrleistet optimale Leistung und Zuverl\u00e4ssigkeit. Mit der Teilenummer GGH-0302M k\u00f6nnen Sie sicher sein, dass Sie das richtige Ersatzteil f\u00fcr Ihre Airsoft-Ausr\u00fcstung erhalten. [&#8230;]","protected":false},"featured_media":21170,"template":"","meta":[],"product_brand":[],"product_cat":[464,450],"product_tag":[],"class_list":{"0":"post-21175","1":"product","2":"type-product","3":"status-publish","4":"has-post-thumbnail","6":"product_cat-magasin","7":"product_cat-tillbehor-2","8":"pa_brand-stti","10":"first","11":"outofstock","12":"sale","13":"taxable","14":"shipping-taxable","15":"purchasable","16":"product-type-simple"},"_links":{"self":[{"href":"http:\/\/ak47.nu\/de\/wp-json\/wp\/v2\/product\/21175","targetHints":{"allow":["GET"]}}],"collection":[{"href":"http:\/\/ak47.nu\/de\/wp-json\/wp\/v2\/product"}],"about":[{"href":"http:\/\/ak47.nu\/de\/wp-json\/wp\/v2\/types\/product"}],"wp:featuredmedia":[{"embeddable":true,"href":"http:\/\/ak47.nu\/de\/wp-json\/wp\/v2\/media\/21170"}],"wp:attachment":[{"href":"http:\/\/ak47.nu\/de\/wp-json\/wp\/v2\/media?parent=21175"}],"wp:term":[{"taxonomy":"product_brand","embeddable":true,"href":"http:\/\/ak47.nu\/de\/wp-json\/wp\/v2\/product_brand?post=21175"},{"taxonomy":"product_cat","embeddable":true,"href":"http:\/\/ak47.nu\/de\/wp-json\/wp\/v2\/product_cat?post=21175"},{"taxonomy":"product_tag","embeddable":true,"href":"http:\/\/ak47.nu\/de\/wp-json\/wp\/v2\/product_tag?post=21175"}],"curies":[{"name":"wp","href":"https:\/\/api.w.org\/{rel}","templated":true}]}}