{"id":21177,"date":"2022-05-07T12:37:00","date_gmt":"2022-05-07T10:37:00","guid":{"rendered":"https:\/\/ak47.nu\/produkt\/original-gletcher-magasin-1-pce-trs247-trs-24-7\/"},"modified":"2025-08-21T10:47:26","modified_gmt":"2025-08-21T08:47:26","slug":"gletcher-magazin-trs247-trs-247","status":"publish","type":"product","link":"http:\/\/ak47.nu\/de\/produkt\/zubehor-2\/magasin\/gletcher-magazin-trs247-trs-247\/","title":{"rendered":"Gletcher Magazin - TRS247 \/ TRS 24\/7"},"content":{"rendered":"<h1>Original Gletcher Magazin - TRS247 \/ TRS 24\/7<\/h1>\n<h2>Magazin f\u00fcr Gletcher TRS 24\/7<\/h2>\n<p>Dies ist ein Originalmagazin f\u00fcr die Gletcher TRS 24\/7 Luftpistole. Es ist ideal f\u00fcr schnelle Magazinwechsel, sodass Sie Ihr Schie\u00dftraining verl\u00e4ngern k\u00f6nnen. Jede Packung enth\u00e4lt ein Magazin und einen Inbusschl\u00fcssel.<\/p>\n<ul>\n <li>Kompatibel mit: Gletcher TRS 24\/7<\/li>\n <li>Paket beinhaltet: 1 Magazin, 1 Inbusschl\u00fcssel<\/li>\n<\/ul>\n<p>Ben\u00f6tigen Sie weitere Magazine f\u00fcr Ihre Luftpistole? Kaufen Sie ein zus\u00e4tzliches <a href=\"https:\/\/ak47.nu\/de\/butik\/\">Gletcher Magazin<\/a>, um sicherzustellen, dass Sie immer ein geladenes Magazin bereit haben. Um anderes Zubeh\u00f6r und Ersatzteile f\u00fcr Ihre Pistole zu finden, besuchen Sie unsere <a href=\"https:\/\/ak47.nu\/de\/zubehor-2\/magasin\/\">Pistolenzubeh\u00f6r Kategorie<\/a>. Vergessen Sie nicht, dass wir auch eine gro\u00dfe Auswahl an anderen Produkten f\u00fchren. Sie finden unser komplettes Produktsortiment im <a href=\"https:\/\/ak47.nu\/de\/\">Waffen Shop<\/a>.<\/p>","protected":false},"excerpt":{"rendered":"<p>Original Gletcher Magazin &#8211; TRS247 \/ TRS 24\/7 Magazin f\u00fcr Gletcher TRS 24\/7 Dies ist ein Originalmagazin f\u00fcr die Gletcher TRS 24\/7 Luftpistole. Es ist ideal f\u00fcr schnelle Magazinwechsel, sodass Sie Ihr Schie\u00dftraining verl\u00e4ngern k\u00f6nnen. Jede Packung enth\u00e4lt ein Magazin und einen Inbusschl\u00fcssel. Kompatibel mit: Gletcher TRS 24\/7 Paket beinhaltet: 1 Magazin, 1 Inbusschl\u00fcssel Ben\u00f6tigen [&#8230;]","protected":false},"featured_media":21176,"template":"","meta":[],"product_brand":[],"product_cat":[464,450],"product_tag":[],"class_list":{"0":"post-21177","1":"product","2":"type-product","3":"status-publish","4":"has-post-thumbnail","6":"product_cat-magasin","7":"product_cat-tillbehor-2","8":"pa_brand-gletcher","10":"first","11":"instock","12":"sale","13":"taxable","14":"shipping-taxable","15":"purchasable","16":"product-type-simple"},"_links":{"self":[{"href":"http:\/\/ak47.nu\/de\/wp-json\/wp\/v2\/product\/21177","targetHints":{"allow":["GET"]}}],"collection":[{"href":"http:\/\/ak47.nu\/de\/wp-json\/wp\/v2\/product"}],"about":[{"href":"http:\/\/ak47.nu\/de\/wp-json\/wp\/v2\/types\/product"}],"wp:featuredmedia":[{"embeddable":true,"href":"http:\/\/ak47.nu\/de\/wp-json\/wp\/v2\/media\/21176"}],"wp:attachment":[{"href":"http:\/\/ak47.nu\/de\/wp-json\/wp\/v2\/media?parent=21177"}],"wp:term":[{"taxonomy":"product_brand","embeddable":true,"href":"http:\/\/ak47.nu\/de\/wp-json\/wp\/v2\/product_brand?post=21177"},{"taxonomy":"product_cat","embeddable":true,"href":"http:\/\/ak47.nu\/de\/wp-json\/wp\/v2\/product_cat?post=21177"},{"taxonomy":"product_tag","embeddable":true,"href":"http:\/\/ak47.nu\/de\/wp-json\/wp\/v2\/product_tag?post=21177"}],"curies":[{"name":"wp","href":"https:\/\/api.w.org\/{rel}","templated":true}]}}