{"id":21200,"date":"2022-05-07T12:37:15","date_gmt":"2022-05-07T10:37:15","guid":{"rendered":"https:\/\/ak47.nu\/produkt\/original-gletcher-magasin-1-pce-ss-p232l\/"},"modified":"2025-08-21T10:47:14","modified_gmt":"2025-08-21T08:47:14","slug":"gletcher-ss-p232l-magazin","status":"publish","type":"product","link":"http:\/\/ak47.nu\/de\/produkt\/zubehor-2\/magasin\/gletcher-ss-p232l-magazin\/","title":{"rendered":"Gletcher SS P232L Magazin - 1 Stk"},"content":{"rendered":"<h1>Gletcher SS P232L Magazin<\/h1>\n<h2>Magazin f\u00fcr Ihre Gletcher SS P232L<\/h2>\n<p>Dieses Magazin wurde speziell f\u00fcr die Gletcher SS P232L Luftpistole entwickelt. Wird einzeln verkauft. Investieren Sie in ein zus\u00e4tzliches Magazin, um Ihre Schie\u00dfsession ohne Unterbrechungen zu verl\u00e4ngern. Dieses Magazin ist ideal f\u00fcr Training und Wettkampf und sorgt daf\u00fcr, dass Sie immer bereit sind. Holen Sie mit diesem zuverl\u00e4ssigen Magazin das Beste aus Ihrer Gletcher Luftpistole heraus. Besuchen Sie <a href=\"https:\/\/ak47.nu\/de\/\">unsere Website<\/a>, um unser gesamtes Sortiment an <a href=\"https:\/\/ak47.nu\/de\/zubehor-2\/magasin\/\">Luftpistolenzubeh\u00f6r<\/a> anzuzeigen. Sie finden auch andere <a href=\"https:\/\/ak47.nu\/de\/butik\/\">Gletcher Produkte<\/a> in unserem Sortiment.<\/p>","protected":false},"excerpt":{"rendered":"<p>Gletcher SS P232L Magazin Magazin f\u00fcr Ihre Gletcher SS P232L Dieses Magazin wurde speziell f\u00fcr die Gletcher SS P232L Luftpistole entwickelt. Wird einzeln verkauft. Investieren Sie in ein zus\u00e4tzliches Magazin, um Ihre Schie\u00dfsession ohne Unterbrechungen zu verl\u00e4ngern. Dieses Magazin ist ideal f\u00fcr Training und Wettkampf und sorgt daf\u00fcr, dass Sie immer bereit sind. Holen Sie [&#8230;]","protected":false},"featured_media":21196,"template":"","meta":[],"product_brand":[],"product_cat":[464,450],"product_tag":[],"class_list":{"0":"post-21200","1":"product","2":"type-product","3":"status-publish","4":"has-post-thumbnail","6":"product_cat-magasin","7":"product_cat-tillbehor-2","8":"pa_brand-gletcher","10":"first","11":"instock","12":"sale","13":"taxable","14":"shipping-taxable","15":"purchasable","16":"product-type-simple"},"_links":{"self":[{"href":"http:\/\/ak47.nu\/de\/wp-json\/wp\/v2\/product\/21200","targetHints":{"allow":["GET"]}}],"collection":[{"href":"http:\/\/ak47.nu\/de\/wp-json\/wp\/v2\/product"}],"about":[{"href":"http:\/\/ak47.nu\/de\/wp-json\/wp\/v2\/types\/product"}],"wp:featuredmedia":[{"embeddable":true,"href":"http:\/\/ak47.nu\/de\/wp-json\/wp\/v2\/media\/21196"}],"wp:attachment":[{"href":"http:\/\/ak47.nu\/de\/wp-json\/wp\/v2\/media?parent=21200"}],"wp:term":[{"taxonomy":"product_brand","embeddable":true,"href":"http:\/\/ak47.nu\/de\/wp-json\/wp\/v2\/product_brand?post=21200"},{"taxonomy":"product_cat","embeddable":true,"href":"http:\/\/ak47.nu\/de\/wp-json\/wp\/v2\/product_cat?post=21200"},{"taxonomy":"product_tag","embeddable":true,"href":"http:\/\/ak47.nu\/de\/wp-json\/wp\/v2\/product_tag?post=21200"}],"curies":[{"name":"wp","href":"https:\/\/api.w.org\/{rel}","templated":true}]}}