{"id":21205,"date":"2022-05-07T12:37:18","date_gmt":"2022-05-07T10:37:18","guid":{"rendered":"https:\/\/ak47.nu\/produkt\/original-gletcher-magasin-1-pce-aps-aps-nbb-stechkin-etc\/"},"modified":"2025-12-03T20:11:14","modified_gmt":"2025-12-03T19:11:14","slug":"gletcher-magazin-aps-nbb-stechkin","status":"publish","type":"product","link":"http:\/\/ak47.nu\/de\/produkt\/zubehor-2\/magasin\/gletcher-magazin-aps-nbb-stechkin\/","title":{"rendered":"Gletcher Magazin - 1 Stk. - APS, NBB, STECHKIN"},"content":{"rendered":"<h1>Gletcher Magazin - 1 Stk. - APS, APS NBB, STECHKIN, GLST51 und GLSN51<\/h1>\n<h2>Magazin f\u00fcr Gletcher Airguns<\/h2>\n<p>Dieses Magazin ist f\u00fcr die Verwendung mit bestimmten Gletcher Airguns konzipiert, einschlie\u00dflich der Modelle APS, APS NBB, STECHKIN, GLST51 und GLSN51. Das Magazin wird in einer Packung mit 1 St\u00fcck verkauft.<\/p>\n<ul>\n <li><strong>Kompatibilit\u00e4t:<\/strong> Passend f\u00fcr Gletcher APS, APS NBB, STECHKIN, GLST51 und GLSN51 Modelle.<\/li>\n <li><strong>Verpackung:<\/strong> Verkauft in einer Packung mit 1 St\u00fcck.<\/li>\n<\/ul>\n<p>Besuchen Sie unsere <a href=\"https:\/\/ak47.nu\/de\/butik\/\">Gletcher Airgun Zubeh\u00f6rseite hier<\/a>, um weiteres kompatibles Zubeh\u00f6r zu entdecken. Entdecken Sie auch unser breites Sortiment an <a href=\"https:\/\/ak47.nu\/de\/zubehor-2\/magasin\/\">Luftgunen<\/a>. F\u00fcr weitere Informationen zu unserem Sortiment besuchen Sie unsere <a href=\"https:\/\/ak47.nu\/de\/\">Homepage<\/a>.<\/p>","protected":false},"excerpt":{"rendered":"<p>Gletcher Magazin &#8211; 1 Stk. &#8211; APS, APS NBB, STECHKIN, GLST51 und GLSN51 Magazin f\u00fcr Gletcher Airguns Dieses Magazin ist f\u00fcr die Verwendung mit bestimmten Gletcher Airguns konzipiert, einschlie\u00dflich der Modelle APS, APS NBB, STECHKIN, GLST51 und GLSN51. Das Magazin wird in einer Packung mit 1 St\u00fcck verkauft. Kompatibilit\u00e4t: Passend f\u00fcr Gletcher APS, APS NBB, [&#8230;]","protected":false},"featured_media":21204,"template":"","meta":[],"product_brand":[],"product_cat":[464],"product_tag":[],"class_list":{"0":"post-21205","1":"product","2":"type-product","3":"status-publish","4":"has-post-thumbnail","6":"product_cat-magasin","7":"pa_brand-gletcher","9":"first","10":"outofstock","11":"sale","12":"taxable","13":"shipping-taxable","14":"purchasable","15":"product-type-simple"},"_links":{"self":[{"href":"http:\/\/ak47.nu\/de\/wp-json\/wp\/v2\/product\/21205","targetHints":{"allow":["GET"]}}],"collection":[{"href":"http:\/\/ak47.nu\/de\/wp-json\/wp\/v2\/product"}],"about":[{"href":"http:\/\/ak47.nu\/de\/wp-json\/wp\/v2\/types\/product"}],"wp:featuredmedia":[{"embeddable":true,"href":"http:\/\/ak47.nu\/de\/wp-json\/wp\/v2\/media\/21204"}],"wp:attachment":[{"href":"http:\/\/ak47.nu\/de\/wp-json\/wp\/v2\/media?parent=21205"}],"wp:term":[{"taxonomy":"product_brand","embeddable":true,"href":"http:\/\/ak47.nu\/de\/wp-json\/wp\/v2\/product_brand?post=21205"},{"taxonomy":"product_cat","embeddable":true,"href":"http:\/\/ak47.nu\/de\/wp-json\/wp\/v2\/product_cat?post=21205"},{"taxonomy":"product_tag","embeddable":true,"href":"http:\/\/ak47.nu\/de\/wp-json\/wp\/v2\/product_tag?post=21205"}],"curies":[{"name":"wp","href":"https:\/\/api.w.org\/{rel}","templated":true}]}}