{"id":21207,"date":"2022-05-07T12:37:19","date_gmt":"2022-05-07T10:37:19","guid":{"rendered":"https:\/\/ak47.nu\/produkt\/original-gletcher-magasin-1-pce-p08-luger\/"},"modified":"2025-12-03T20:11:17","modified_gmt":"2025-12-03T19:11:17","slug":"gletcher-p08-magazin-1-stk-luger","status":"publish","type":"product","link":"http:\/\/ak47.nu\/de\/produkt\/zubehor-2\/magasin\/gletcher-p08-magazin-1-stk-luger\/","title":{"rendered":"Gletcher P08 Luger Magazin - 1 Stk. | GLETCHER"},"content":{"rendered":"<h1>Original Gletcher Magazin - 1 Stk. - P08 Luger<\/h1>\n<h2>Gletcher P08 Luger Magazin<\/h2>\n<p>Dies ist ein Originalmagazin f\u00fcr Ihre Gletcher P08 Luftpistole. Die Packung enth\u00e4lt ein Magazin. Kaufen Sie am besten ein zus\u00e4tzliches Magazin, damit Sie das Magazin nicht so oft nachladen m\u00fcssen! Bei uns finden Sie immer <a href=\"https:\/\/ak47.nu\/de\/butik\/\">g\u00fcnstige Magazine<\/a> f\u00fcr Ihre Luftpistole.<\/p>\n<ul>\n <li><strong>Kompatibilit\u00e4t:<\/strong> Gletcher P08 Luger Luftpistole<\/li>\n <li><strong>Anzahl:<\/strong> 1 Magazin pro Packung<\/li>\n<\/ul>\n<p>Besuchen Sie unsere <a href=\"https:\/\/ak47.nu\/de\/zubehor-2\/magasin\/\">Kategorie f\u00fcr Luftpistolen<\/a>, um unsere gro\u00dfe Auswahl zu sehen. Sie k\u00f6nnen auch unsere <a href=\"https:\/\/ak47.nu\/de\/\">Homepage<\/a> besuchen, um unser gesamtes Sortiment zu sehen.<\/p>","protected":false},"excerpt":{"rendered":"<p>Original Gletcher Magazin &#8211; 1 Stk. &#8211; P08 Luger Gletcher P08 Luger Magazin Dies ist ein Originalmagazin f\u00fcr Ihre Gletcher P08 Luftpistole. Die Packung enth\u00e4lt ein Magazin. Kaufen Sie am besten ein zus\u00e4tzliches Magazin, damit Sie das Magazin nicht so oft nachladen m\u00fcssen! Bei uns finden Sie immer g\u00fcnstige Magazine f\u00fcr Ihre Luftpistole. Kompatibilit\u00e4t: Gletcher [&#8230;]","protected":false},"featured_media":21206,"template":"","meta":[],"product_brand":[],"product_cat":[464],"product_tag":[],"class_list":{"0":"post-21207","1":"product","2":"type-product","3":"status-publish","4":"has-post-thumbnail","6":"product_cat-magasin","7":"pa_brand-gletcher","9":"first","10":"outofstock","11":"sale","12":"taxable","13":"shipping-taxable","14":"purchasable","15":"product-type-simple"},"_links":{"self":[{"href":"http:\/\/ak47.nu\/de\/wp-json\/wp\/v2\/product\/21207","targetHints":{"allow":["GET"]}}],"collection":[{"href":"http:\/\/ak47.nu\/de\/wp-json\/wp\/v2\/product"}],"about":[{"href":"http:\/\/ak47.nu\/de\/wp-json\/wp\/v2\/types\/product"}],"wp:featuredmedia":[{"embeddable":true,"href":"http:\/\/ak47.nu\/de\/wp-json\/wp\/v2\/media\/21206"}],"wp:attachment":[{"href":"http:\/\/ak47.nu\/de\/wp-json\/wp\/v2\/media?parent=21207"}],"wp:term":[{"taxonomy":"product_brand","embeddable":true,"href":"http:\/\/ak47.nu\/de\/wp-json\/wp\/v2\/product_brand?post=21207"},{"taxonomy":"product_cat","embeddable":true,"href":"http:\/\/ak47.nu\/de\/wp-json\/wp\/v2\/product_cat?post=21207"},{"taxonomy":"product_tag","embeddable":true,"href":"http:\/\/ak47.nu\/de\/wp-json\/wp\/v2\/product_tag?post=21207"}],"curies":[{"name":"wp","href":"https:\/\/api.w.org\/{rel}","templated":true}]}}