{"id":21220,"date":"2022-05-07T12:37:27","date_gmt":"2022-05-07T10:37:27","guid":{"rendered":"https:\/\/ak47.nu\/produkt\/ggh-9502-magazine-for-beretta-stti-replica-6mm-green-gas\/"},"modified":"2026-04-01T22:37:41","modified_gmt":"2026-04-01T20:37:41","slug":"ggh-9502-magazin-beretta-stti-replika","status":"publish","type":"product","link":"http:\/\/ak47.nu\/de\/produkt\/zubehor-2\/magasin\/ggh-9502-magazin-beretta-stti-replika\/","title":{"rendered":"GGH-9502 Magazin f\u00fcr Beretta STTI Replika"},"content":{"rendered":"<h1>GGH-9502 Magazin f\u00fcr Beretta STTI Replika<\/h1>\n<h2>Ein zuverl\u00e4ssiges Magazin f\u00fcr Ihre Beretta STTI Replika<\/h2>\n<p>Dieses <b>GGH-9502 Magazin<\/b> ist speziell f\u00fcr die Beretta STTI Replika (6mm) entwickelt und wird mit Green Gas betrieben. Mit der Artikelnummer GGH-9502M k\u00f6nnen Sie sicher sein, dass Sie das richtige Magazin f\u00fcr Ihre Airsoft-Pistole erhalten.<\/p>\n\n<h3>Funktionen und Vorteile<\/h3>\n<p>Das Magazin ist so konzipiert, dass es eine gleichm\u00e4\u00dfige und zuverl\u00e4ssige Gasversorgung gew\u00e4hrleistet, was zu einer konstanten Leistung w\u00e4hrend des Gebrauchs beitr\u00e4gt. Mit diesem Magazin stellen Sie sicher, dass Ihre Beretta STTI Replika auf dem Airsoft-Feld optimal funktioniert.<\/p>\n\n<ul>\n  <li>Passt perfekt zur GGH-9502 Beretta Replika von STTI<\/li>\n  <li>Betrieben mit Green Gas f\u00fcr zuverl\u00e4ssige Leistung<\/li>\n  <li>Artikelnummer: GGH-9502M<\/li>\n<\/ul>\n\n<p>Suchen Sie nach anderen <a href=\"https:\/\/ak47.nu\/de\/butik\/\">Airsoft-Magazinen<\/a> oder vielleicht nach einer neuen <a href=\"https:\/\/ak47.nu\/de\/zubehor-2\/magasin\/\">Airsoft-Pistole<\/a>? Entdecken Sie unsere gro\u00dfe Auswahl, um das zu finden, was Sie brauchen. Wir haben auch eine gro\u00dfe Auswahl an <a href=\"https:\/\/ak47.nu\/de\/\">Airsoft-Zubeh\u00f6r<\/a> f\u00fcr alle Ihre Bed\u00fcrfnisse.<\/p>","protected":false},"excerpt":{"rendered":"<p>GGH-9502 Magazin f\u00fcr Beretta STTI Replika Ein zuverl\u00e4ssiges Magazin f\u00fcr Ihre Beretta STTI Replika Dieses GGH-9502 Magazin ist speziell f\u00fcr die Beretta STTI Replika (6mm) entwickelt und wird mit Green Gas betrieben. Mit der Artikelnummer GGH-9502M k\u00f6nnen Sie sicher sein, dass Sie das richtige Magazin f\u00fcr Ihre Airsoft-Pistole erhalten. Funktionen und Vorteile Das Magazin ist [&#8230;]","protected":false},"featured_media":21214,"template":"","meta":[],"product_brand":[],"product_cat":[464],"product_tag":[],"class_list":{"0":"post-21220","1":"product","2":"type-product","3":"status-publish","4":"has-post-thumbnail","6":"product_cat-magasin","7":"pa_brand-stti","9":"first","10":"outofstock","11":"sale","12":"taxable","13":"shipping-taxable","14":"purchasable","15":"product-type-simple"},"_links":{"self":[{"href":"http:\/\/ak47.nu\/de\/wp-json\/wp\/v2\/product\/21220","targetHints":{"allow":["GET"]}}],"collection":[{"href":"http:\/\/ak47.nu\/de\/wp-json\/wp\/v2\/product"}],"about":[{"href":"http:\/\/ak47.nu\/de\/wp-json\/wp\/v2\/types\/product"}],"wp:featuredmedia":[{"embeddable":true,"href":"http:\/\/ak47.nu\/de\/wp-json\/wp\/v2\/media\/21214"}],"wp:attachment":[{"href":"http:\/\/ak47.nu\/de\/wp-json\/wp\/v2\/media?parent=21220"}],"wp:term":[{"taxonomy":"product_brand","embeddable":true,"href":"http:\/\/ak47.nu\/de\/wp-json\/wp\/v2\/product_brand?post=21220"},{"taxonomy":"product_cat","embeddable":true,"href":"http:\/\/ak47.nu\/de\/wp-json\/wp\/v2\/product_cat?post=21220"},{"taxonomy":"product_tag","embeddable":true,"href":"http:\/\/ak47.nu\/de\/wp-json\/wp\/v2\/product_tag?post=21220"}],"curies":[{"name":"wp","href":"https:\/\/api.w.org\/{rel}","templated":true}]}}