{"id":21272,"date":"2022-05-07T12:37:55","date_gmt":"2022-05-07T10:37:55","guid":{"rendered":"https:\/\/ak47.nu\/produkt\/hakkotsu-45rd-magasin-till-apm40a3-airsoft-6mm\/"},"modified":"2026-02-16T14:20:30","modified_gmt":"2026-02-16T13:20:30","slug":"hakkotsu-45rd-magazin-fuer-apm40a3-airsoft","status":"publish","type":"product","link":"http:\/\/ak47.nu\/de\/produkt\/zubehor-2\/magasin\/hakkotsu-45rd-magazin-fuer-apm40a3-airsoft\/","title":{"rendered":"HAKKOTSU 45rd Magazin f\u00fcr APM40A3 Airsoft"},"content":{"rendered":"<h1>HAKKOTSU - 45rd Magazin f\u00fcr APM40A3 Airsoft 6mm<\/h1>\n\n<h2>Zuverl\u00e4ssiges Magazin f\u00fcr Ihr APM40A3 Airsoft-Gewehr<\/h2>\n<p>Dieses HAKKOTSU Magazin ist f\u00fcr das APM40A3 Airsoft-Gewehr konzipiert und fasst 45 BBs. Mit seiner robusten Stahlkonstruktion und dem geringen Gewicht ist dieses Magazin eine zuverl\u00e4ssige Wahl f\u00fcr jeden Airsoft-Spieler.<\/p>\n\n<h3>Spezifikationen:<\/h3>\n<ul>\n    <li><strong>Kapazit\u00e4t:<\/strong> 45 BBs<\/li>\n    <li><strong>Material:<\/strong> Stahl<\/li>\n    <li><strong>Gewicht:<\/strong> 220 g<\/li>\n    <li><strong>Modell:<\/strong> Low-Cap<\/li>\n    <li><strong>Farbe:<\/strong> Schwarz<\/li>\n<\/ul>\n\n<p>Verbessern Sie Ihre Airsoft-Ausr\u00fcstung mit diesem HAKKOTSU Magazin. Das leichte Design und die robuste Konstruktion machen es zu einem idealen Begleiter auf dem Airsoft-Feld. F\u00fcr weiteres Zubeh\u00f6r besuchen Sie unsere Auswahl an <a href=\"https:\/\/ak47.nu\/de\/butik\/\">Airsoft-Magazinen<\/a>. Entdecken Sie auch unser <a href=\"https:\/\/ak47.nu\/de\/zubehor-2\/magasin\/\">Airsoft-Zubeh\u00f6r<\/a>, um Ihre Ausr\u00fcstung zu vervollst\u00e4ndigen. Verpassen Sie auch nicht unsere anderen Produkte von <a href=\"https:\/\/ak47.nu\/de\/\">HAKKOTSU<\/a>.<\/p>","protected":false},"excerpt":{"rendered":"<p>HAKKOTSU &#8211; 45rd Magasin f\u00f6r APM40A3 airsoft 6mm &#8211; K\u00f6p det b\u00e4sta magasinet f\u00f6r din APM40A3 airsoft pistol hos HAKKOTSU. Med en kapacitet p\u00e5 45 skott och tillverkat f\u00f6r 6mm kulor, \u00e4r detta magasin perfekt f\u00f6r att f\u00f6rb\u00e4ttra din airsoft-upplevelse. Best\u00e4ll nu och f\u00e5 snabb leverans till d\u00f6rren.<\/p>","protected":false},"featured_media":21266,"template":"","meta":[],"product_brand":[],"product_cat":[464],"product_tag":[],"class_list":{"0":"post-21272","1":"product","2":"type-product","3":"status-publish","4":"has-post-thumbnail","6":"product_cat-magasin","7":"pa_brand-hakkotsu","9":"first","10":"outofstock","11":"sale","12":"taxable","13":"shipping-taxable","14":"purchasable","15":"product-type-simple"},"_links":{"self":[{"href":"http:\/\/ak47.nu\/de\/wp-json\/wp\/v2\/product\/21272","targetHints":{"allow":["GET"]}}],"collection":[{"href":"http:\/\/ak47.nu\/de\/wp-json\/wp\/v2\/product"}],"about":[{"href":"http:\/\/ak47.nu\/de\/wp-json\/wp\/v2\/types\/product"}],"wp:featuredmedia":[{"embeddable":true,"href":"http:\/\/ak47.nu\/de\/wp-json\/wp\/v2\/media\/21266"}],"wp:attachment":[{"href":"http:\/\/ak47.nu\/de\/wp-json\/wp\/v2\/media?parent=21272"}],"wp:term":[{"taxonomy":"product_brand","embeddable":true,"href":"http:\/\/ak47.nu\/de\/wp-json\/wp\/v2\/product_brand?post=21272"},{"taxonomy":"product_cat","embeddable":true,"href":"http:\/\/ak47.nu\/de\/wp-json\/wp\/v2\/product_cat?post=21272"},{"taxonomy":"product_tag","embeddable":true,"href":"http:\/\/ak47.nu\/de\/wp-json\/wp\/v2\/product_tag?post=21272"}],"curies":[{"name":"wp","href":"https:\/\/api.w.org\/{rel}","templated":true}]}}