{"id":37304,"date":"2022-09-06T09:37:27","date_gmt":"2022-09-06T07:37:27","guid":{"rendered":"https:\/\/ak47.nu\/produkt\/ak-24-bb-patron-till-m870-ak-hagelgevar-repliker\/"},"modified":"2025-08-21T10:41:43","modified_gmt":"2025-08-21T08:41:43","slug":"ak-24-bb-patrone-fuer-m870-softair","status":"publish","type":"product","link":"http:\/\/ak47.nu\/de\/produkt\/zubehor-2\/magasin\/ak-24-bb-patrone-fuer-m870-softair\/","title":{"rendered":"A&K 24 BB Patrone f\u00fcr M870 Softair"},"content":{"rendered":"<h1>A&K 24 BB Patrone f\u00fcr M870 A&K Softair Repliken<\/h1>\n\n<h2>Patronen f\u00fcr A&K M870 Softair Gewehre<\/h2>\n<p>Diese Patrone wurde speziell f\u00fcr A&K M870 Softair Repliken entwickelt. Mit einer Kapazit\u00e4t von 24 BBs bietet sie dir gen\u00fcgend Munition, um das Spielfeld zu beherrschen. Die rote Farbe macht es einfach, sie in intensiven K\u00e4mpfen zu identifizieren. Hergestellt aus Polymer, was sie sowohl leicht als auch langlebig macht.<\/p>\n\n<h3>Eigenschaften:<\/h3>\n<ul>\n <li><b>Entwickelt f\u00fcr:<\/b> A&K M870 Softair Replik<\/li>\n <li><b>Material:<\/b> Polymer<\/li>\n <li><b>Kapazit\u00e4t:<\/b> 24 BBs<\/li>\n <li><b>Gewicht:<\/b> 15 g<\/li>\n <li><b>Farbe:<\/b> Rot<\/li>\n<\/ul>\n\n<p>Mit einem Gewicht von nur 15 g beeintr\u00e4chtigt diese Patrone nicht die Balance deiner Waffe, sodass du schnell und effizient handeln kannst. Entdecke unser Sortiment an <a href=\"https:\/\/ak47.nu\/de\/zubehor-2\/magasin\/\">Softair Zubeh\u00f6r<\/a>, um deine Ausr\u00fcstung zu vervollst\u00e4ndigen. F\u00fcr weitere Informationen zu unseren Produkten besuche unsere <a href=\"https:\/\/ak47.nu\/de\/\">Webseite<\/a>. M\u00f6chten Sie mehr <a href=\"https:\/\/ak47.nu\/de\/butik\/\">Patronen<\/a> sehen? Wir haben eine gro\u00dfe Auswahl f\u00fcr Ihre Bed\u00fcrfnisse.<\/p>","protected":false},"excerpt":{"rendered":"<p>K\u00f6p A&amp;K 24 BB patroner till M870 hagelgev\u00e4r repliker hos A&amp;K. Vi erbjuder h\u00f6gkvalitativa patroner f\u00f6r din M870 replika. Best\u00e4ll idag och f\u00e5 snabb leverans!<\/p>","protected":false},"featured_media":37300,"template":"","meta":[],"product_brand":[],"product_cat":[464,450],"product_tag":[],"class_list":{"0":"post-37304","1":"product","2":"type-product","3":"status-publish","4":"has-post-thumbnail","6":"product_cat-magasin","7":"product_cat-tillbehor-2","8":"pa_brand-ak","10":"first","11":"instock","12":"sale","13":"taxable","14":"shipping-taxable","15":"purchasable","16":"product-type-simple"},"_links":{"self":[{"href":"http:\/\/ak47.nu\/de\/wp-json\/wp\/v2\/product\/37304","targetHints":{"allow":["GET"]}}],"collection":[{"href":"http:\/\/ak47.nu\/de\/wp-json\/wp\/v2\/product"}],"about":[{"href":"http:\/\/ak47.nu\/de\/wp-json\/wp\/v2\/types\/product"}],"wp:featuredmedia":[{"embeddable":true,"href":"http:\/\/ak47.nu\/de\/wp-json\/wp\/v2\/media\/37300"}],"wp:attachment":[{"href":"http:\/\/ak47.nu\/de\/wp-json\/wp\/v2\/media?parent=37304"}],"wp:term":[{"taxonomy":"product_brand","embeddable":true,"href":"http:\/\/ak47.nu\/de\/wp-json\/wp\/v2\/product_brand?post=37304"},{"taxonomy":"product_cat","embeddable":true,"href":"http:\/\/ak47.nu\/de\/wp-json\/wp\/v2\/product_cat?post=37304"},{"taxonomy":"product_tag","embeddable":true,"href":"http:\/\/ak47.nu\/de\/wp-json\/wp\/v2\/product_tag?post=37304"}],"curies":[{"name":"wp","href":"https:\/\/api.w.org\/{rel}","templated":true}]}}