{"id":37369,"date":"2022-09-07T09:12:29","date_gmt":"2022-09-07T07:12:29","guid":{"rendered":"https:\/\/ak47.nu\/produkt\/protech-guns-vapenolja-400ml\/"},"modified":"2026-03-23T15:12:33","modified_gmt":"2026-03-23T14:12:33","slug":"protech-guns-vapenolja-400ml","status":"publish","type":"product","link":"http:\/\/ak47.nu\/de\/produkt\/zubehor-2\/ovriga-tillbehor\/protech-guns-vapenolja-400ml\/","title":{"rendered":"ProTech Guns Vapenolja 400ml | Universelles Waffen\u00f6l"},"content":{"rendered":"<h1>ProTech Guns Vapenolja 400ml<\/h1>\n<h2>Hochwertiges Waffen\u00f6l f\u00fcr universelle Konservierung<\/h2>\n<p>Das ProTech Guns Vapenolja in der 400ml-Flasche ist Teil einer innovativen Serie von Spitzenprodukten, die speziell f\u00fcr technische Anwendungen entwickelt wurden. Dieses Waffen\u00f6l wurde von f\u00fchrenden polnischen Ingenieuren der Chemieindustrie in Zusammenarbeit mit Experten entwickelt und ist ideal f\u00fcr die Wartung und den Schutz Ihrer Schusswaffen.<\/p>\n<h3>Universelle Waffenpflege<\/h3>\n<p>Dieses Waffen\u00f6l ist eine Universall\u00f6sung f\u00fcr die allgemeine Konservierung von Waffen. Seine einzigartige Zusammensetzung macht es perfekt zum Schmieren und Konservieren aller Waffenkomponenten. Aufgrund seiner nat\u00fcrlichen Zusammensetzung eignet es sich auch zur konservierenden Schmierung von Holzelementen. Die Formel wurde ausgiebig auf Langzeitlagerung und Waffenkonservierung getestet und hat ein angenehmes, dezentes Aroma. Neben Waffen eignet es sich auch zur Pflege von <a href=\"https:\/\/ak47.nu\/de\/butik\/\">Repliken<\/a>.<\/p>\n<ul>\n<li><strong>Volumen:<\/strong> 400 ml<\/li>\n<li>Reinigt und konserviert<\/li>\n<li>Geeignet f\u00fcr alle Arten von Waffen und Repliken<\/li>\n<\/ul>\n<h3>Spezifikationen<\/h3>\n<p>Das Waffen\u00f6l entspricht dem TL 9150-0078\/4 NATO-Code: S-761: BT PS 661 NATO-Code: S-758 Spezifikationen.  Perfekt f\u00fcr alle, die <a href=\"https:\/\/ak47.nu\/de\/zubehor-2\/ovriga-tillbehor\/\">Waffenreinigungsprodukte<\/a> suchen. F\u00fcr einen optimalen Schutz Ihrer Schusswaffen verwenden Sie ProTech Guns Waffen\u00f6l. Besuchen Sie unsere <a href=\"https:\/\/ak47.nu\/de\/\">Homepage<\/a> f\u00fcr weitere Informationen zu unserem Produktsortiment.<\/p>","protected":false},"excerpt":{"rendered":"<p>ProTech Guns erbjuder h\u00f6gkvalitativ vapenolja i en praktisk f\u00f6rpackning om 400ml. V\u00e5r vapenolja \u00e4r speciellt utformad f\u00f6r att ge optimal sm\u00f6rjning och skydd f\u00f6r dina vapen. Uppt\u00e4ck v\u00e5rt sortiment av produkter f\u00f6r vapenv\u00e5rd och underh\u00e5ll p\u00e5 ProTech Guns.<\/p>","protected":false},"featured_media":37365,"template":"","meta":[],"product_brand":[],"product_cat":[475],"product_tag":[],"class_list":{"0":"post-37369","1":"product","2":"type-product","3":"status-publish","4":"has-post-thumbnail","6":"product_cat-ovriga-tillbehor","7":"pa_brand-protech-guns","9":"first","10":"instock","11":"taxable","12":"shipping-taxable","13":"purchasable","14":"product-type-simple"},"_links":{"self":[{"href":"http:\/\/ak47.nu\/de\/wp-json\/wp\/v2\/product\/37369","targetHints":{"allow":["GET"]}}],"collection":[{"href":"http:\/\/ak47.nu\/de\/wp-json\/wp\/v2\/product"}],"about":[{"href":"http:\/\/ak47.nu\/de\/wp-json\/wp\/v2\/types\/product"}],"wp:featuredmedia":[{"embeddable":true,"href":"http:\/\/ak47.nu\/de\/wp-json\/wp\/v2\/media\/37365"}],"wp:attachment":[{"href":"http:\/\/ak47.nu\/de\/wp-json\/wp\/v2\/media?parent=37369"}],"wp:term":[{"taxonomy":"product_brand","embeddable":true,"href":"http:\/\/ak47.nu\/de\/wp-json\/wp\/v2\/product_brand?post=37369"},{"taxonomy":"product_cat","embeddable":true,"href":"http:\/\/ak47.nu\/de\/wp-json\/wp\/v2\/product_cat?post=37369"},{"taxonomy":"product_tag","embeddable":true,"href":"http:\/\/ak47.nu\/de\/wp-json\/wp\/v2\/product_tag?post=37369"}],"curies":[{"name":"wp","href":"https:\/\/api.w.org\/{rel}","templated":true}]}}