{"id":49584,"date":"2022-11-03T10:41:35","date_gmt":"2022-11-03T09:41:35","guid":{"rendered":"https:\/\/ak47.nu\/produkt\/replika-winchester-mares-leg-karbingevar-67-cm-gra\/"},"modified":"2025-12-03T21:33:06","modified_gmt":"2025-12-03T20:33:06","slug":"replika-winchester-mares-leg-karabiner-67-cm-grau-2","status":"publish","type":"product","link":"http:\/\/ak47.nu\/de\/produkt\/replikor\/aldre-vapen\/replika-winchester-mares-leg-karabiner-67-cm-grau-2\/","title":{"rendered":"Replika Winchester Mare's Leg Karabiner 67cm | Kolser"},"content":{"rendered":"<h1>Replika Winchester Mare's Leg Karabiner - 67 CM - Grau<\/h1>\n<h2>Authentische Replika des Winchester Mare's Leg Karabiners<\/h2>\n<p>Diese Replika des Winchester Mare's Leg Karabiners von Kolser ist eine detaillierte und naturgetreue Nachbildung der legend\u00e4ren Waffe. Mit einer L\u00e4nge von 67 cm und einer grauen Oberfl\u00e4che f\u00e4ngt sie die Essenz des Originals ein. Bitte beachten Sie, dass diese Replik nur f\u00fcr dekorative Zwecke bestimmt ist und nicht mit Munition verwendet werden kann.<\/p>\n<h3>Detailliertes und naturgetreues Design<\/h3>\n<p>Die Replik wurde mit gro\u00dfer Liebe zum Detail gefertigt. Das Gewicht ahmt ein echtes Gewehr nach und die Abmessungen sind exakt, was zu einem authentischen Gef\u00fchl beitr\u00e4gt. Der Kolser Mare's Leg 67 cm ist aus Metall mit einer grauen Oberfl\u00e4che und hochdichtem Harz gefertigt, das Holz simuliert und sowohl das Aussehen als auch das Gef\u00fchl eines Originalgewehrs vermittelt. <a href=\"https:\/\/ak47.nu\/de\/butik\/\">Sehen Sie sich unsere anderen Repliken an<\/a> f\u00fcr weitere Optionen.<\/p>\n<ul>\n <li><strong>Realistisches Gewicht:<\/strong> Ahmt das Gewicht eines echten Gewehrs f\u00fcr ein authentisches Gef\u00fchl nach.<\/li>\n <li><strong>Exakte Abmessungen:<\/strong> L\u00e4nge und andere Abmessungen sind exakte Kopien des Originals.<\/li>\n <li><strong>Hochwertige Materialien:<\/strong> Hergestellt aus Metall und hochdichtem Harz.<\/li>\n<\/ul>\n<h3>Wichtige Informationen<\/h3>\n<p>Dies ist eine Replika, die keine Munition abfeuern kann. Der Mechanismus ist nicht zum Einsetzen von Replika-Kugeln vorgesehen, da diese stecken bleiben k\u00f6nnen. Wir empfehlen, die Teile des Mechanismus regelm\u00e4\u00dfig zu \u00f6len, um seine Funktion und sein Aussehen zu erhalten. Besuchen Sie <a href=\"https:\/\/ak47.nu\/de\/\">unsere Website<\/a> f\u00fcr weitere Informationen zur Wartung.<\/p>\n<h3>Perfekt zur Dekoration<\/h3>\n<p>Diese Replika des Winchester Mare's Leg ist ideal zur Dekoration, zum Sammeln oder als Requisite. Das detaillierte Design und die hochwertigen Materialien machen sie zu einer beeindruckenden Erg\u00e4nzung jeder Sammlung. Entdecken Sie unser Angebot an <a href=\"https:\/\/ak47.nu\/de\/replikor\/aldre-vapen\/\">Sammlerwaffen<\/a>, um etwas zu finden, das Ihrem Stil entspricht.<\/p>","protected":false},"excerpt":{"rendered":"<p>K\u00f6p en replika av Winchester Mare&#8217;s Leg karbingev\u00e4r i gr\u00e5tt, med en l\u00e4ngd p\u00e5 67 cm. Perfekt f\u00f6r samlare och vapenentusiaster. Handla nu f\u00f6r att f\u00e5 en autentisk och h\u00f6gkvalitativ replika till ett bra pris.<\/p>","protected":false},"featured_media":49568,"template":"","meta":[],"product_brand":[],"product_cat":[447],"product_tag":[],"class_list":{"0":"post-49584","1":"product","2":"type-product","3":"status-publish","4":"has-post-thumbnail","6":"product_cat-aldre-vapen","7":"pa_brand-kolser","8":"pa_farg-metall-utseende","10":"first","11":"onbackorder","12":"taxable","13":"shipping-taxable","14":"purchasable","15":"product-type-simple"},"_links":{"self":[{"href":"http:\/\/ak47.nu\/de\/wp-json\/wp\/v2\/product\/49584","targetHints":{"allow":["GET"]}}],"collection":[{"href":"http:\/\/ak47.nu\/de\/wp-json\/wp\/v2\/product"}],"about":[{"href":"http:\/\/ak47.nu\/de\/wp-json\/wp\/v2\/types\/product"}],"wp:featuredmedia":[{"embeddable":true,"href":"http:\/\/ak47.nu\/de\/wp-json\/wp\/v2\/media\/49568"}],"wp:attachment":[{"href":"http:\/\/ak47.nu\/de\/wp-json\/wp\/v2\/media?parent=49584"}],"wp:term":[{"taxonomy":"product_brand","embeddable":true,"href":"http:\/\/ak47.nu\/de\/wp-json\/wp\/v2\/product_brand?post=49584"},{"taxonomy":"product_cat","embeddable":true,"href":"http:\/\/ak47.nu\/de\/wp-json\/wp\/v2\/product_cat?post=49584"},{"taxonomy":"product_tag","embeddable":true,"href":"http:\/\/ak47.nu\/de\/wp-json\/wp\/v2\/product_tag?post=49584"}],"curies":[{"name":"wp","href":"https:\/\/api.w.org\/{rel}","templated":true}]}}