{"id":49646,"date":"2022-11-14T10:30:27","date_gmt":"2022-11-14T09:30:27","guid":{"rendered":"https:\/\/ak47.nu\/produkt\/patronhallare-i-lader-med-replika-kulor\/"},"modified":"2025-12-03T21:33:09","modified_gmt":"2025-12-03T20:33:09","slug":"patronenhalter-leder-replika-kugeln","status":"publish","type":"product","link":"http:\/\/ak47.nu\/de\/produkt\/replikor\/tillbehor-replikor\/patronenhalter-leder-replika-kugeln\/","title":{"rendered":"Patronenhalter aus Leder mit Replika-Kugeln | Kolser"},"content":{"rendered":"<h1>Patronenhalter aus Leder mit Replika-Kugeln<\/h1>\n<h2>Authentischer Replika-Patronenhalter f\u00fcr Kolser-Gewehre<\/h2>\n<p>Dieser Kolser Patronenhalter aus Leder ist das perfekte Zubeh\u00f6r f\u00fcr Ihr Kolser-Gewehr. Mit Platz f\u00fcr 6 Replika-Kugeln haben Sie Ihre Munition immer griffbereit. Er ist aus Leder gefertigt, vermittelt ein authentisches Gef\u00fchl und sieht gut aus. Der Patronenhalter ist 19 cm lang und so konzipiert, dass er einfach am Schaft Ihres Gewehrs befestigt werden kann. <a href=\"https:\/\/ak47.nu\/de\/butik\/\">Vervollst\u00e4ndigen Sie Ihr Kolser-Gewehr<\/a> mit diesem praktischen Zubeh\u00f6r.<\/p>\n\n<h3>Eigenschaften:<\/h3>\n<ul>\n <li><strong>Material:<\/strong> Aus Leder f\u00fcr einen authentischen Look und Haltbarkeit.<\/li>\n <li><strong>Kapazit\u00e4t:<\/strong> Fasst bis zu 6 Replika-Kugeln.<\/li>\n <li><strong>L\u00e4nge:<\/strong> 19 cm.<\/li>\n <li><strong>Passform:<\/strong> Entwickelt, um perfekt auf Kolser-Gewehre zu passen.<\/li>\n<\/ul>\n\n<h3>Verwendung:<\/h3>\n<p>Der Patronenhalter l\u00e4sst sich einfach \u00fcber den Schaft Ihres Kolser-Gewehrs st\u00fclpen, sodass Sie schnell und einfach auf Ihre Replika-Kugeln zugreifen k\u00f6nnen. Bitte beachten Sie, dass die Replika-Kugeln f\u00fcr die Verwendung mit Kolser-Gewehren bestimmt sind. Denken Sie daran, <a href=\"https:\/\/ak47.nu\/de\/replikor\/\">Spielzeug-Knallpl\u00e4ttchen<\/a> (12 Ringe) zu kaufen, die zu diesen Kugeln passen, um ein vollst\u00e4ndiges Erlebnis zu erhalten. F\u00fcr weiteres Zubeh\u00f6r und Produkte besuchen Sie unsere <a href=\"https:\/\/ak47.nu\/de\/\">Homepage<\/a>.<\/p>","protected":false},"excerpt":{"rendered":"<p>Hitta h\u00f6gkvalitativa l\u00e4derpatronh\u00e5llare med replika kulor f\u00f6r dina behov. V\u00e5ra patronh\u00e5llare \u00e4r tillverkade av \u00e4kta l\u00e4der och \u00e4r perfekta f\u00f6r att organisera och transportera dina kulor. Uppt\u00e4ck v\u00e5rt breda utbud av patronh\u00e5llare och k\u00f6p online idag f\u00f6r en bekv\u00e4m och stilfull l\u00f6sning.<\/p>","protected":false},"featured_media":49642,"template":"","meta":[],"product_brand":[],"product_cat":[449],"product_tag":[],"class_list":{"0":"post-49646","1":"product","2":"type-product","3":"status-publish","4":"has-post-thumbnail","6":"product_cat-tillbehor-replikor","7":"pa_brand-kolser","8":"pa_farg-brun","10":"first","11":"onbackorder","12":"taxable","13":"shipping-taxable","14":"purchasable","15":"product-type-simple"},"_links":{"self":[{"href":"http:\/\/ak47.nu\/de\/wp-json\/wp\/v2\/product\/49646","targetHints":{"allow":["GET"]}}],"collection":[{"href":"http:\/\/ak47.nu\/de\/wp-json\/wp\/v2\/product"}],"about":[{"href":"http:\/\/ak47.nu\/de\/wp-json\/wp\/v2\/types\/product"}],"wp:featuredmedia":[{"embeddable":true,"href":"http:\/\/ak47.nu\/de\/wp-json\/wp\/v2\/media\/49642"}],"wp:attachment":[{"href":"http:\/\/ak47.nu\/de\/wp-json\/wp\/v2\/media?parent=49646"}],"wp:term":[{"taxonomy":"product_brand","embeddable":true,"href":"http:\/\/ak47.nu\/de\/wp-json\/wp\/v2\/product_brand?post=49646"},{"taxonomy":"product_cat","embeddable":true,"href":"http:\/\/ak47.nu\/de\/wp-json\/wp\/v2\/product_cat?post=49646"},{"taxonomy":"product_tag","embeddable":true,"href":"http:\/\/ak47.nu\/de\/wp-json\/wp\/v2\/product_tag?post=49646"}],"curies":[{"name":"wp","href":"https:\/\/api.w.org\/{rel}","templated":true}]}}