{"id":49727,"date":"2022-11-15T12:18:29","date_gmt":"2022-11-15T11:18:29","guid":{"rendered":"https:\/\/ak47.nu\/produkt\/norica-cal-45-55-rengorings-kit\/"},"modified":"2025-12-03T20:32:03","modified_gmt":"2025-12-03T19:32:03","slug":"norica-reinigungsset-kal-4-5-5-5","status":"publish","type":"product","link":"http:\/\/ak47.nu\/de\/produkt\/zubehor-2\/rengoring\/norica-reinigungsset-kal-4-5-5-5\/","title":{"rendered":"Norica Reinigungsset Kal. 4,5 \/ 5,5"},"content":{"rendered":"<h1>Norica Reinigungsset Kal. 4,5 \/ 5,5<\/h1>\n<h2>Halten Sie Ihre Norica Luftgewehre und -pistolen in Top-Zustand<\/h2>\n<p>Dieses Reinigungsset von Norica wurde entwickelt, um Ihre 4,5- und 5,5-Kaliber-Luftgewehre und -Luftpistolen zu warten. Regelm\u00e4\u00dfige Reinigung verl\u00e4ngert die Lebensdauer und erh\u00e4lt die Pr\u00e4zision Ihrer Waffen.<\/p>\n<h3>Inhalt<\/h3>\n<ul>\n  <li>Reinigungs werkzeuge angepasst f\u00fcr Kaliber 4,5 und 5,5<\/li>\n  <li>Entwickelt f\u00fcr Norica Luftgewehre und Luftpistolen<\/li>\n<\/ul>\n<h3>Vorteile einer sauberen Waffe<\/h3>\n<ul>\n  <li>Erh\u00f6hte Lebensdauer der Waffe<\/li>\n  <li>Beibehaltung der Pr\u00e4zision<\/li>\n  <li>Reduziertes Risiko von Fehlfunktionen<\/li>\n<\/ul>\n<p>Investieren Sie in dieses Reinigungsset von Norica und stellen Sie sicher, dass Ihre Luftgewehre und Luftpistolen immer ihre beste Leistung erbringen. <a href=\"https:\/\/ak47.nu\/de\/butik\/\">Sehen Sie sich unsere anderen Luftgewehr-Wartungsprodukte an<\/a>. Denken Sie daran, Ihre Waffen f\u00fcr das beste Schie\u00dferlebnis zu pflegen!<\/p>\n<p>Besuchen Sie unsere <a href=\"https:\/\/ak47.nu\/de\/zubehor-2\/rengoring\/\">Kategorie f\u00fcr Waffenzubeh\u00f6r<\/a> f\u00fcr weitere Produkte, die Ihren Bed\u00fcrfnissen entsprechen. Um unser gesamtes Sortiment zu sehen, besuchen Sie unsere <a href=\"https:\/\/ak47.nu\/de\/\">Homepage<\/a>.<\/p>","protected":false},"excerpt":{"rendered":"<p>K\u00f6p Norica reng\u00f6ringskit f\u00f6r kalibern 4,5 \/ 5,5 online. H\u00e5ll ditt vapen rent och i toppskick med detta h\u00f6gkvalitativa reng\u00f6ringskit fr\u00e5n Norica. Best\u00e4ll idag och f\u00e5 snabb leverans.<\/p>","protected":false},"featured_media":49719,"template":"","meta":[],"product_brand":[],"product_cat":[574],"product_tag":[],"class_list":{"0":"post-49727","1":"product","2":"type-product","3":"status-publish","4":"has-post-thumbnail","6":"product_cat-rengoring","7":"pa_brand-norica","9":"first","10":"outofstock","11":"taxable","12":"shipping-taxable","13":"purchasable","14":"product-type-simple"},"_links":{"self":[{"href":"http:\/\/ak47.nu\/de\/wp-json\/wp\/v2\/product\/49727","targetHints":{"allow":["GET"]}}],"collection":[{"href":"http:\/\/ak47.nu\/de\/wp-json\/wp\/v2\/product"}],"about":[{"href":"http:\/\/ak47.nu\/de\/wp-json\/wp\/v2\/types\/product"}],"wp:featuredmedia":[{"embeddable":true,"href":"http:\/\/ak47.nu\/de\/wp-json\/wp\/v2\/media\/49719"}],"wp:attachment":[{"href":"http:\/\/ak47.nu\/de\/wp-json\/wp\/v2\/media?parent=49727"}],"wp:term":[{"taxonomy":"product_brand","embeddable":true,"href":"http:\/\/ak47.nu\/de\/wp-json\/wp\/v2\/product_brand?post=49727"},{"taxonomy":"product_cat","embeddable":true,"href":"http:\/\/ak47.nu\/de\/wp-json\/wp\/v2\/product_cat?post=49727"},{"taxonomy":"product_tag","embeddable":true,"href":"http:\/\/ak47.nu\/de\/wp-json\/wp\/v2\/product_tag?post=49727"}],"curies":[{"name":"wp","href":"https:\/\/api.w.org\/{rel}","templated":true}]}}