{"id":52755,"date":"2023-04-05T08:47:13","date_gmt":"2023-04-05T06:47:13","guid":{"rendered":"https:\/\/ak47.nu\/produkt\/kolser-dekorativa-krokar-for-upphanging-goya-2-pack-2\/"},"modified":"2026-04-10T20:47:49","modified_gmt":"2026-04-10T18:47:49","slug":"kolser-goya-deko-haken-2er-pack","status":"publish","type":"product","link":"http:\/\/ak47.nu\/de\/produkt\/replikor\/tillbehor-replikor\/kolser-goya-deko-haken-2er-pack\/","title":{"rendered":"Kolser Goya Deko-Haken 2er-Pack | Silber Finish"},"content":{"rendered":"<h1>Kolser - Dekorative Haken zum Aufh\u00e4ngen - Goya 2er-Pack<\/h1>\n<h2>Elegante dekorative Haken im Goya-Stil<\/h2>\n<p>Dieses fantastische 2er-Pack Goya-Haken im Pistolen-Stil ist eine ausgezeichnete Wahl, um Ihrem Zuhause eine k\u00fcnstlerische Note zu verleihen. Inspiriert von Goyas ber\u00fchmtem Gem\u00e4lde \u201eKarl III. im Jagdkost\u00fcm\u201c bringen diese Haken ein einzigartiges Flair in jeden Raum. Die aus versilbertem Metall gefertigten Haken verbinden \u00c4sthetik mit Haltbarkeit.<\/p>\n<h3>Funktionen und Vorteile:<\/h3>\n<ul>\n <li><strong>Inspiriertes Design:<\/strong> Die Haken sind vom klassischen Kunstwerk Goyas inspiriert.<\/li>\n <li><strong>Hochwertiges Material:<\/strong> Hergestellt aus versilbertem Metall f\u00fcr erh\u00f6hte Widerstandsf\u00e4higkeit und Langlebigkeit.<\/li>\n <li><strong>Perfekte Gr\u00f6\u00dfe:<\/strong> Jeder Haken misst 11 cm und ist somit ideal f\u00fcr verschiedene Arten der Aufh\u00e4ngung.<\/li>\n <li><strong>Vielseitige Verwendung:<\/strong> Verwenden Sie sie zum Aufh\u00e4ngen von Jacken, Schl\u00fcsseln, Handt\u00fcchern oder als dekoratives Detail.<\/li>\n<\/ul>\n<p>Diese Haken sind nicht nur funktional, sondern auch ein sch\u00f6nes Innendetail, das Ihre G\u00e4ste beeindrucken wird. Das versilberte Metall verleiht einen eleganten Touch und sorgt gleichzeitig daf\u00fcr, dass die Haken robust und langlebig sind. Schaffen Sie mit diesen einzigartigen, von Goya inspirierten Haken eine elegante Atmosph\u00e4re in Ihrem Zuhause.<\/p>\n<p>Um weitere von Kunst inspirierte Produkte zu sehen, besuchen Sie unsere Seite f\u00fcr <a href=\"https:\/\/ak47.nu\/de\/replikor\/\">dekorative Wohnaccessoires<\/a>. Entdecken Sie unsere gro\u00dfe Auswahl an <a href=\"https:\/\/ak47.nu\/de\/butik\/\">anderen einzigartigen Haken und Aufh\u00e4ngern<\/a>, die zu Ihrem Stil passen. Weitere Produkte f\u00fcr Ihr Zuhause finden Sie auf unserer <a href=\"https:\/\/ak47.nu\/de\/\">Homepage<\/a>.<\/p>","protected":false},"excerpt":{"rendered":"<p>K\u00f6p dekorativa krokar f\u00f6r upph\u00e4nging av Kolser Goya 2-pack. Perfekt f\u00f6r att ge ditt hem en stilfull touch. Best\u00e4ll idag f\u00f6r snabb leverans.<\/p>","protected":false},"featured_media":52751,"template":"","meta":[],"product_brand":[],"product_cat":[449],"product_tag":[],"class_list":{"0":"post-52755","1":"product","2":"type-product","3":"status-publish","4":"has-post-thumbnail","6":"product_cat-tillbehor-replikor","7":"pa_brand-kolser","8":"pa_farg-gra","10":"first","11":"outofstock","12":"sale","13":"taxable","14":"shipping-taxable","15":"purchasable","16":"product-type-simple"},"_links":{"self":[{"href":"http:\/\/ak47.nu\/de\/wp-json\/wp\/v2\/product\/52755","targetHints":{"allow":["GET"]}}],"collection":[{"href":"http:\/\/ak47.nu\/de\/wp-json\/wp\/v2\/product"}],"about":[{"href":"http:\/\/ak47.nu\/de\/wp-json\/wp\/v2\/types\/product"}],"wp:featuredmedia":[{"embeddable":true,"href":"http:\/\/ak47.nu\/de\/wp-json\/wp\/v2\/media\/52751"}],"wp:attachment":[{"href":"http:\/\/ak47.nu\/de\/wp-json\/wp\/v2\/media?parent=52755"}],"wp:term":[{"taxonomy":"product_brand","embeddable":true,"href":"http:\/\/ak47.nu\/de\/wp-json\/wp\/v2\/product_brand?post=52755"},{"taxonomy":"product_cat","embeddable":true,"href":"http:\/\/ak47.nu\/de\/wp-json\/wp\/v2\/product_cat?post=52755"},{"taxonomy":"product_tag","embeddable":true,"href":"http:\/\/ak47.nu\/de\/wp-json\/wp\/v2\/product_tag?post=52755"}],"curies":[{"name":"wp","href":"https:\/\/api.w.org\/{rel}","templated":true}]}}