{"id":52855,"date":"2023-04-05T08:48:03","date_gmt":"2023-04-05T06:48:03","guid":{"rendered":"https:\/\/ak47.nu\/produkt\/brevoppnare-morisco-dolk\/"},"modified":"2026-02-17T14:05:36","modified_gmt":"2026-02-17T13:05:36","slug":"morisco-dolch-briefoeffner","status":"publish","type":"product","link":"http:\/\/ak47.nu\/de\/produkt\/replikor\/ovriga-vapen-replikor\/morisco-dolch-briefoeffner\/","title":{"rendered":"Morisco Dolch Brief\u00f6ffner - Kolser | Mittelalterliche Replik"},"content":{"rendered":"<h1>Morisco Dolch Brief\u00f6ffner<\/h1>\n<h2>Authentische Replik eines mittelalterlichen Dolches<\/h2>\n<p>Dieser Morisco Dolch Brief\u00f6ffner ist eine detaillierte Nachbildung eines zweischneidigen maurischen Dolches aus dem 13. bis 14. Jahrhundert. Der 22 cm lange Brief\u00f6ffner ist vollst\u00e4ndig aus Metall gefertigt und spiegelt die mittelalterlichen Details wider, die von den Beginen und Begharden verwendet wurden. Kolser hat sich darauf konzentriert, die antiken Details und zeittypischen Schnitzereien vom Knauf bis zum Stichblatt einzufangen.<\/p>\n\n<h3>Spezifikationen:<\/h3>\n<ul>\n    <li>L\u00e4nge: 22 cm<\/li>\n    <li>Material: Metall<\/li>\n    <li>Design: Maurischer, zweischneidiger Dolch<\/li>\n    <li>Zeitraum: 13. - 14. Jahrhundert<\/li>\n<\/ul>\n\n<h3>Verwendungszwecke:<\/h3>\n<ul>\n    <li>Perfekt als Brief\u00f6ffner<\/li>\n    <li>Dekorativer Gegenstand f\u00fcr Mittelalter-Enthusiasten<\/li>\n    <li>Sammlerst\u00fcck<\/li>\n<\/ul>\n\n<p>Dieser Brief\u00f6ffner ist nicht nur ein praktisches Werkzeug, sondern auch eine sch\u00f6ne Darstellung mittelalterlicher Handwerkskunst. <a href=\"https:\/\/ak47.nu\/de\/butik\/\">Entdecken Sie unser Angebot an anderen historischen Repliken<\/a> und verleihen Sie Ihrem Zuhause oder B\u00fcro einen Hauch von Geschichte. Verpassen Sie nicht die Chance, ein St\u00fcck Geschichte zu besitzen. <a href=\"https:\/\/ak47.nu\/de\/replikor\/ovriga-vapen-replikor\/\">Sehen Sie sich unser gesamtes Sortiment an Brief\u00f6ffnern an<\/a>. Besuchen Sie unsere <a href=\"https:\/\/ak47.nu\/de\/\">Homepage<\/a> f\u00fcr weitere Informationen.<\/p>","protected":false},"excerpt":{"rendered":"<p>K\u00f6p en exklusiv brev\u00f6ppnare fr\u00e5n Morisco Dolk &#8211; det perfekta verktyget f\u00f6r att \u00f6ppna brev p\u00e5 ett stilfullt s\u00e4tt. Utforska v\u00e5rt sortiment av h\u00f6gkvalitativa brev\u00f6ppnare och hitta den perfekta presenten eller arbetsverktyget. Best\u00e4ll idag f\u00f6r snabb leverans och \u00f6verl\u00e4gsen kvalitet.<\/p>","protected":false},"featured_media":52847,"template":"","meta":[],"product_brand":[],"product_cat":[448],"product_tag":[],"class_list":{"0":"post-52855","1":"product","2":"type-product","3":"status-publish","4":"has-post-thumbnail","6":"product_cat-ovriga-vapen-replikor","7":"pa_brand-kolser","9":"first","10":"outofstock","11":"sale","12":"taxable","13":"shipping-taxable","14":"purchasable","15":"product-type-simple"},"_links":{"self":[{"href":"http:\/\/ak47.nu\/de\/wp-json\/wp\/v2\/product\/52855","targetHints":{"allow":["GET"]}}],"collection":[{"href":"http:\/\/ak47.nu\/de\/wp-json\/wp\/v2\/product"}],"about":[{"href":"http:\/\/ak47.nu\/de\/wp-json\/wp\/v2\/types\/product"}],"wp:featuredmedia":[{"embeddable":true,"href":"http:\/\/ak47.nu\/de\/wp-json\/wp\/v2\/media\/52847"}],"wp:attachment":[{"href":"http:\/\/ak47.nu\/de\/wp-json\/wp\/v2\/media?parent=52855"}],"wp:term":[{"taxonomy":"product_brand","embeddable":true,"href":"http:\/\/ak47.nu\/de\/wp-json\/wp\/v2\/product_brand?post=52855"},{"taxonomy":"product_cat","embeddable":true,"href":"http:\/\/ak47.nu\/de\/wp-json\/wp\/v2\/product_cat?post=52855"},{"taxonomy":"product_tag","embeddable":true,"href":"http:\/\/ak47.nu\/de\/wp-json\/wp\/v2\/product_tag?post=52855"}],"curies":[{"name":"wp","href":"https:\/\/api.w.org\/{rel}","templated":true}]}}