{"id":52856,"date":"2023-04-05T08:48:04","date_gmt":"2023-04-05T06:48:04","guid":{"rendered":"https:\/\/ak47.nu\/produkt\/brevoppnare-seville-kniv-m-slida\/"},"modified":"2026-02-17T13:54:51","modified_gmt":"2026-02-17T12:54:51","slug":"sevilla-briefoeffner-messer","status":"publish","type":"product","link":"http:\/\/ak47.nu\/de\/produkt\/replikor\/ovriga-vapen-replikor\/sevilla-briefoeffner-messer\/","title":{"rendered":"Sevilla Brief\u00f6ffner Messer | Kolser"},"content":{"rendered":"<h1>Brief\u00f6ffner - Sevilla Messer<\/h1>\n<h2>Authentischer Sevilla Dolch Brief\u00f6ffner von Kolser<\/h2>\n<p>Sevilla Dolch Brief\u00f6ffner von Kolser, inspiriert vom K\u00f6niglichen Hof von Albaceta. Dieser einzigartige Brief\u00f6ffner f\u00e4ngt die Essenz Andalusiens mit seinem detaillierten Design und historischen Verbindungen ein. Perfekt, um Ihrem Schreibtisch einen Hauch von Eleganz zu verleihen oder als anspruchsvolles Geschenk.<\/p>\n<h3>Design und Materialien<\/h3>\n<p>Kolser bezaubert uns mit diesem Sevilla Dolch, mit seinem groben Griff und Einlagen, die Rubin und Smaragd \u00e4hneln, der erste auf dem Knauf und der zweite in seinem Schutz. Kolser bringt seine Sch\u00f6nheit in seiner gravierten Spitze und dem spitzen Ende zur Geltung. Der mittlere Teil tr\u00e4gt das Wappen des K\u00f6nigreichs Leon. Er ist vollst\u00e4ndig aus Metall gefertigt, um ein authentisches und haltbares Gef\u00fchl zu gew\u00e4hrleisten.<\/p>\n<h3>Ma\u00dfe<\/h3>\n<p>Die Abmessungen des Brief\u00f6ffners betragen 27 cm x 5 cm, was ihn zu einem eleganten und funktionalen Accessoire auf Ihrem Schreibtisch macht. Die perfekte Gr\u00f6\u00dfe, um Ihre Briefe stilvoll zu bearbeiten.<\/p>\n<ul>\n <li><strong>Inspiriert vom K\u00f6niglichen Hof von Albaceta:<\/strong> Ein Design mit historischer Bedeutung.<\/li>\n <li><strong>Detaillierte Einlagen:<\/strong> Rubin- und smaragd\u00e4hnliche Details an Griff und Schutz.<\/li>\n <li><strong>Gravierte Spitze:<\/strong> Verst\u00e4rkt die Sch\u00f6nheit des Brief\u00f6ffners.<\/li>\n <li><strong>Wappen des K\u00f6nigreichs Leon:<\/strong> Ein Hauch k\u00f6niglicher Geschichte.<\/li>\n <li><strong>Metallkonstruktion:<\/strong> Vollst\u00e4ndig aus Metall gefertigt f\u00fcr Haltbarkeit und Authentizit\u00e4t.<\/li>\n<\/ul>\n<p>Entdecken Sie weitere einzigartige <a href=\"https:\/\/ak47.nu\/de\/butik\/\">Brief\u00f6ffner<\/a> in unserem Sortiment und erkunden Sie unsere gro\u00dfe Auswahl an <a href=\"https:\/\/ak47.nu\/de\/replikor\/ovriga-vapen-replikor\/\">B\u00fcromaterial<\/a>. F\u00fcr weitere Informationen \u00fcber Kolser und unsere Produkte besuchen Sie unsere <a href=\"https:\/\/ak47.nu\/de\/\">Homepage<\/a>.<\/p>","protected":false},"excerpt":{"rendered":"<p>Uppt\u00e4ck Seville kniv, den perfekta brev\u00f6ppnaren f\u00f6r effektiv och smidig hantering av din post. Med sin h\u00f6gkvalitativa design och skarpa blad garanterar Seville kniv snabb och enkel \u00f6ppning av kuvert. Best\u00e4ll din Seville kniv idag och f\u00f6rvandla din posthantering till en enkel och bekv\u00e4m upplevelse.<\/p>","protected":false},"featured_media":52851,"template":"","meta":[],"product_brand":[],"product_cat":[448],"product_tag":[],"class_list":{"0":"post-52856","1":"product","2":"type-product","3":"status-publish","4":"has-post-thumbnail","6":"product_cat-ovriga-vapen-replikor","7":"pa_brand-kolser","9":"first","10":"onbackorder","11":"sale","12":"taxable","13":"shipping-taxable","14":"purchasable","15":"product-type-simple"},"_links":{"self":[{"href":"http:\/\/ak47.nu\/de\/wp-json\/wp\/v2\/product\/52856","targetHints":{"allow":["GET"]}}],"collection":[{"href":"http:\/\/ak47.nu\/de\/wp-json\/wp\/v2\/product"}],"about":[{"href":"http:\/\/ak47.nu\/de\/wp-json\/wp\/v2\/types\/product"}],"wp:featuredmedia":[{"embeddable":true,"href":"http:\/\/ak47.nu\/de\/wp-json\/wp\/v2\/media\/52851"}],"wp:attachment":[{"href":"http:\/\/ak47.nu\/de\/wp-json\/wp\/v2\/media?parent=52856"}],"wp:term":[{"taxonomy":"product_brand","embeddable":true,"href":"http:\/\/ak47.nu\/de\/wp-json\/wp\/v2\/product_brand?post=52856"},{"taxonomy":"product_cat","embeddable":true,"href":"http:\/\/ak47.nu\/de\/wp-json\/wp\/v2\/product_cat?post=52856"},{"taxonomy":"product_tag","embeddable":true,"href":"http:\/\/ak47.nu\/de\/wp-json\/wp\/v2\/product_tag?post=52856"}],"curies":[{"name":"wp","href":"https:\/\/api.w.org\/{rel}","templated":true}]}}