{"id":53027,"date":"2023-04-17T08:47:32","date_gmt":"2023-04-17T06:47:32","guid":{"rendered":"https:\/\/ak47.nu\/produkt\/src-replika-titan-4-platinum-co2-6mm-airsoft-revolver\/"},"modified":"2025-08-21T10:35:47","modified_gmt":"2025-08-21T08:35:47","slug":"src-titan-4-platinum-co2-6mm-airsoft-revolver","status":"publish","type":"product","link":"http:\/\/ak47.nu\/de\/produkt\/airsoft\/co2\/revolvrar\/src-titan-4-platinum-co2-6mm-airsoft-revolver\/","title":{"rendered":"SRC Titan 4\" Platinum CO2 6MM Airsoft Revolver"},"content":{"rendered":"<h1>SRC Titan 4\" Platinum CO2 6MM Airsoft Revolver Replika<\/h1>\n<h2>Solide Replika komplett aus Metall<\/h2>\n<p>Eine robuste Revolver-Replika von SRC, die fast vollst\u00e4ndig aus Metall gefertigt ist. Wichtige Komponenten des Mechanismus, einschlie\u00dflich des Hahns, des Abzugs und der Trommel, sind ebenfalls aus Metall gefertigt. Der einzige Teil aus Polymer ist der Pistolengriff, der einen bequemen und sicheren Halt gew\u00e4hrleistet. Die Replika verf\u00fcgt \u00fcber ein realistisches Patronenzuf\u00fchrungssystem in der Drehtrommel, genau wie bei einem echten Revolver. Jede Patrone fasst eine einzelne 6mm Airsoft-BB. Das Set enth\u00e4lt sechs Patronen und einen speziellen Speedloader, der ein schnelles Nachladen erm\u00f6glicht, indem alle sechs Patronen mit einer einzigen Bewegung in die Trommel eingesetzt werden.<\/p>\n\n<h2>Sicherheit und Funktionen<\/h2>\n<p>Die Trommelentriegelung dient gleichzeitig als Sicherung und verhindert ein versehentliches Abfeuern, indem sie sowohl den Abzug als auch den Hahn blockiert. Im Inneren des Pistolengriffs befindet sich Platz f\u00fcr eine Standard-12g-CO2-Kapsel, die einfach ohne Werkzeug eingesetzt werden kann. Leuchtpunkte auf der hinteren Visierung erleichtern das Zielen bei unterschiedlichen Lichtverh\u00e4ltnissen. Entdecken Sie unsere Auswahl an <a href=\"https:\/\/ak47.nu\/de\/butik\/\">realistischen Airsoft-Revolvern<\/a>, um die perfekte L\u00f6sung f\u00fcr Sie zu finden. Tauchen Sie ein in unser breites Angebot an <a href=\"https:\/\/ak47.nu\/de\/airsoft\/\">Airsoft-Waffen<\/a> und r\u00fcsten Sie sich f\u00fcr Ihr n\u00e4chstes Airsoft-Abenteuer. Besuchen Sie <a href=\"https:\/\/ak47.nu\/de\/\">unsere Homepage<\/a>, um unser gesamtes Sortiment an Airsoft-Produkten und Zubeh\u00f6r zu sehen.<\/p>\n\n<h3>Technische Daten:<\/h3>\n<ul>\n <li>Geschwindigkeit: ~300 FPS<\/li>\n <li>Antrieb: CO2<\/li>\n <li>Feuermodus: Single Action<\/li>\n <li>L\u00e4nge: 240 mm<\/li>\n <li>Gewicht: 770 g<\/li>\n <li>Magazintyp: Revolvertrommel<\/li>\n <li>Magazinkapazit\u00e4t: 6 BBs<\/li>\n <li>Hop-Up: Nein<\/li>\n <li>Blowback: Nein<\/li>\n <li>Material: Metall + Polymer<\/li>\n <li>Gewindetyp: Keine<\/li>\n <li>Farbe: Platinum<\/li>\n<\/ul>\n\n<h3>Das Set enth\u00e4lt:<\/h3>\n<ul>\n <li>SRC Titan 4\" Platinum CO2 Airsoft Revolver Replika<\/li>\n <li>6 x Patronenreplikas<\/li>\n <li>Patronen-Speedloader<\/li>\n<\/ul>","protected":false},"excerpt":{"rendered":"<p>K\u00f6p SRC Replika Titan 4&#8243; Platinum CO2 6MM Airsoft Revolver online &#8211; H\u00f6gkvalitativt vapen f\u00f6r airsoft-spelare.<\/p>","protected":false},"featured_media":52995,"template":"","meta":[],"product_brand":[],"product_cat":[368,404,406],"product_tag":[],"class_list":{"0":"post-53027","1":"product","2":"type-product","3":"status-publish","4":"has-post-thumbnail","6":"product_cat-airsoft","7":"product_cat-co2","8":"product_cat-revolvrar","9":"pa_brand-src","10":"pa_farg-platina-silver","12":"first","13":"outofstock","14":"sale","15":"taxable","16":"shipping-taxable","17":"purchasable","18":"product-type-simple"},"_links":{"self":[{"href":"http:\/\/ak47.nu\/de\/wp-json\/wp\/v2\/product\/53027","targetHints":{"allow":["GET"]}}],"collection":[{"href":"http:\/\/ak47.nu\/de\/wp-json\/wp\/v2\/product"}],"about":[{"href":"http:\/\/ak47.nu\/de\/wp-json\/wp\/v2\/types\/product"}],"wp:featuredmedia":[{"embeddable":true,"href":"http:\/\/ak47.nu\/de\/wp-json\/wp\/v2\/media\/52995"}],"wp:attachment":[{"href":"http:\/\/ak47.nu\/de\/wp-json\/wp\/v2\/media?parent=53027"}],"wp:term":[{"taxonomy":"product_brand","embeddable":true,"href":"http:\/\/ak47.nu\/de\/wp-json\/wp\/v2\/product_brand?post=53027"},{"taxonomy":"product_cat","embeddable":true,"href":"http:\/\/ak47.nu\/de\/wp-json\/wp\/v2\/product_cat?post=53027"},{"taxonomy":"product_tag","embeddable":true,"href":"http:\/\/ak47.nu\/de\/wp-json\/wp\/v2\/product_tag?post=53027"}],"curies":[{"name":"wp","href":"https:\/\/api.w.org\/{rel}","templated":true}]}}