{"id":55293,"date":"2023-09-12T09:44:28","date_gmt":"2023-09-12T07:44:28","guid":{"rendered":"https:\/\/ak47.nu\/produkt\/borner-super-sport-703-4-5mm-luftpistol-co2-3-j\/"},"modified":"2025-08-21T10:33:43","modified_gmt":"2025-08-21T08:33:43","slug":"borner-super-sport-703-4-5mm-co2-luftpistole","status":"publish","type":"product","link":"http:\/\/ak47.nu\/de\/produkt\/luftvapen\/co2-airguns\/revolvrar-co2-airguns\/borner-super-sport-703-4-5mm-co2-luftpistole\/","title":{"rendered":"Borner Super Sport 703 4.5mm Co2 Luftpistole"},"content":{"rendered":"<h1>Borner Super Sport 703 4.5mm Co2 Luftpistole<\/h1>\n<h2>Authentisches Revolverdesign und flexibles Schie\u00dfen<\/h2>\n<p>Die Borner Super Sport 703 ist eine CO2-betriebene Luftpistole im Kaliber 4,5 mm, die wie ein Revolver konstruiert ist. Das bedeutet, dass sie zum Laden Dummy-Patronen verwendet, was zu einem realistischen Gef\u00fchl beitr\u00e4gt. Sie k\u00f6nnen die Pistole entweder durch Selbstspannen (Double Action) oder durch Vorspannen des Abzugs f\u00fcr einen leichteren Zug abfeuern.<\/p>\n\n<h3>Anwendungsvorteile der Borner Super Sport 703<\/h3>\n<ul>\n  <li><b>Realistisches Revolverdesign:<\/b> Erleben Sie das Gef\u00fchl eines echten Revolvers mit Dummy-Patronen zum Laden.<\/li>\n  <li><b>Flexibles Schie\u00dfen:<\/b> W\u00e4hlen Sie je nach Bedarf zwischen Selbstspannen (Double Action) oder Vorspannen des Abzugs.<\/li>\n  <li><b>Verstellbare Visiere:<\/b> Feinabstimmung von Vorder- und Hintervisier f\u00fcr erh\u00f6hte Pr\u00e4zision.<\/li>\n  <li><b>Weaver\/Picatinny-Schiene:<\/b> M\u00f6glichkeit zur Anbringung von Zubeh\u00f6r wie Zielfernrohren und Lampen.<\/li>\n<\/ul>\n\n<p><b>Spezifikationen:<\/b><\/p>\n<ul>\n    <li>Gewicht: 0.985 kg<\/li>\n    <li>Marke: Borner<\/li>\n    <li>Kaliber: .177 (4,5 mm)<\/li>\n    <li>Farbe: Schwarz<\/li>\n    <li>M\u00fcndungsgeschwindigkeit: Bis zu 120 m\/s<\/li>\n    <li>Gesamtl\u00e4nge: 14\"<\/li>\n    <li>Funktion: Double Action<\/li>\n    <li>Schiene: Weaver\/Picatinny<\/li>\n    <li>Laufl\u00e4nge: 8\"<\/li>\n    <li>Schusskapazit\u00e4t: 6<\/li>\n    <li>Lauf: Glatter Lauf<\/li>\n    <li>Visier vorne: Verstellbar<\/li>\n    <li>Visier hinten: Verstellbar<\/li>\n    <li>Aktion: Halbautomatisch<\/li>\n    <li>Antrieb: CO2<\/li>\n    <li>Blowback: Nein<\/li>\n    <li>Munition: Stahl BB<\/li>\n<\/ul>\n\n<p>Entdecken Sie unsere Auswahl an <a href=\"https:\/\/ak47.nu\/de\/butik\/\">anderen Luftpistolen<\/a>, um die perfekte Erg\u00e4nzung f\u00fcr Ihre Sammlung zu finden. Verpassen Sie auch nicht unsere gro\u00dfe Auswahl an <a href=\"https:\/\/ak47.nu\/de\/luftvapen\/co2-airguns\/\">CO2-betriebenen Waffen<\/a>. Besuchen Sie <a href=\"https:\/\/ak47.nu\/de\/\">unsere Website<\/a>, um alle unsere Produkte zu sehen.<\/p>","protected":false},"excerpt":{"rendered":"<p>K\u00f6p Borner Super Sport 703 4.5mm Luftpistol Co2 3 J online &#8211; b\u00e4sta priset och snabb leverans. Perfekt f\u00f6r sportskyttar och luftgev\u00e4r entusiaster.<\/p>","protected":false},"featured_media":55289,"template":"","meta":[],"product_brand":[],"product_cat":[431,375,433],"product_tag":[],"class_list":{"0":"post-55293","1":"product","2":"type-product","3":"status-publish","4":"has-post-thumbnail","6":"product_cat-co2-airguns","7":"product_cat-luftvapen","8":"product_cat-revolvrar-co2-airguns","9":"pa_brand-borner","11":"first","12":"instock","13":"sale","14":"taxable","15":"shipping-taxable","16":"purchasable","17":"product-type-simple"},"_links":{"self":[{"href":"http:\/\/ak47.nu\/de\/wp-json\/wp\/v2\/product\/55293","targetHints":{"allow":["GET"]}}],"collection":[{"href":"http:\/\/ak47.nu\/de\/wp-json\/wp\/v2\/product"}],"about":[{"href":"http:\/\/ak47.nu\/de\/wp-json\/wp\/v2\/types\/product"}],"wp:featuredmedia":[{"embeddable":true,"href":"http:\/\/ak47.nu\/de\/wp-json\/wp\/v2\/media\/55289"}],"wp:attachment":[{"href":"http:\/\/ak47.nu\/de\/wp-json\/wp\/v2\/media?parent=55293"}],"wp:term":[{"taxonomy":"product_brand","embeddable":true,"href":"http:\/\/ak47.nu\/de\/wp-json\/wp\/v2\/product_brand?post=55293"},{"taxonomy":"product_cat","embeddable":true,"href":"http:\/\/ak47.nu\/de\/wp-json\/wp\/v2\/product_cat?post=55293"},{"taxonomy":"product_tag","embeddable":true,"href":"http:\/\/ak47.nu\/de\/wp-json\/wp\/v2\/product_tag?post=55293"}],"curies":[{"name":"wp","href":"https:\/\/api.w.org\/{rel}","templated":true}]}}