{"id":55570,"date":"2023-09-18T15:41:31","date_gmt":"2023-09-18T13:41:31","guid":{"rendered":"https:\/\/ak47.nu\/produkt\/nxwerks-nx92-elite-tactical-desert-4-5mm-luftpistol-co2\/"},"modified":"2025-08-21T10:32:39","modified_gmt":"2025-08-21T08:32:39","slug":"nxwerks-nx92-elite-tactical-desert-45mm-co2-luftpistole","status":"publish","type":"product","link":"http:\/\/ak47.nu\/de\/produkt\/luftvapen\/co2-airguns\/pistoler-co2-airguns\/nxwerks-nx92-elite-tactical-desert-45mm-co2-luftpistole\/","title":{"rendered":"NxWerks NX92 Elite Tactical Desert 4.5mm Co2 Luftpistole"},"content":{"rendered":"<h1>NxWerks NX92 Elite Tactical Desert 4.5mm Co2 Luftpistole<\/h1>\n<h2>Realistische und leistungsstarke Luftpistole mit Blowback<\/h2>\n<p>Die Luftpistolen der Nx92-Serie im Beretta-Stil bieten ein kraftvolles Erlebnis mit 12g Co2-Kartuschen. Diese treiben die Luftpistole auf eine Geschwindigkeit von 300 FPS und eine Aufprallenergie von bis zu 2 Joule. NxWerks hat die Nx92-Serie mit viel Liebe zum Detail entwickelt, um die Funktionen so realistisch wie m\u00f6glich zu gestalten. Erleben Sie die Kraft und Pr\u00e4zision dieser detaillierten Luftpistole. Ideal f\u00fcr Zielschie\u00dfen und zum Sammeln. Ausgestattet mit Blowback-Funktion f\u00fcr ein authentisches Schie\u00dferlebnis. Kaufen Sie Ihre <a href=\"https:\/\/ak47.nu\/de\/butik\/\">NxWerks Luftpistole<\/a> noch heute!<\/p>\n<h3>Mitgeliefertes Zubeh\u00f6r:<\/h3>\n<ul>\n <li>NxWerks NX92 Elite Desert Co2 Blowback Pistole Kal. 4,5 mm BB<\/li>\n <li>Premium Hartschalenkoffer zur sicheren Aufbewahrung<\/li>\n <li>Speed Loader f\u00fcr schnelleres Nachladen<\/li>\n <li>Bedienungsanleitung f\u00fcr einfache Bedienung<\/li>\n<\/ul>\n<h3>Spezifikationen:<\/h3>\n<ul>\n <li><b>Kaliber:<\/b> .177 Cal 4,5 mm<\/li>\n <li><b>Munition:<\/b> Stahl BBs<\/li>\n <li><b>System:<\/b> Co2 Blowback, halbautomatisch<\/li>\n <li><b>Antrieb:<\/b> 12g Co2 Kartusche<\/li>\n <li><b>Magazin:<\/b> 20 Schuss<\/li>\n <li><b>Leistung:<\/b> max. 2 Joule, 300 FPS<\/li>\n <li><b>Lauf:<\/b> Metall, glatt, 105 mm<\/li>\n <li><b>Visier:<\/b> Kimme und Korn, fest<\/li>\n <li><b>Sicherheit:<\/b> Manuelle Sicherung, beidseitig<\/li>\n <li><b>Abzug:<\/b> Single Action, Double Action<\/li>\n <li><b>Schlittenmaterial:<\/b> Metall<\/li>\n <li><b>Geh\u00e4usematerial:<\/b> Metall<\/li>\n <li><b>L\u00e4nge:<\/b> 23 cm<\/li>\n <li><b>Gewicht:<\/b> 935g<\/li>\n <li><b>Farbe:<\/b> Desert<\/li>\n <li><b>Marke:<\/b> NxWerks Precision Arms<\/li>\n <li><b>Kunststoffgriff<\/b><\/li>\n <li><b>Schalld\u00e4mpfergewinde:<\/b> M14 x 1 links<\/li>\n <li><b>22 mm Picatinny-Schiene<\/b><\/li>\n <li><b>All-in-One Magazin<\/b><\/li>\n<\/ul>\n\n<p>Diese <a href=\"https:\/\/ak47.nu\/de\/luftvapen\/co2-airguns\/\">4,5-mm-Luftpistole<\/a> vereint Realismus mit Leistung. Mit Funktionen wie einem Schalld\u00e4mpfergewinde und einer Picatinny-Schiene k\u00f6nnen Sie Ihre Luftpistole an Ihre Bed\u00fcrfnisse anpassen. Besuchen Sie <a href=\"https:\/\/ak47.nu\/de\/\">unsere Website<\/a>, um unser gesamtes Sortiment zu sehen.<\/p>","protected":false},"excerpt":{"rendered":"<p>K\u00f6p den h\u00f6gpresterande NxWerks NX92 Elite Tactical Desert 4.5mm luftpistolen med Co2 p\u00e5 v\u00e5r webbplats. Utforska dess imponerande funktioner och \u00f6verl\u00e4gsna prestanda f\u00f6r att f\u00e5 en optimal skjutupplevelse.<\/p>","protected":false},"featured_media":55558,"template":"","meta":[],"product_brand":[],"product_cat":[431,375,432],"product_tag":[],"class_list":{"0":"post-55570","1":"product","2":"type-product","3":"status-publish","4":"has-post-thumbnail","6":"product_cat-co2-airguns","7":"product_cat-luftvapen","8":"product_cat-pistoler-co2-airguns","9":"pa_brand-nxwerks-precision-arms","10":"pa_farg-ljusbrun","12":"first","13":"outofstock","14":"sale","15":"taxable","16":"shipping-taxable","17":"purchasable","18":"product-type-simple"},"_links":{"self":[{"href":"http:\/\/ak47.nu\/de\/wp-json\/wp\/v2\/product\/55570","targetHints":{"allow":["GET"]}}],"collection":[{"href":"http:\/\/ak47.nu\/de\/wp-json\/wp\/v2\/product"}],"about":[{"href":"http:\/\/ak47.nu\/de\/wp-json\/wp\/v2\/types\/product"}],"wp:featuredmedia":[{"embeddable":true,"href":"http:\/\/ak47.nu\/de\/wp-json\/wp\/v2\/media\/55558"}],"wp:attachment":[{"href":"http:\/\/ak47.nu\/de\/wp-json\/wp\/v2\/media?parent=55570"}],"wp:term":[{"taxonomy":"product_brand","embeddable":true,"href":"http:\/\/ak47.nu\/de\/wp-json\/wp\/v2\/product_brand?post=55570"},{"taxonomy":"product_cat","embeddable":true,"href":"http:\/\/ak47.nu\/de\/wp-json\/wp\/v2\/product_cat?post=55570"},{"taxonomy":"product_tag","embeddable":true,"href":"http:\/\/ak47.nu\/de\/wp-json\/wp\/v2\/product_tag?post=55570"}],"curies":[{"name":"wp","href":"https:\/\/api.w.org\/{rel}","templated":true}]}}